{"id":26965,"date":"2023-06-26T02:37:59","date_gmt":"2023-06-26T02:37:59","guid":{"rendered":"http:\/\/audiocenter.cc\/fichiers-cao\/"},"modified":"2023-10-18T02:08:04","modified_gmt":"2023-10-18T02:08:04","slug":"fichiers-cao","status":"publish","type":"page","link":"https:\/\/test.audiocenter.net\/fr\/fichiers-cao\/","title":{"rendered":"Fichiers CAO"},"content":{"rendered":"\t\t<div data-elementor-type=\"wp-page\" data-elementor-id=\"26965\" class=\"elementor elementor-26965 elementor-13660\" data-elementor-post-type=\"page\">\n\t\t\t\t\t\t<section class=\"elementor-section elementor-top-section elementor-element elementor-element-c714208 elementor-section-height-min-height elementor-section-boxed elementor-section-height-default elementor-section-items-middle\" data-id=\"c714208\" data-element_type=\"section\" data-settings=\"{&quot;background_background&quot;:&quot;classic&quot;}\">\n\t\t\t\t\t\t\t<div class=\"elementor-background-overlay\"><\/div>\n\t\t\t\t\t\t\t<div class=\"elementor-container elementor-column-gap-default\">\n\t\t\t\t\t<div class=\"elementor-column elementor-col-100 elementor-top-column elementor-element elementor-element-00d5b04\" data-id=\"00d5b04\" data-element_type=\"column\">\n\t\t\t<div class=\"elementor-widget-wrap elementor-element-populated\">\n\t\t\t\t\t\t<div class=\"elementor-element elementor-element-11cd1ba elementor-widget elementor-widget-heading\" data-id=\"11cd1ba\" data-element_type=\"widget\" data-widget_type=\"heading.default\">\n\t\t\t\t<div class=\"elementor-widget-container\">\n\t\t\t<h1 class=\"elementor-heading-title elementor-size-default\">Fichiers CAO<\/h1>\t\t<\/div>\n\t\t\t\t<\/div>\n\t\t\t\t<div class=\"elementor-element elementor-element-1eef441 elementor-widget elementor-widget-spacer\" data-id=\"1eef441\" data-element_type=\"widget\" data-widget_type=\"spacer.default\">\n\t\t\t\t<div class=\"elementor-widget-container\">\n\t\t\t\t\t<div class=\"elementor-spacer\">\n\t\t\t<div class=\"elementor-spacer-inner\"><\/div>\n\t\t<\/div>\n\t\t\t\t<\/div>\n\t\t\t\t<\/div>\n\t\t\t\t<div class=\"elementor-element elementor-element-082cf60 elementor-widget elementor-widget-heading\" data-id=\"082cf60\" data-element_type=\"widget\" data-widget_type=\"heading.default\">\n\t\t\t\t<div class=\"elementor-widget-container\">\n\t\t\t<h3 class=\"elementor-heading-title elementor-size-default\">Ressources utiles<\/h3>\t\t<\/div>\n\t\t\t\t<\/div>\n\t\t\t\t\t<\/div>\n\t\t<\/div>\n\t\t\t\t\t<\/div>\n\t\t<\/section>\n\t\t\t\t<section class=\"elementor-section elementor-top-section elementor-element elementor-element-9b1a76d elementor-section-boxed elementor-section-height-default elementor-section-height-default\" data-id=\"9b1a76d\" data-element_type=\"section\">\n\t\t\t\t\t\t<div class=\"elementor-container elementor-column-gap-default\">\n\t\t\t\t\t<div class=\"elementor-column elementor-col-100 elementor-top-column elementor-element elementor-element-d79714d\" data-id=\"d79714d\" data-element_type=\"column\">\n\t\t\t<div class=\"elementor-widget-wrap elementor-element-populated\">\n\t\t\t\t\t\t<div class=\"elementor-element elementor-element-f0bb5d7 elementor-widget elementor-widget-text-editor\" data-id=\"f0bb5d7\" data-element_type=\"widget\" data-widget_type=\"text-editor.default\">\n\t\t\t\t<div class=\"elementor-widget-container\">\n\t\t\t\t\t\t\t<p>Nous attendons avec impatience les mises \u00e0 jour.<\/p>\n\t\t\t\t\t\t<\/div>\n\t\t\t\t<\/div>\n\t\t\t\t\t<\/div>\n\t\t<\/div>\n\t\t\t\t\t<\/div>\n\t\t<\/section>\n\t\t\t\t<section class=\"elementor-section elementor-top-section elementor-element elementor-element-25220ae elementor-section-boxed elementor-section-height-default elementor-section-height-default\" data-id=\"25220ae\" data-element_type=\"section\">\n\t\t\t\t\t\t<div class=\"elementor-container elementor-column-gap-default\">\n\t\t\t\t\t<div class=\"elementor-column elementor-col-100 elementor-top-column elementor-element elementor-element-4995341\" data-id=\"4995341\" data-element_type=\"column\">\n\t\t\t<div class=\"elementor-widget-wrap elementor-element-populated\">\n\t\t\t\t\t\t<div class=\"elementor-element elementor-element-be4033a elementor-tabs-view-horizontal elementor-widget elementor-widget-tabs\" data-id=\"be4033a\" data-element_type=\"widget\" data-widget_type=\"tabs.default\">\n\t\t\t\t<div class=\"elementor-widget-container\">\n\t\t\t\t\t<div class=\"elementor-tabs\">\n\t\t\t<div class=\"elementor-tabs-wrapper\" role=\"tablist\" >\n\t\t\t\t\t\t\t\t\t<div id=\"elementor-tab-title-1991\" class=\"elementor-tab-title elementor-tab-desktop-title\" aria-selected=\"true\" data-tab=\"1\" role=\"tab\" tabindex=\"0\" aria-controls=\"elementor-tab-content-1991\" aria-expanded=\"false\">R\u00e9seau de lignes<\/div>\n\t\t\t\t\t\t\t\t\t<div id=\"elementor-tab-title-1992\" class=\"elementor-tab-title elementor-tab-desktop-title\" aria-selected=\"false\" data-tab=\"2\" role=\"tab\" tabindex=\"-1\" aria-controls=\"elementor-tab-content-1992\" aria-expanded=\"false\">Conf\u00e9rencier<\/div>\n\t\t\t\t\t\t\t\t\t<div id=\"elementor-tab-title-1993\" class=\"elementor-tab-title elementor-tab-desktop-title\" aria-selected=\"false\" data-tab=\"3\" role=\"tab\" tabindex=\"-1\" aria-controls=\"elementor-tab-content-1993\" aria-expanded=\"false\">Source ponctuelle<\/div>\n\t\t\t\t\t\t\t\t\t<div id=\"elementor-tab-title-1994\" class=\"elementor-tab-title elementor-tab-desktop-title\" aria-selected=\"false\" data-tab=\"4\" role=\"tab\" tabindex=\"-1\" aria-controls=\"elementor-tab-content-1994\" aria-expanded=\"false\">Moniteur \u00e0 coin<\/div>\n\t\t\t\t\t\t\t\t\t<div id=\"elementor-tab-title-1995\" class=\"elementor-tab-title elementor-tab-desktop-title\" aria-selected=\"false\" data-tab=\"5\" role=\"tab\" tabindex=\"-1\" aria-controls=\"elementor-tab-content-1995\" aria-expanded=\"false\">Caisson de basse<\/div>\n\t\t\t\t\t\t\t<\/div>\n\t\t\t<div class=\"elementor-tabs-content-wrapper\" role=\"tablist\" aria-orientation=\"vertical\">\n\t\t\t\t\t\t\t\t\t<div class=\"elementor-tab-title elementor-tab-mobile-title\" aria-selected=\"true\" data-tab=\"1\" role=\"tab\" tabindex=\"0\" aria-controls=\"elementor-tab-content-1991\" aria-expanded=\"false\">R\u00e9seau de lignes<\/div>\n\t\t\t\t\t<div id=\"elementor-tab-content-1991\" class=\"elementor-tab-content elementor-clearfix\" data-tab=\"1\" role=\"tabpanel\" aria-labelledby=\"elementor-tab-title-1991\" tabindex=\"0\" hidden=\"false\"><table width=\"650\">\n<tbody>\n<tr>\n<td width=\"340\">\n<p><strong>Haut-parleur actif<\/strong><\/p>\n<\/td>\n<td width=\"304\">\n<p><strong>Haut-parleur passif<\/strong><\/p>\n<\/td>\n<\/tr>\n<tr>\n<td width=\"340\">\n<p><a href=\"\/wp-content\/uploads\/2023\/09\/AVANDA212A.zip\">AVANDA 212A Fichiers CAD<\/a><\/p>\n<\/td>\n<td width=\"304\">\n<p><a href=\"\/wp-content\/uploads\/2023\/09\/Artist-T8.zip\">Fichiers CAD de l&#8217;artiste T8<\/a><\/p>\n<\/td>\n<\/tr>\n<tr>\n<td width=\"340\">\n<p><a href=\"\/wp-content\/uploads\/2023\/09\/AVANDA210A.zip\">AVANDA 210A Fichiers CAD<\/a><\/p>\n<\/td>\n<td width=\"304\">\n<p><a href=\"\/wp-content\/uploads\/2023\/09\/T4L.zip\">Fichiers CAD de l&#8217;artiste T4L<\/a><\/p>\n<\/td>\n<\/tr>\n<tr>\n<td width=\"340\">\n<p><a href=\"\/wp-content\/uploads\/2023\/09\/K-LA212-DSP.zip\">K-LA212-DSP Fichiers CAD<\/a><\/p>\n<\/td>\n<td width=\"304\">\n<p><a href=\"\/wp-content\/uploads\/2023\/09\/BUTTERFLY-4pro.zip\">Fichiers CAO de Butterfly 4pro<\/a><\/p>\n<\/td>\n<\/tr>\n<tr>\n<td width=\"340\">\n<p><a href=\"\/wp-content\/uploads\/2023\/09\/K-LA210-DSP.zip\">K-LA210-DSP Fichiers CAD<\/a><\/p>\n<\/td>\n<td width=\"304\">\n<p><a href=\"\/wp-content\/uploads\/2023\/09\/BUTTERFLY-4ca.zip\">Fichiers CAD Butterfly 4ca<\/a><\/p>\n<\/td>\n<\/tr>\n<tr>\n<td width=\"340\">\n<p><a href=\"\/wp-content\/uploads\/2023\/09\/K-LA28-DSP.zip\">K-LA28-DSP Fichiers CAD<\/a><\/p>\n<\/td>\n<td width=\"304\">\n<p><a href=\"\/wp-content\/uploads\/2023\/09\/K-LA28.zip\">K-LA28 Fichiers CAD<\/a><\/p>\n<\/td>\n<\/tr>\n<tr>\n<td width=\"340\">\n<p><a href=\"\/wp-content\/uploads\/2023\/09\/K-LA12A.zip\">Fichiers CAO du produit K-LA12A<\/a><\/p>\n<\/td>\n<td width=\"304\">\n<p><a href=\"\/wp-content\/uploads\/2023\/09\/K-LA210.zip\">K-LA210 Fichiers CAD<\/a><\/p>\n<\/td>\n<\/tr>\n<tr>\n<td width=\"340\">\n<p><a href=\"\/wp-content\/uploads\/2023\/09\/T45-DSP.zip\">Fichiers CAD de l&#8217;artiste T45-DSP<\/a><\/p>\n<\/td>\n<td width=\"304\">\n<\/td>\n<\/tr>\n<tr>\n<td width=\"340\">\n<\/td>\n<td width=\"304\"> <\/td>\n<\/tr>\n<tr>\n<td width=\"340\">\n<\/td>\n<td width=\"304\"> <\/td>\n<\/tr>\n<\/tbody>\n<\/table>\n<\/div>\n\t\t\t\t\t\t\t\t\t<div class=\"elementor-tab-title elementor-tab-mobile-title\" aria-selected=\"false\" data-tab=\"2\" role=\"tab\" tabindex=\"-1\" aria-controls=\"elementor-tab-content-1992\" aria-expanded=\"false\">Conf\u00e9rencier<\/div>\n\t\t\t\t\t<div id=\"elementor-tab-content-1992\" class=\"elementor-tab-content elementor-clearfix\" data-tab=\"2\" role=\"tabpanel\" aria-labelledby=\"elementor-tab-title-1992\" tabindex=\"0\" hidden=\"hidden\"><table width=\"650\">\n<tbody>\n<tr>\n<td width=\"340\">\n<p><strong>Haut-parleur actif<\/strong><\/p>\n<\/td>\n<td width=\"304\">\n<p><strong>Haut-parleur passif<\/strong><\/p>\n<\/td>\n<\/tr>\n<tr>\n<td width=\"340\">\n<p><a href=\"\/wp-content\/uploads\/2023\/09\/L83-MK2L83S-MK2.zip\">L83 MK2 +L83S MK2 Active Column System Fichiers CAD<\/a><\/p>\n<\/td>\n<td width=\"304\">\n<p><a href=\"\/wp-content\/uploads\/2023\/09\/Artist-T43.zip\">Fichiers CAD de l&#8217;artiste T43<\/a><\/p>\n<\/td>\n<\/tr>\n<tr>\n<td width=\"340\">\n<p><a href=\"\/wp-content\/uploads\/2023\/09\/L65-MK2L65S-MK2.zip\">L65 MK2 +L65S MK2 Active Column System Fichiers CAD<\/a><\/p>\n<\/td>\n<td width=\"304\">\n<p><a href=\"\/wp-content\/uploads\/2023\/09\/Artist-T83.zip\">Fichiers CAD de l&#8217;artiste T83<\/a><\/p>\n<\/td>\n<\/tr>\n<tr>\n<td width=\"340\">\n<\/td>\n<td width=\"304\">\n<p><a href=\"\/wp-content\/uploads\/2023\/09\/Artist-T65.zip\">Fichiers CAD de l&#8217;artiste T65<\/a><\/p>\n<\/td>\n<\/tr>\n<\/tbody>\n<\/table>\n<\/div>\n\t\t\t\t\t\t\t\t\t<div class=\"elementor-tab-title elementor-tab-mobile-title\" aria-selected=\"false\" data-tab=\"3\" role=\"tab\" tabindex=\"-1\" aria-controls=\"elementor-tab-content-1993\" aria-expanded=\"false\">Source ponctuelle<\/div>\n\t\t\t\t\t<div id=\"elementor-tab-content-1993\" class=\"elementor-tab-content elementor-clearfix\" data-tab=\"3\" role=\"tabpanel\" aria-labelledby=\"elementor-tab-title-1993\" tabindex=\"0\" hidden=\"hidden\"><table width=\"650\">\n<tbody>\n<tr>\n<td width=\"340\">\n<p><strong>Haut-parleur actif<\/strong><\/p>\n<\/td>\n<td width=\"304\">\n<p><strong>Haut-parleur passif<\/strong><\/p>\n<\/td>\n<\/tr>\n<tr>\n<td width=\"340\">\n<p><a href=\"\/wp-content\/uploads\/2023\/09\/GT515A.zip\">GT515A Fichiers CAD<\/a><\/p>\n<\/td>\n<td width=\"304\">\n<p><a href=\"\/wp-content\/uploads\/2023\/09\/Artist-T4.zip\">Fichiers CAD de l&#8217;artiste T4<\/a><\/p>\n<\/td>\n<\/tr>\n<tr>\n<td width=\"340\">\n<p><a href=\"\/wp-content\/uploads\/2023\/09\/GT512A.zip\">GT512A Fichiers CAO<\/a><\/p>\n<\/td>\n<td width=\"304\">\n<p><a href=\"\/wp-content\/uploads\/2023\/09\/Artist-T3.zip\">Fichiers CAD de l&#8217;artiste T3<\/a><\/p>\n<\/td>\n<\/tr>\n<tr>\n<td width=\"340\">\n<p><a href=\"\/wp-content\/uploads\/2023\/09\/GT510A.zip\">GT510A Fichiers CAO<\/a><\/p>\n<\/td>\n<td width=\"304\">\n<p><a href=\"\/wp-content\/uploads\/2023\/09\/GT515P.zip\">GT515P Fichiers CAO<\/a><\/p>\n<\/td>\n<\/tr>\n<tr>\n<td width=\"340\">\n<p><a href=\"\/wp-content\/uploads\/2023\/09\/GT508A.zip\">GT508A Fichiers CAO<\/a><\/p>\n<\/td>\n<td width=\"304\">\n<p><a href=\"\/wp-content\/uploads\/2023\/09\/GT512P.zip\">GT512P Fichiers CAO<\/a><\/p>\n<\/td>\n<\/tr>\n<tr>\n<td width=\"340\">\n<p><a href=\"\/wp-content\/uploads\/2023\/09\/EA515.zip\">EA515 Fichiers CAD<\/a><\/p>\n<\/td>\n<td width=\"304\">\n<p><a href=\"\/wp-content\/uploads\/2023\/09\/GT510P.zip\">GT510P Fichiers CAD<\/a><\/p>\n<\/td>\n<\/tr>\n<tr>\n<td width=\"340\">\n<p><a href=\"\/wp-content\/uploads\/2023\/09\/EA512.zip\">EA512 Fichiers CAO<\/a><\/p>\n<\/td>\n<td width=\"304\">\n<p><a href=\"\/wp-content\/uploads\/2023\/09\/GT508P.zip\">GT508P Fichiers CAO<\/a><\/p>\n<\/td>\n<\/tr>\n<tr>\n<td width=\"340\">\n<p><a href=\"\/wp-content\/uploads\/2023\/09\/SA315.zip\">SA315 Fichiers CAD<\/a><\/p>\n<\/td>\n<td width=\"304\">\n<p><a href=\"\/wp-content\/uploads\/2023\/09\/PF15MKII.zip\">Fichiers CAO PF15+ MKII<\/a><\/p>\n<\/td>\n<\/tr>\n<tr>\n<td width=\"340\">\n<p><a href=\"\/wp-content\/uploads\/2023\/09\/SA312.zip\">SA312 Fichiers CAD<\/a><\/p>\n<\/td>\n<td width=\"304\">\n<p><a href=\"\/wp-content\/uploads\/2023\/09\/PF12MKII.zip\">Fichiers CAO PF12+ MKII<\/a><\/p>\n<\/td>\n<\/tr>\n<tr>\n<td width=\"340\">\n<p><a href=\"\/wp-content\/uploads\/2023\/09\/SA310.zip\">SA310 Fichiers CAO<\/a><\/p>\n<\/td>\n<td width=\"304\">\n<p><a href=\"\/wp-content\/uploads\/2023\/09\/PF10MKII.zip\">Fichiers CAO PF10+ MKII<\/a><\/p>\n<\/td>\n<\/tr>\n<tr>\n<td width=\"340\">\n<p><a href=\"\/wp-content\/uploads\/2023\/09\/MA15.zip\">Fichiers CAO MA15<\/a><\/p>\n<\/td>\n<td width=\"304\">\n<p><a href=\"\/wp-content\/uploads\/2023\/09\/PF8MKII.zip\">Fichiers CAO PF8+ MKII<\/a><\/p>\n<\/td>\n<\/tr>\n<tr>\n<td width=\"340\">\n<p><a href=\"\/wp-content\/uploads\/2023\/09\/MA12.zip\">Fichiers CAO MA12<\/a><\/p>\n<\/td>\n<td width=\"304\">\n<\/td>\n<\/tr>\n<tr>\n<td width=\"340\">\n<\/td>\n<td width=\"304\">\n<p><strong> <\/strong><\/p>\n<\/td>\n<\/tr>\n<tr>\n<td width=\"340\">\n<\/td>\n<td width=\"304\">\n<p><strong> <\/strong><\/p>\n<\/td>\n<\/tr>\n<tr>\n<td width=\"340\">\n<\/td>\n<td width=\"304\">\n<p><strong> <\/strong><\/p>\n<\/td>\n<\/tr>\n<tr>\n<td width=\"340\">\n<\/td>\n<td width=\"304\">\n<p><strong> <\/strong><\/p>\n<\/td>\n<\/tr>\n<\/tbody>\n<\/table>\n<\/div>\n\t\t\t\t\t\t\t\t\t<div class=\"elementor-tab-title elementor-tab-mobile-title\" aria-selected=\"false\" data-tab=\"4\" role=\"tab\" tabindex=\"-1\" aria-controls=\"elementor-tab-content-1994\" aria-expanded=\"false\">Moniteur \u00e0 coin<\/div>\n\t\t\t\t\t<div id=\"elementor-tab-content-1994\" class=\"elementor-tab-content elementor-clearfix\" data-tab=\"4\" role=\"tabpanel\" aria-labelledby=\"elementor-tab-title-1994\" tabindex=\"0\" hidden=\"hidden\"><ul>\n<li><a href=\"\/wp-content\/uploads\/2023\/09\/WM210-DSP.zip\">WM210-DSP Fichiers CAO<\/a><\/li>\n<li><a href=\"\/wp-content\/uploads\/2023\/09\/WM3210A.zip\">Fichiers CAO WM3210A<\/a><\/li>\n<\/ul>\n<\/div>\n\t\t\t\t\t\t\t\t\t<div class=\"elementor-tab-title elementor-tab-mobile-title\" aria-selected=\"false\" data-tab=\"5\" role=\"tab\" tabindex=\"-1\" aria-controls=\"elementor-tab-content-1995\" aria-expanded=\"false\">Caisson de basse<\/div>\n\t\t\t\t\t<div id=\"elementor-tab-content-1995\" class=\"elementor-tab-content elementor-clearfix\" data-tab=\"5\" role=\"tabpanel\" aria-labelledby=\"elementor-tab-title-1995\" tabindex=\"0\" hidden=\"hidden\"><table width=\"650\">\n<tbody>\n<tr>\n<td width=\"340\">\n<p><strong>Haut-parleur actif<\/strong><\/p>\n<\/td>\n<td width=\"304\">\n<p><strong>Haut-parleur passif<\/strong><\/p>\n<\/td>\n<\/tr>\n<tr>\n<td width=\"340\">\n<p><a href=\"\/wp-content\/uploads\/2023\/09\/K-LA218-DSP.zip\">K-LA218-DSP Fichiers CAD<\/a><\/p>\n<\/td>\n<td width=\"304\">\n<p><a href=\"\/wp-content\/uploads\/2023\/09\/TW15.zip\">Fichiers CAO de l&#8217;artiste TW15<\/a><\/p>\n<\/td>\n<\/tr>\n<tr>\n<td width=\"340\">\n<p><a href=\"\/wp-content\/uploads\/2023\/09\/K-LA118-DSP.zip\">K-LA118-DSP Fichiers CAD<\/a><\/p>\n<\/td>\n<td width=\"304\">\n<p><a href=\"\/wp-content\/uploads\/2023\/09\/Artist-TW8.zip\">Fichiers CAD de l&#8217;artiste TW8<\/a><\/p>\n<\/td>\n<\/tr>\n<tr>\n<td width=\"340\">\n<p><a href=\"\/wp-content\/uploads\/2023\/09\/T115S-DSP.zip\">Fichiers CAD de l&#8217;Artist T115S-DSP<\/a><\/p>\n<\/td>\n<td width=\"304\"><a href=\"\/wp-content\/uploads\/2023\/09\/K-LA218.zip\">K-LA218 Fichiers CAD<\/a><\/td>\n<\/tr>\n<tr>\n<td width=\"340\">\n<p><a href=\"\/wp-content\/uploads\/2023\/09\/EA5118.zip\">EA5118 Fichiers CAD<\/a><\/p>\n<\/td>\n<td width=\"304\"><a href=\"\/wp-content\/uploads\/2023\/09\/K-LA118.zip\">K-LA118 Fichiers CAD<\/a><\/td>\n<\/tr>\n<tr>\n<td width=\"340\">\n<p><a href=\"\/wp-content\/uploads\/2023\/09\/S3218A.zip\">SA3218 Fichiers CAD<\/a><\/p>\n<\/td>\n<td width=\"304\"> <\/td>\n<\/tr>\n<tr>\n<td width=\"340\">\n<p><a href=\"\/wp-content\/uploads\/2023\/09\/SA3118.zip\">SA3118 Fichiers CAD<\/a><\/p>\n<\/td>\n<td width=\"304\"> <\/td>\n<\/tr>\n<tr>\n<td width=\"340\">\n<p><a href=\"\/wp-content\/uploads\/2023\/09\/S3118A.zip\">Fichiers CAO S3118A<\/a><\/p>\n<\/td>\n<td width=\"304\"> <\/td>\n<\/tr>\n<\/tbody>\n<\/table>\n<\/div>\n\t\t\t\t\t\t\t<\/div>\n\t\t<\/div>\n\t\t\t\t<\/div>\n\t\t\t\t<\/div>\n\t\t\t\t\t<\/div>\n\t\t<\/div>\n\t\t\t\t\t<\/div>\n\t\t<\/section>\n\t\t\t\t<\/div>\n\t\t","protected":false},"excerpt":{"rendered":"<p>Fichiers CAO Ressources utiles Nous attendons avec impatience les mises \u00e0 jour. R\u00e9seau de lignes Conf\u00e9rencier Source ponctuelle Moniteur \u00e0 coin Caisson de basse R\u00e9seau de lignes Haut-parleur actif Haut-parleur passif AVANDA 212A Fichiers CAD Fichiers CAD de l&#8217;artiste T8 AVANDA 210A Fichiers CAD Fichiers CAD de l&#8217;artiste T4L K-LA212-DSP Fichiers CAD Fichiers CAO de&hellip;<\/p>\n","protected":false},"author":1,"featured_media":0,"parent":0,"menu_order":0,"comment_status":"closed","ping_status":"closed","template":"elementor_header_footer","meta":{"footnotes":""},"class_list":["post-26965","page","type-page","status-publish","hentry"],"_links":{"self":[{"href":"https:\/\/test.audiocenter.net\/fr\/wp-json\/wp\/v2\/pages\/26965","targetHints":{"allow":["GET"]}}],"collection":[{"href":"https:\/\/test.audiocenter.net\/fr\/wp-json\/wp\/v2\/pages"}],"about":[{"href":"https:\/\/test.audiocenter.net\/fr\/wp-json\/wp\/v2\/types\/page"}],"author":[{"embeddable":true,"href":"https:\/\/test.audiocenter.net\/fr\/wp-json\/wp\/v2\/users\/1"}],"replies":[{"embeddable":true,"href":"https:\/\/test.audiocenter.net\/fr\/wp-json\/wp\/v2\/comments?post=26965"}],"version-history":[{"count":3,"href":"https:\/\/test.audiocenter.net\/fr\/wp-json\/wp\/v2\/pages\/26965\/revisions"}],"predecessor-version":[{"id":31698,"href":"https:\/\/test.audiocenter.net\/fr\/wp-json\/wp\/v2\/pages\/26965\/revisions\/31698"}],"wp:attachment":[{"href":"https:\/\/test.audiocenter.net\/fr\/wp-json\/wp\/v2\/media?parent=26965"}],"curies":[{"name":"wp","href":"https:\/\/api.w.org\/{rel}","templated":true}]}}