{"id":27217,"date":"2023-06-26T02:45:56","date_gmt":"2023-06-26T02:45:56","guid":{"rendered":"http:\/\/audiocenter.cc\/imagenes-del-producto\/"},"modified":"2024-01-10T03:59:03","modified_gmt":"2024-01-10T03:59:03","slug":"imagenes-del-producto","status":"publish","type":"page","link":"https:\/\/test.audiocenter.net\/es\/imagenes-del-producto\/","title":{"rendered":"Im\u00e1genes del producto"},"content":{"rendered":"\t\t<div data-elementor-type=\"wp-page\" data-elementor-id=\"27217\" class=\"elementor elementor-27217 elementor-13677\" data-elementor-post-type=\"page\">\n\t\t\t\t\t\t<section class=\"elementor-section elementor-top-section elementor-element elementor-element-4edcff1 elementor-section-height-min-height elementor-section-boxed elementor-section-height-default elementor-section-items-middle\" data-id=\"4edcff1\" data-element_type=\"section\" data-settings=\"{&quot;background_background&quot;:&quot;classic&quot;}\">\n\t\t\t\t\t\t\t<div class=\"elementor-background-overlay\"><\/div>\n\t\t\t\t\t\t\t<div class=\"elementor-container elementor-column-gap-default\">\n\t\t\t\t\t<div class=\"elementor-column elementor-col-100 elementor-top-column elementor-element elementor-element-83d27c6\" data-id=\"83d27c6\" data-element_type=\"column\">\n\t\t\t<div class=\"elementor-widget-wrap elementor-element-populated\">\n\t\t\t\t\t\t<div class=\"elementor-element elementor-element-ddcba82 elementor-widget elementor-widget-heading\" data-id=\"ddcba82\" data-element_type=\"widget\" data-widget_type=\"heading.default\">\n\t\t\t\t<div class=\"elementor-widget-container\">\n\t\t\t<h1 class=\"elementor-heading-title elementor-size-default\">Im\u00e1genes del producto<\/h1>\t\t<\/div>\n\t\t\t\t<\/div>\n\t\t\t\t<div class=\"elementor-element elementor-element-2537dcf elementor-widget elementor-widget-spacer\" data-id=\"2537dcf\" data-element_type=\"widget\" data-widget_type=\"spacer.default\">\n\t\t\t\t<div class=\"elementor-widget-container\">\n\t\t\t\t\t<div class=\"elementor-spacer\">\n\t\t\t<div class=\"elementor-spacer-inner\"><\/div>\n\t\t<\/div>\n\t\t\t\t<\/div>\n\t\t\t\t<\/div>\n\t\t\t\t<div class=\"elementor-element elementor-element-4f6ff16 elementor-widget elementor-widget-heading\" data-id=\"4f6ff16\" data-element_type=\"widget\" data-widget_type=\"heading.default\">\n\t\t\t\t<div class=\"elementor-widget-container\">\n\t\t\t<h3 class=\"elementor-heading-title elementor-size-default\">Recursos \u00fatiles<\/h3>\t\t<\/div>\n\t\t\t\t<\/div>\n\t\t\t\t\t<\/div>\n\t\t<\/div>\n\t\t\t\t\t<\/div>\n\t\t<\/section>\n\t\t\t\t<section class=\"elementor-section elementor-top-section elementor-element elementor-element-9c1fa41 elementor-section-boxed elementor-section-height-default elementor-section-height-default\" data-id=\"9c1fa41\" data-element_type=\"section\">\n\t\t\t\t\t\t<div class=\"elementor-container elementor-column-gap-default\">\n\t\t\t\t\t<div class=\"elementor-column elementor-col-100 elementor-top-column elementor-element elementor-element-6cc2dc5\" data-id=\"6cc2dc5\" data-element_type=\"column\">\n\t\t\t<div class=\"elementor-widget-wrap elementor-element-populated\">\n\t\t\t\t\t\t<div class=\"elementor-element elementor-element-3aea7e4 elementor-widget elementor-widget-text-editor\" data-id=\"3aea7e4\" data-element_type=\"widget\" data-widget_type=\"text-editor.default\">\n\t\t\t\t<div class=\"elementor-widget-container\">\n\t\t\t\t\t\t\t<p>Est\u00e9 atento a las actualizaciones.<\/p>\n\t\t\t\t\t\t<\/div>\n\t\t\t\t<\/div>\n\t\t\t\t\t<\/div>\n\t\t<\/div>\n\t\t\t\t\t<\/div>\n\t\t<\/section>\n\t\t\t\t<section class=\"elementor-section elementor-top-section elementor-element elementor-element-dfdd546 elementor-section-boxed elementor-section-height-default elementor-section-height-default\" data-id=\"dfdd546\" data-element_type=\"section\">\n\t\t\t\t\t\t<div class=\"elementor-container elementor-column-gap-default\">\n\t\t\t\t\t<div class=\"elementor-column elementor-col-100 elementor-top-column elementor-element elementor-element-b8df4f6\" data-id=\"b8df4f6\" data-element_type=\"column\">\n\t\t\t<div class=\"elementor-widget-wrap elementor-element-populated\">\n\t\t\t\t\t\t<div class=\"elementor-element elementor-element-a48c00d elementor-tabs-view-horizontal elementor-widget elementor-widget-tabs\" data-id=\"a48c00d\" data-element_type=\"widget\" data-widget_type=\"tabs.default\">\n\t\t\t\t<div class=\"elementor-widget-container\">\n\t\t\t\t\t<div class=\"elementor-tabs\">\n\t\t\t<div class=\"elementor-tabs-wrapper\" role=\"tablist\" >\n\t\t\t\t\t\t\t\t\t<div id=\"elementor-tab-title-1721\" class=\"elementor-tab-title elementor-tab-desktop-title\" aria-selected=\"true\" data-tab=\"1\" role=\"tab\" tabindex=\"0\" aria-controls=\"elementor-tab-content-1721\" aria-expanded=\"false\">Altavoces activos<\/div>\n\t\t\t\t\t\t\t\t\t<div id=\"elementor-tab-title-1722\" class=\"elementor-tab-title elementor-tab-desktop-title\" aria-selected=\"false\" data-tab=\"2\" role=\"tab\" tabindex=\"-1\" aria-controls=\"elementor-tab-content-1722\" aria-expanded=\"false\">Altavoz pasivo<\/div>\n\t\t\t\t\t\t\t\t\t<div id=\"elementor-tab-title-1723\" class=\"elementor-tab-title elementor-tab-desktop-title\" aria-selected=\"false\" data-tab=\"3\" role=\"tab\" tabindex=\"-1\" aria-controls=\"elementor-tab-content-1723\" aria-expanded=\"false\">Amplificador<\/div>\n\t\t\t\t\t\t\t\t\t<div id=\"elementor-tab-title-1724\" class=\"elementor-tab-title elementor-tab-desktop-title\" aria-selected=\"false\" data-tab=\"4\" role=\"tab\" tabindex=\"-1\" aria-controls=\"elementor-tab-content-1724\" aria-expanded=\"false\">Audio matrix &amp; Processor<\/div>\n\t\t\t\t\t\t\t\t\t<div id=\"elementor-tab-title-1725\" class=\"elementor-tab-title elementor-tab-desktop-title\" aria-selected=\"false\" data-tab=\"5\" role=\"tab\" tabindex=\"-1\" aria-controls=\"elementor-tab-content-1725\" aria-expanded=\"false\">Soluci\u00f3n de sistema de audio comercial<\/div>\n\t\t\t\t\t\t\t<\/div>\n\t\t\t<div class=\"elementor-tabs-content-wrapper\" role=\"tablist\" aria-orientation=\"vertical\">\n\t\t\t\t\t\t\t\t\t<div class=\"elementor-tab-title elementor-tab-mobile-title\" aria-selected=\"true\" data-tab=\"1\" role=\"tab\" tabindex=\"0\" aria-controls=\"elementor-tab-content-1721\" aria-expanded=\"false\">Altavoces activos<\/div>\n\t\t\t\t\t<div id=\"elementor-tab-content-1721\" class=\"elementor-tab-content elementor-clearfix\" data-tab=\"1\" role=\"tabpanel\" aria-labelledby=\"elementor-tab-title-1721\" tabindex=\"0\" hidden=\"false\"><ul>\n<li>Serie AVANDA<\/li>\n<li>Serie K-LA-DSP<\/li>\n<li>K-LA12A<\/li>\n<li>Artist T45-DSP<\/li>\n<li>L MK2 Series Active Column System<\/li>\n<li>Serie GT Active<\/li>\n<li>Serie EA5<\/li>\n<li>Serie SA3<\/li>\n<li>Serie MA<\/li>\n<li>WM210-DSP<\/li>\n<li>WM3210A<\/li>\n<li>S3118A<\/li>\n<\/ul>\n<\/div>\n\t\t\t\t\t\t\t\t\t<div class=\"elementor-tab-title elementor-tab-mobile-title\" aria-selected=\"false\" data-tab=\"2\" role=\"tab\" tabindex=\"-1\" aria-controls=\"elementor-tab-content-1722\" aria-expanded=\"false\">Altavoz pasivo<\/div>\n\t\t\t\t\t<div id=\"elementor-tab-content-1722\" class=\"elementor-tab-content elementor-clearfix\" data-tab=\"2\" role=\"tabpanel\" aria-labelledby=\"elementor-tab-title-1722\" tabindex=\"0\" hidden=\"hidden\"><ul>\n<li>Serie K-LA<\/li>\n<li>Serie pasiva GT<\/li>\n<li>PF+ MKII Series<\/li>\n<\/ul>\n<\/div>\n\t\t\t\t\t\t\t\t\t<div class=\"elementor-tab-title elementor-tab-mobile-title\" aria-selected=\"false\" data-tab=\"3\" role=\"tab\" tabindex=\"-1\" aria-controls=\"elementor-tab-content-1723\" aria-expanded=\"false\">Amplificador<\/div>\n\t\t\t\t\t<div id=\"elementor-tab-content-1723\" class=\"elementor-tab-content elementor-clearfix\" data-tab=\"3\" role=\"tabpanel\" aria-labelledby=\"elementor-tab-title-1723\" tabindex=\"0\" hidden=\"hidden\"><ul>\n<li>Serie PRO<\/li>\n<\/ul>\n<\/div>\n\t\t\t\t\t\t\t\t\t<div class=\"elementor-tab-title elementor-tab-mobile-title\" aria-selected=\"false\" data-tab=\"4\" role=\"tab\" tabindex=\"-1\" aria-controls=\"elementor-tab-content-1724\" aria-expanded=\"false\">Audio matrix &amp; Processor<\/div>\n\t\t\t\t\t<div id=\"elementor-tab-content-1724\" class=\"elementor-tab-content elementor-clearfix\" data-tab=\"4\" role=\"tabpanel\" aria-labelledby=\"elementor-tab-title-1724\" tabindex=\"0\" hidden=\"hidden\"><ul>\n<li>Artist T88D\/T88<\/li>\n<li>BrainCore CU <\/li>\n<\/ul>\n<\/div>\n\t\t\t\t\t\t\t\t\t<div class=\"elementor-tab-title elementor-tab-mobile-title\" aria-selected=\"false\" data-tab=\"5\" role=\"tab\" tabindex=\"-1\" aria-controls=\"elementor-tab-content-1725\" aria-expanded=\"false\">Soluci\u00f3n de sistema de audio comercial<\/div>\n\t\t\t\t\t<div id=\"elementor-tab-content-1725\" class=\"elementor-tab-content elementor-clearfix\" data-tab=\"5\" role=\"tabpanel\" aria-labelledby=\"elementor-tab-title-1725\" tabindex=\"0\" hidden=\"hidden\"><ul>\n<li>Soluci\u00f3n de sistema de audio comercial para Artist<\/li>\n<\/ul>\n<\/div>\n\t\t\t\t\t\t\t<\/div>\n\t\t<\/div>\n\t\t\t\t<\/div>\n\t\t\t\t<\/div>\n\t\t\t\t\t<\/div>\n\t\t<\/div>\n\t\t\t\t\t<\/div>\n\t\t<\/section>\n\t\t\t\t<\/div>\n\t\t","protected":false},"excerpt":{"rendered":"<p>Im\u00e1genes del producto Recursos \u00fatiles Est\u00e9 atento a las actualizaciones. Altavoces activos Altavoz pasivo Amplificador Audio matrix &amp; Processor Soluci\u00f3n de sistema de audio comercial Altavoces activos Serie AVANDA Serie K-LA-DSP K-LA12A Artist T45-DSP L MK2 Series Active Column System Serie GT Active Serie EA5 Serie SA3 Serie MA WM210-DSP WM3210A S3118A Altavoz pasivo Serie&hellip;<\/p>\n","protected":false},"author":1,"featured_media":0,"parent":0,"menu_order":0,"comment_status":"closed","ping_status":"closed","template":"elementor_header_footer","meta":{"footnotes":""},"class_list":["post-27217","page","type-page","status-publish","hentry"],"_links":{"self":[{"href":"https:\/\/test.audiocenter.net\/es\/wp-json\/wp\/v2\/pages\/27217","targetHints":{"allow":["GET"]}}],"collection":[{"href":"https:\/\/test.audiocenter.net\/es\/wp-json\/wp\/v2\/pages"}],"about":[{"href":"https:\/\/test.audiocenter.net\/es\/wp-json\/wp\/v2\/types\/page"}],"author":[{"embeddable":true,"href":"https:\/\/test.audiocenter.net\/es\/wp-json\/wp\/v2\/users\/1"}],"replies":[{"embeddable":true,"href":"https:\/\/test.audiocenter.net\/es\/wp-json\/wp\/v2\/comments?post=27217"}],"version-history":[{"count":2,"href":"https:\/\/test.audiocenter.net\/es\/wp-json\/wp\/v2\/pages\/27217\/revisions"}],"predecessor-version":[{"id":34788,"href":"https:\/\/test.audiocenter.net\/es\/wp-json\/wp\/v2\/pages\/27217\/revisions\/34788"}],"wp:attachment":[{"href":"https:\/\/test.audiocenter.net\/es\/wp-json\/wp\/v2\/media?parent=27217"}],"curies":[{"name":"wp","href":"https:\/\/api.w.org\/{rel}","templated":true}]}}