{"id":27210,"date":"2023-04-24T02:34:33","date_gmt":"2023-04-24T02:34:33","guid":{"rendered":"http:\/\/audiocenter.cc\/catalogo-de-productos\/"},"modified":"2024-03-18T05:49:28","modified_gmt":"2024-03-18T05:49:28","slug":"catalogo-de-productos","status":"publish","type":"page","link":"https:\/\/test.audiocenter.net\/es\/catalogo-de-productos\/","title":{"rendered":"Cat\u00e1logo de productos"},"content":{"rendered":"\t\t<div data-elementor-type=\"wp-page\" data-elementor-id=\"27210\" class=\"elementor elementor-27210 elementor-11763\" data-elementor-post-type=\"page\">\n\t\t\t\t\t\t<section class=\"elementor-section elementor-top-section elementor-element elementor-element-d4b5ece elementor-section-height-min-height elementor-section-boxed elementor-section-height-default elementor-section-items-middle\" data-id=\"d4b5ece\" data-element_type=\"section\" data-settings=\"{&quot;background_background&quot;:&quot;classic&quot;}\">\n\t\t\t\t\t\t\t<div class=\"elementor-background-overlay\"><\/div>\n\t\t\t\t\t\t\t<div class=\"elementor-container elementor-column-gap-default\">\n\t\t\t\t\t<div class=\"elementor-column elementor-col-100 elementor-top-column elementor-element elementor-element-45e142c\" data-id=\"45e142c\" data-element_type=\"column\">\n\t\t\t<div class=\"elementor-widget-wrap elementor-element-populated\">\n\t\t\t\t\t\t<div class=\"elementor-element elementor-element-361f3f4 elementor-widget elementor-widget-heading\" data-id=\"361f3f4\" data-element_type=\"widget\" data-widget_type=\"heading.default\">\n\t\t\t\t<div class=\"elementor-widget-container\">\n\t\t\t<h1 class=\"elementor-heading-title elementor-size-default\">Cat\u00e1logo de productos<\/h1>\t\t<\/div>\n\t\t\t\t<\/div>\n\t\t\t\t<div class=\"elementor-element elementor-element-0de2b6f elementor-widget elementor-widget-spacer\" data-id=\"0de2b6f\" data-element_type=\"widget\" data-widget_type=\"spacer.default\">\n\t\t\t\t<div class=\"elementor-widget-container\">\n\t\t\t\t\t<div class=\"elementor-spacer\">\n\t\t\t<div class=\"elementor-spacer-inner\"><\/div>\n\t\t<\/div>\n\t\t\t\t<\/div>\n\t\t\t\t<\/div>\n\t\t\t\t<div class=\"elementor-element elementor-element-3a94fa0 elementor-widget elementor-widget-heading\" data-id=\"3a94fa0\" data-element_type=\"widget\" data-widget_type=\"heading.default\">\n\t\t\t\t<div class=\"elementor-widget-container\">\n\t\t\t<h3 class=\"elementor-heading-title elementor-size-default\">Recursos \u00fatiles<\/h3>\t\t<\/div>\n\t\t\t\t<\/div>\n\t\t\t\t\t<\/div>\n\t\t<\/div>\n\t\t\t\t\t<\/div>\n\t\t<\/section>\n\t\t\t\t<section class=\"elementor-section elementor-top-section elementor-element elementor-element-c8ff85c elementor-section-boxed elementor-section-height-default elementor-section-height-default\" data-id=\"c8ff85c\" data-element_type=\"section\">\n\t\t\t\t\t\t<div class=\"elementor-container elementor-column-gap-default\">\n\t\t\t\t\t<div class=\"elementor-column elementor-col-100 elementor-top-column elementor-element elementor-element-793e780\" data-id=\"793e780\" data-element_type=\"column\">\n\t\t\t<div class=\"elementor-widget-wrap\">\n\t\t\t\t\t\t\t<\/div>\n\t\t<\/div>\n\t\t\t\t\t<\/div>\n\t\t<\/section>\n\t\t\t\t<section class=\"elementor-section elementor-top-section elementor-element elementor-element-3106ee0 elementor-section-boxed elementor-section-height-default elementor-section-height-default\" data-id=\"3106ee0\" data-element_type=\"section\">\n\t\t\t\t\t\t<div class=\"elementor-container elementor-column-gap-default\">\n\t\t\t\t\t<div class=\"elementor-column elementor-col-100 elementor-top-column elementor-element elementor-element-7d00cd5\" data-id=\"7d00cd5\" data-element_type=\"column\">\n\t\t\t<div class=\"elementor-widget-wrap elementor-element-populated\">\n\t\t\t\t\t\t<div class=\"elementor-element elementor-element-6f29ef8 elementor-tabs-view-horizontal elementor-widget elementor-widget-tabs\" data-id=\"6f29ef8\" data-element_type=\"widget\" data-widget_type=\"tabs.default\">\n\t\t\t\t<div class=\"elementor-widget-container\">\n\t\t\t\t\t<div class=\"elementor-tabs\">\n\t\t\t<div class=\"elementor-tabs-wrapper\" role=\"tablist\" >\n\t\t\t\t\t\t\t\t\t<div id=\"elementor-tab-title-1161\" class=\"elementor-tab-title elementor-tab-desktop-title\" aria-selected=\"true\" data-tab=\"1\" role=\"tab\" tabindex=\"0\" aria-controls=\"elementor-tab-content-1161\" aria-expanded=\"false\">Line Array<\/div>\n\t\t\t\t\t\t\t\t\t<div id=\"elementor-tab-title-1162\" class=\"elementor-tab-title elementor-tab-desktop-title\" aria-selected=\"false\" data-tab=\"2\" role=\"tab\" tabindex=\"-1\" aria-controls=\"elementor-tab-content-1162\" aria-expanded=\"false\">Column Speaker<\/div>\n\t\t\t\t\t\t\t\t\t<div id=\"elementor-tab-title-1163\" class=\"elementor-tab-title elementor-tab-desktop-title\" aria-selected=\"false\" data-tab=\"3\" role=\"tab\" tabindex=\"-1\" aria-controls=\"elementor-tab-content-1163\" aria-expanded=\"false\">Fuente puntual<\/div>\n\t\t\t\t\t\t\t\t\t<div id=\"elementor-tab-title-1164\" class=\"elementor-tab-title elementor-tab-desktop-title\" aria-selected=\"false\" data-tab=\"4\" role=\"tab\" tabindex=\"-1\" aria-controls=\"elementor-tab-content-1164\" aria-expanded=\"false\">Wedge Monitor<\/div>\n\t\t\t\t\t\t\t\t\t<div id=\"elementor-tab-title-1165\" class=\"elementor-tab-title elementor-tab-desktop-title\" aria-selected=\"false\" data-tab=\"5\" role=\"tab\" tabindex=\"-1\" aria-controls=\"elementor-tab-content-1165\" aria-expanded=\"false\">Subwoofer<\/div>\n\t\t\t\t\t\t\t\t\t<div id=\"elementor-tab-title-1166\" class=\"elementor-tab-title elementor-tab-desktop-title\" aria-selected=\"false\" data-tab=\"6\" role=\"tab\" tabindex=\"-1\" aria-controls=\"elementor-tab-content-1166\" aria-expanded=\"false\">Amplificador<\/div>\n\t\t\t\t\t\t\t\t\t<div id=\"elementor-tab-title-1167\" class=\"elementor-tab-title elementor-tab-desktop-title\" aria-selected=\"false\" data-tab=\"7\" role=\"tab\" tabindex=\"-1\" aria-controls=\"elementor-tab-content-1167\" aria-expanded=\"false\">Audio matrix &amp; Processor<\/div>\n\t\t\t\t\t\t\t<\/div>\n\t\t\t<div class=\"elementor-tabs-content-wrapper\" role=\"tablist\" aria-orientation=\"vertical\">\n\t\t\t\t\t\t\t\t\t<div class=\"elementor-tab-title elementor-tab-mobile-title\" aria-selected=\"true\" data-tab=\"1\" role=\"tab\" tabindex=\"0\" aria-controls=\"elementor-tab-content-1161\" aria-expanded=\"false\">Line Array<\/div>\n\t\t\t\t\t<div id=\"elementor-tab-content-1161\" class=\"elementor-tab-content elementor-clearfix\" data-tab=\"1\" role=\"tabpanel\" aria-labelledby=\"elementor-tab-title-1161\" tabindex=\"0\" hidden=\"false\"><table width=\"650\">\n<tbody>\n<tr>\n<td width=\"340\">\n<p><strong>Altavoz activo<\/strong><\/p>\n<\/td>\n<td width=\"304\">\n<p><strong>Altavoz pasivo<\/strong><\/p>\n<\/td>\n<\/tr>\n<tr>\n<td width=\"340\">\n<p><a href=\"http:\/\/test.audiocenter.net\/wp-content\/uploads\/2024\/01\/AVANDA-212A.pdf\">AVANDA 212A Cat\u00e1logo de productos<\/a><\/p>\n<\/td>\n<td width=\"304\">\n<p><a href=\"http:\/\/test.audiocenter.net\/wp-content\/uploads\/2024\/01\/Artist-t8-t4l.pdf\">Artist T8 Product catalogue<\/a><\/p>\n<\/td>\n<\/tr>\n<tr>\n<td width=\"340\">\n<p><a href=\"http:\/\/test.audiocenter.net\/wp-content\/uploads\/2024\/01\/AVANDA-210A.pdf\">AVANDA 210A Cat\u00e1logo de productos<\/a><\/p>\n<\/td>\n<td width=\"304\">\n<p><a href=\"http:\/\/test.audiocenter.net\/wp-content\/uploads\/2024\/01\/Artist-t8-t4l.pdf\">Artist T4L Product catalogue<\/a><\/p>\n<\/td>\n<\/tr>\n<tr>\n<td width=\"340\">\n<p><a href=\"http:\/\/test.audiocenter.net\/wp-content\/uploads\/2024\/01\/AVANDA-1.pdf\">Cat\u00e1logo de productos de la serie AVANDA<\/a><\/p>\n<\/td>\n<td width=\"304\">\n<p><a href=\"http:\/\/test.audiocenter.net\/wp-content\/uploads\/2024\/02\/Butterfly-4pro.pdf\">Butterfly 4pro Product catalogue<\/a><\/p>\n<\/td>\n<\/tr>\n<tr>\n<td width=\"340\">\n<p><a href=\"http:\/\/test.audiocenter.net\/wp-content\/uploads\/2024\/01\/K-LA212-DSP.pdf\">K-LA212-DSP Product catalogue<\/a><\/p>\n<\/td>\n<td width=\"304\">\n<p><a href=\"http:\/\/test.audiocenter.net\/wp-content\/uploads\/2024\/02\/Butterfly-4ca.pdf\">Butterfly 4ca Product catalogue<\/a><\/p>\n<\/td>\n<\/tr>\n<tr>\n<td width=\"340\">\n<p><a href=\"http:\/\/test.audiocenter.net\/wp-content\/uploads\/2024\/01\/K-LA210-DSP-1.pdf\">K-LA210-DSP Product catalogue<\/a><\/p>\n<\/td>\n<td width=\"304\">\n<p><a href=\"http:\/\/test.audiocenter.net\/wp-content\/uploads\/2024\/01\/Butterfly.pdf\">Mariposa Cat\u00e1logo de productos<\/a><\/p>\n<\/td>\n<\/tr>\n<tr>\n<td width=\"340\">\n<p><a href=\"http:\/\/test.audiocenter.net\/wp-content\/uploads\/2024\/01\/K-LA28-DSP.pdf\">K-LA28-DSP Product catalogue<\/a><\/p>\n<\/td>\n<td width=\"304\">\n<p><a href=\"http:\/\/test.audiocenter.net\/wp-content\/uploads\/2024\/03\/K-LA28-1.pdf\">K-LA28 Product catalogue<\/a><\/p>\n<\/td>\n<\/tr>\n<tr>\n<td width=\"340\">\n<p><a href=\"http:\/\/test.audiocenter.net\/wp-content\/uploads\/2024\/01\/K-LA-DSP-2.pdf\">K-LA-DSP Series Product catalogue<\/a><\/p>\n<\/td>\n<td width=\"304\">\n<p><a href=\"http:\/\/test.audiocenter.net\/wp-content\/uploads\/2024\/01\/K-LA210.pdf\">K-LA210 Product catalogue<\/a><\/p>\n<\/td>\n<\/tr>\n<tr>\n<td width=\"340\">\n<p><a href=\"http:\/\/test.audiocenter.net\/wp-content\/uploads\/2024\/01\/K-LA12A.pdf\">K-LA12A Product catalogue<\/a><\/p>\n<\/td>\n<td width=\"304\">\n<p><a href=\"http:\/\/test.audiocenter.net\/wp-content\/uploads\/2024\/03\/K-LA-1.pdf\">K-LA Series Product catalogue<\/a><\/p>\n<\/td>\n<\/tr>\n<tr>\n<td width=\"340\">\n<p><a href=\"http:\/\/test.audiocenter.net\/wp-content\/uploads\/2024\/01\/Artist-T45-DSP.pdf\">Artist T45-DSP Product catalogue<\/a><\/p>\n<\/td>\n<td width=\"304\"> <\/td>\n<\/tr>\n<tr>\n<td width=\"340\">\n<p><a href=\"http:\/\/test.audiocenter.net\/wp-content\/uploads\/2024\/01\/Artist-T45-DSPT115S-DSP.pdf\">Artist-T45-DSP&amp;T115S-DSP Cat\u00e1logo de productos<\/a><\/p>\n<\/td>\n<td width=\"304\"> <\/td>\n<\/tr>\n<\/tbody>\n<\/table>\n<\/div>\n\t\t\t\t\t\t\t\t\t<div class=\"elementor-tab-title elementor-tab-mobile-title\" aria-selected=\"false\" data-tab=\"2\" role=\"tab\" tabindex=\"-1\" aria-controls=\"elementor-tab-content-1162\" aria-expanded=\"false\">Column Speaker<\/div>\n\t\t\t\t\t<div id=\"elementor-tab-content-1162\" class=\"elementor-tab-content elementor-clearfix\" data-tab=\"2\" role=\"tabpanel\" aria-labelledby=\"elementor-tab-title-1162\" tabindex=\"0\" hidden=\"hidden\"><table width=\"650\">\n<tbody>\n<tr>\n<td width=\"340\">\n<p><strong>Altavoz activo<\/strong><\/p>\n<\/td>\n<td width=\"304\">\n<p><strong>Altavoz pasivo<\/strong><\/p>\n<\/td>\n<\/tr>\n<tr>\n<td width=\"340\">\n<p><a href=\"http:\/\/test.audiocenter.net\/wp-content\/uploads\/2024\/01\/L83-MK2L83S-MK2-Column-Speaker.pdf\">L83 MK2 +L83S MK2 Active Column System Product catalogue<\/a><\/p>\n<\/td>\n<td width=\"304\">\n<p><a href=\"http:\/\/test.audiocenter.net\/wp-content\/uploads\/2024\/01\/Artist-t65-t83t43.pdf\">Artist T43 Product catalogue<\/a><\/p>\n<\/td>\n<\/tr>\n<tr>\n<td width=\"340\">\n<p><a href=\"http:\/\/test.audiocenter.net\/wp-content\/uploads\/2024\/01\/L65-MK2L65S-MK2-Column-Speaker.pdf\">L65 MK2 +L65S MK2 Active Column System Product catalogue<\/a><\/p>\n<\/td>\n<td width=\"304\">\n<p><a href=\"http:\/\/test.audiocenter.net\/wp-content\/uploads\/2024\/01\/Artist-t65-t83t43.pdf\">Artist T83 Product catalogue<\/a><\/p>\n<\/td>\n<\/tr>\n<tr>\n<td width=\"340\">\n<p><a href=\"http:\/\/test.audiocenter.net\/wp-content\/uploads\/2024\/01\/L-MK2-Column-Speaker.pdf\">L MK2 Series Active Column System Product catalogue<\/a><\/p>\n<\/td>\n<td width=\"304\">\n<p><a href=\"http:\/\/test.audiocenter.net\/wp-content\/uploads\/2024\/01\/Artist-t65-t83t43.pdf\">Artist T65 Product catalogue<\/a><\/p>\n<\/td>\n<\/tr>\n<\/tbody>\n<\/table>\n<\/div>\n\t\t\t\t\t\t\t\t\t<div class=\"elementor-tab-title elementor-tab-mobile-title\" aria-selected=\"false\" data-tab=\"3\" role=\"tab\" tabindex=\"-1\" aria-controls=\"elementor-tab-content-1163\" aria-expanded=\"false\">Fuente puntual<\/div>\n\t\t\t\t\t<div id=\"elementor-tab-content-1163\" class=\"elementor-tab-content elementor-clearfix\" data-tab=\"3\" role=\"tabpanel\" aria-labelledby=\"elementor-tab-title-1163\" tabindex=\"0\" hidden=\"hidden\"><table width=\"650\">\n<tbody>\n<tr>\n<td width=\"340\">\n<p><strong>Altavoz activo<\/strong><\/p>\n<\/td>\n<td width=\"304\">\n<p><strong>Altavoz pasivo<\/strong><\/p>\n<\/td>\n<\/tr>\n<tr>\n<td width=\"340\">\n<p><a href=\"http:\/\/test.audiocenter.net\/wp-content\/uploads\/2024\/01\/GT515A.pdf\">GT515A Product catalogue<\/a><\/p>\n<\/td>\n<td width=\"304\">\n<p><a href=\"http:\/\/test.audiocenter.net\/wp-content\/uploads\/2024\/01\/Artist-t3t4.pdf\">Artist T4 Product catalogue<\/a><\/p>\n<\/td>\n<\/tr>\n<tr>\n<td width=\"340\">\n<p><a href=\"http:\/\/test.audiocenter.net\/wp-content\/uploads\/2024\/01\/GT512A.pdf\">GT512A Product catalogue<\/a><\/p>\n<\/td>\n<td width=\"304\">\n<p><a href=\"http:\/\/test.audiocenter.net\/wp-content\/uploads\/2024\/01\/Artist-t3t4.pdf\">Artist T3 Product catalogue<\/a><\/p>\n<\/td>\n<\/tr>\n<tr>\n<td width=\"340\">\n<p><a href=\"http:\/\/test.audiocenter.net\/wp-content\/uploads\/2024\/01\/GT510A.pdf\">GT510A Product catalogue<\/a><\/p>\n<\/td>\n<td width=\"304\">\n<p><a href=\"http:\/\/test.audiocenter.net\/wp-content\/uploads\/2024\/01\/GT515P.pdf\">GT515P Product catalogue<\/a><\/p>\n<\/td>\n<\/tr>\n<tr>\n<td width=\"340\">\n<p><a href=\"http:\/\/test.audiocenter.net\/wp-content\/uploads\/2024\/01\/GT508A.pdf\">GT508A Product catalogue<\/a><\/p>\n<\/td>\n<td width=\"304\">\n<p><a href=\"http:\/\/test.audiocenter.net\/wp-content\/uploads\/2024\/01\/GT512P.pdf\">GT512P Product catalogue<\/a><\/p>\n<\/td>\n<\/tr>\n<tr>\n<td width=\"340\">\n<p><a href=\"http:\/\/test.audiocenter.net\/wp-content\/uploads\/2024\/01\/GT-Active.pdf\">GT Active Series Product catalogue<\/a><\/p>\n<\/td>\n<td width=\"304\">\n<p><a href=\"http:\/\/test.audiocenter.net\/wp-content\/uploads\/2024\/01\/GT510P.pdf\">GT510P Product catalogue<\/a><\/p>\n<\/td>\n<\/tr>\n<tr>\n<td width=\"340\">\n<p><a href=\"\/wp-content\/uploads\/2023\/08\/EA515.zip\">EA515 Cat\u00e1logo de productos<\/a><\/p>\n<\/td>\n<td width=\"304\">\n<p><a href=\"http:\/\/test.audiocenter.net\/wp-content\/uploads\/2024\/01\/GT508P.pdf\">GT508P Product catalogue<\/a><\/p>\n<\/td>\n<\/tr>\n<tr>\n<td width=\"340\">\n<p><a href=\"\/wp-content\/uploads\/2023\/08\/EA512.zip\">EA512 Cat\u00e1logo de productos<\/a><\/p>\n<\/td>\n<td width=\"304\">\n<p><a href=\"http:\/\/test.audiocenter.net\/wp-content\/uploads\/2024\/01\/GT-Passive.pdf\">GT Passive Series Product catalogue<\/a><\/p>\n<\/td>\n<\/tr>\n<tr>\n<td width=\"340\">\n<p><a href=\"\/wp-content\/uploads\/2023\/08\/EA5.zip\">Serie EA5 Cat\u00e1logo de productos<\/a><\/p>\n<\/td>\n<td width=\"304\">\n<p><a href=\"\/wp-content\/uploads\/2023\/08\/PF15MKII-1.zip\">PF15+ MKII Product catalogue<\/a><\/p>\n<\/td>\n<\/tr>\n<tr>\n<td width=\"340\">\n<p><a href=\"http:\/\/test.audiocenter.net\/wp-content\/uploads\/2024\/01\/SA315.pdf\">SA315 Product catalogue<\/a><\/p>\n<\/td>\n<td width=\"304\">\n<p><a href=\"\/wp-content\/uploads\/2023\/08\/PF12MKII-1.zip\">PF12+ MKII Product catalogue<\/a><\/p>\n<\/td>\n<\/tr>\n<tr>\n<td width=\"340\">\n<p><a href=\"http:\/\/test.audiocenter.net\/wp-content\/uploads\/2024\/01\/SA312.pdf\">SA312 Product catalogue<\/a><\/p>\n<\/td>\n<td width=\"304\">\n<p><a href=\"\/wp-content\/uploads\/2023\/08\/PF10MKII-1.zip\">PF10+ MKII Product catalogue<\/a><\/p>\n<\/td>\n<\/tr>\n<tr>\n<td width=\"340\">\n<p><a href=\"http:\/\/test.audiocenter.net\/wp-content\/uploads\/2024\/01\/SA310.pdf\">SA310 Product catalogue<\/a><\/p>\n<\/td>\n<td width=\"304\">\n<p><a href=\"\/wp-content\/uploads\/2023\/08\/PF8MKII-1.zip\">PF8+ MKII Product catalogue<\/a><\/p>\n<\/td>\n<\/tr>\n<tr>\n<td width=\"340\">\n<p><a href=\"http:\/\/test.audiocenter.net\/wp-content\/uploads\/2024\/01\/SA3.pdf\">SA3 Series Product catalogue<\/a><\/p>\n<\/td>\n<td width=\"304\">\n<p><a href=\"\/wp-content\/uploads\/2023\/08\/PFMKII-1.zip\">PF+ MKII Series Product catalogue<\/a><\/p>\n<\/td>\n<\/tr>\n<tr>\n<td width=\"340\">\n<p><a href=\"http:\/\/test.audiocenter.net\/wp-content\/uploads\/2024\/01\/MA15.pdf\">MA15 Product catalogue<\/a><\/p>\n<\/td>\n<td width=\"304\">\n<p><strong> <\/strong><\/p>\n<\/td>\n<\/tr>\n<tr>\n<td width=\"340\">\n<p><a href=\"http:\/\/test.audiocenter.net\/wp-content\/uploads\/2024\/01\/MA12.pdf\">MA12 Product catalogue<\/a><\/p>\n<\/td>\n<td width=\"304\">\n<p><strong> <\/strong><\/p>\n<\/td>\n<\/tr>\n<tr>\n<td width=\"340\">\n<p><a href=\"http:\/\/test.audiocenter.net\/wp-content\/uploads\/2024\/01\/MA.pdf\">MA Series Product catalogue<\/a><\/p>\n<\/td>\n<td width=\"304\">\n<p><strong> <\/strong><\/p>\n<\/td>\n<\/tr>\n<\/tbody>\n<\/table>\n<\/div>\n\t\t\t\t\t\t\t\t\t<div class=\"elementor-tab-title elementor-tab-mobile-title\" aria-selected=\"false\" data-tab=\"4\" role=\"tab\" tabindex=\"-1\" aria-controls=\"elementor-tab-content-1164\" aria-expanded=\"false\">Wedge Monitor<\/div>\n\t\t\t\t\t<div id=\"elementor-tab-content-1164\" class=\"elementor-tab-content elementor-clearfix\" data-tab=\"4\" role=\"tabpanel\" aria-labelledby=\"elementor-tab-title-1164\" tabindex=\"0\" hidden=\"hidden\"><ul>\n<li><a href=\"http:\/\/test.audiocenter.net\/wp-content\/uploads\/2024\/01\/WM-DSP.pdf\">WM210-DSP Product catalogue<\/a><\/li>\n<li><a href=\"http:\/\/test.audiocenter.net\/wp-content\/uploads\/2024\/01\/WM3210A.pdf\">WM3210A Product catalogue<\/a><\/li>\n<\/ul>\n<\/div>\n\t\t\t\t\t\t\t\t\t<div class=\"elementor-tab-title elementor-tab-mobile-title\" aria-selected=\"false\" data-tab=\"5\" role=\"tab\" tabindex=\"-1\" aria-controls=\"elementor-tab-content-1165\" aria-expanded=\"false\">Subwoofer<\/div>\n\t\t\t\t\t<div id=\"elementor-tab-content-1165\" class=\"elementor-tab-content elementor-clearfix\" data-tab=\"5\" role=\"tabpanel\" aria-labelledby=\"elementor-tab-title-1165\" tabindex=\"0\" hidden=\"hidden\"><table width=\"650\">\n<tbody>\n<tr>\n<td width=\"340\">\n<p><strong>Altavoz activo<\/strong><\/p>\n<\/td>\n<td width=\"304\">\n<p><strong>Altavoz pasivo<\/strong><\/p>\n<\/td>\n<\/tr>\n<tr>\n<td width=\"340\">\n<p><a href=\"http:\/\/test.audiocenter.net\/wp-content\/uploads\/2024\/01\/K-LA218-DSP-2.pdf\">K-LA218-DSP Product catalogue<\/a><\/p>\n<\/td>\n<td width=\"304\">\n<p><a href=\"http:\/\/test.audiocenter.net\/wp-content\/uploads\/2024\/01\/K-LA218.pdf\">K-LA218 Product catalogue<\/a><\/p>\n<\/td>\n<\/tr>\n<tr>\n<td width=\"340\">\n<p><a href=\"http:\/\/test.audiocenter.net\/wp-content\/uploads\/2024\/01\/K-LA118-DSP-2.pdf\">K-LA118-DSP Product catalogue<\/a><\/p>\n<\/td>\n<td width=\"304\">\n<p><a href=\"http:\/\/test.audiocenter.net\/wp-content\/uploads\/2024\/01\/K-LA118.pdf\">K-LA118 Product catalogue<\/a><\/p>\n<\/td>\n<\/tr>\n<tr>\n<td width=\"340\">\n<p><a href=\"http:\/\/test.audiocenter.net\/wp-content\/uploads\/2024\/01\/Artist-T115S-DSP.pdf\">Artist T115S-DSP Product catalogue<\/a><\/p>\n<\/td>\n<td width=\"304\">\n<p><a href=\"http:\/\/test.audiocenter.net\/wp-content\/uploads\/2024\/01\/Artist-TW15-TW8.pdf\">Artist TW15 Product catalogue<\/a><\/p>\n<\/td>\n<\/tr>\n<tr>\n<td width=\"340\">\n<p><a href=\"http:\/\/test.audiocenter.net\/wp-content\/uploads\/2024\/03\/EA5118.pdf\">EA5118 Cat\u00e1logo de productos<\/a><\/p>\n<\/td>\n<td width=\"304\">\n<p><a href=\"http:\/\/test.audiocenter.net\/wp-content\/uploads\/2024\/01\/Artist-TW15-TW8.pdf\">ArtistTW8 Product catalogue<\/a><\/p>\n<\/td>\n<\/tr>\n<tr>\n<td width=\"340\">\n<p><a href=\"\/wp-content\/uploads\/2023\/08\/SA3218.zip\">SA3218 Product catalogue<\/a><\/p>\n<\/td>\n<td width=\"304\"> <\/td>\n<\/tr>\n<tr>\n<td width=\"340\">\n<p><a href=\"http:\/\/test.audiocenter.net\/wp-content\/uploads\/2024\/01\/SA3118.pdf\">SA3118 Product catalogue<\/a><\/p>\n<\/td>\n<td width=\"304\"> <\/td>\n<\/tr>\n<tr>\n<td width=\"340\">\n<p><a href=\"http:\/\/test.audiocenter.net\/wp-content\/uploads\/2024\/01\/S3218A-1.pdf\">S3218A Cat\u00e1logo de productos<\/a><\/p>\n<\/td>\n<td width=\"304\"> <\/td>\n<\/tr>\n<tr>\n<td width=\"340\"><a href=\"http:\/\/test.audiocenter.net\/wp-content\/uploads\/2024\/01\/S3118A-1.pdf\">S3118A Product catalogue<\/a><\/td>\n<td width=\"304\"> <\/td>\n<\/tr>\n<\/tbody>\n<\/table>\n<\/div>\n\t\t\t\t\t\t\t\t\t<div class=\"elementor-tab-title elementor-tab-mobile-title\" aria-selected=\"false\" data-tab=\"6\" role=\"tab\" tabindex=\"-1\" aria-controls=\"elementor-tab-content-1166\" aria-expanded=\"false\">Amplificador<\/div>\n\t\t\t\t\t<div id=\"elementor-tab-content-1166\" class=\"elementor-tab-content elementor-clearfix\" data-tab=\"6\" role=\"tabpanel\" aria-labelledby=\"elementor-tab-title-1166\" tabindex=\"0\" hidden=\"hidden\"><ul>\n<li><a href=\"http:\/\/test.audiocenter.net\/wp-content\/uploads\/2024\/03\/PD400-600.pdf\">PD400 Cat\u00e1logo de productos<\/a><\/li>\n<li><a href=\"http:\/\/test.audiocenter.net\/wp-content\/uploads\/2024\/03\/PD400-600.pdf\">PD600 Cat\u00e1logo de productos<\/a><\/li>\n<li><a href=\"http:\/\/test.audiocenter.net\/wp-content\/uploads\/2024\/03\/PD800-1000.pdf\">PD800 Cat\u00e1logo de productos<\/a><\/li>\n<li><a href=\"http:\/\/test.audiocenter.net\/wp-content\/uploads\/2024\/03\/PD800-1000.pdf\">PD1000 Cat\u00e1logo de productos<\/a><\/li>\n<li><a href=\"http:\/\/test.audiocenter.net\/wp-content\/uploads\/2024\/03\/PD.pdf\">Serie PD Cat\u00e1logo de productos<\/a><\/li>\n<\/ul>\n<ul>\n<li><a href=\"http:\/\/test.audiocenter.net\/wp-content\/uploads\/2024\/01\/PRO4.0-7.0-1.pdf\">PRO4.0 Product catalogue<\/a><\/li>\n<li><a href=\"http:\/\/test.audiocenter.net\/wp-content\/uploads\/2024\/01\/PRO4.0-7.0-1.pdf\">PRO7.0 Product catalogue<\/a><\/li>\n<li><a href=\"http:\/\/test.audiocenter.net\/wp-content\/uploads\/2024\/01\/PRO9.0-18.0.pdf\">PRO9.0 Product catalogue<\/a><\/li>\n<li><a href=\"http:\/\/test.audiocenter.net\/wp-content\/uploads\/2024\/01\/PRO9.0-18.0.pdf\">PRO18.0 Cat\u00e1logo de productos<\/a><\/li>\n<li><a href=\"http:\/\/test.audiocenter.net\/wp-content\/uploads\/2024\/01\/PRO-1.pdf\">PRO Series Product catalogue<\/a><\/li>\n<\/ul>\n<ul>\n<li><a href=\"http:\/\/test.audiocenter.net\/wp-content\/uploads\/2024\/01\/Artist-T4800-T8800.pdf\">Artist T8800 Product catalogue<\/a><\/li>\n<li><a href=\"http:\/\/test.audiocenter.net\/wp-content\/uploads\/2024\/01\/Artist-T4800-T8800.pdf\">ArtistT4800 Product catalogue<\/a><\/li>\n<li><a href=\"http:\/\/test.audiocenter.net\/wp-content\/uploads\/2024\/01\/Artist-t4.8v-t8.8v.pdf\">ArtistT8.8V Product catalogue<\/a><\/li>\n<li><a href=\"http:\/\/test.audiocenter.net\/wp-content\/uploads\/2024\/01\/Artist-t4.8v-t8.8v.pdf\">ArtistT4.8V Product catalogue<\/a><\/li>\n<li><a href=\"http:\/\/test.audiocenter.net\/wp-content\/uploads\/2024\/01\/Artist-T2.4V-T4.4V.pdf\">ArtistT4.4V Product catalogue<\/a><\/li>\n<li><a href=\"http:\/\/test.audiocenter.net\/wp-content\/uploads\/2024\/01\/Artist-T2.4V-T4.4V.pdf\">ArtistT2.4V Product catalogue<\/a><\/li>\n<\/ul>\n<\/div>\n\t\t\t\t\t\t\t\t\t<div class=\"elementor-tab-title elementor-tab-mobile-title\" aria-selected=\"false\" data-tab=\"7\" role=\"tab\" tabindex=\"-1\" aria-controls=\"elementor-tab-content-1167\" aria-expanded=\"false\">Audio matrix &amp; Processor<\/div>\n\t\t\t\t\t<div id=\"elementor-tab-content-1167\" class=\"elementor-tab-content elementor-clearfix\" data-tab=\"7\" role=\"tabpanel\" aria-labelledby=\"elementor-tab-title-1167\" tabindex=\"0\" hidden=\"hidden\"><ul>\n<li><a href=\"http:\/\/test.audiocenter.net\/wp-content\/uploads\/2024\/01\/Artist-T88D-T88.pdf\">Artist T88D\/T88 Product catalogue<\/a><\/li>\n<li><a href=\"http:\/\/test.audiocenter.net\/wp-content\/uploads\/2024\/01\/BrainCore-CU.pdf\">BrainCore CU Product catalogue<\/a><\/li>\n<li><a href=\"http:\/\/test.audiocenter.net\/wp-content\/uploads\/2024\/01\/Artist-Commercial-Audio-System-Solution.pdf\">Artist Commercial Audio System Solution Cat\u00e1logo de productos<\/a><\/li>\n<\/ul>\n<\/div>\n\t\t\t\t\t\t\t<\/div>\n\t\t<\/div>\n\t\t\t\t<\/div>\n\t\t\t\t<\/div>\n\t\t\t\t\t<\/div>\n\t\t<\/div>\n\t\t\t\t\t<\/div>\n\t\t<\/section>\n\t\t\t\t<\/div>\n\t\t","protected":false},"excerpt":{"rendered":"<p>Cat\u00e1logo de productos Recursos \u00fatiles Line Array Column Speaker Fuente puntual Wedge Monitor Subwoofer Amplificador Audio matrix &amp; Processor Line Array Altavoz activo Altavoz pasivo AVANDA 212A Cat\u00e1logo de productos Artist T8 Product catalogue AVANDA 210A Cat\u00e1logo de productos Artist T4L Product catalogue Cat\u00e1logo de productos de la serie AVANDA Butterfly 4pro Product catalogue K-LA212-DSP&hellip;<\/p>\n","protected":false},"author":1,"featured_media":0,"parent":0,"menu_order":0,"comment_status":"closed","ping_status":"closed","template":"elementor_header_footer","meta":{"footnotes":""},"class_list":["post-27210","page","type-page","status-publish","hentry"],"_links":{"self":[{"href":"https:\/\/test.audiocenter.net\/es\/wp-json\/wp\/v2\/pages\/27210","targetHints":{"allow":["GET"]}}],"collection":[{"href":"https:\/\/test.audiocenter.net\/es\/wp-json\/wp\/v2\/pages"}],"about":[{"href":"https:\/\/test.audiocenter.net\/es\/wp-json\/wp\/v2\/types\/page"}],"author":[{"embeddable":true,"href":"https:\/\/test.audiocenter.net\/es\/wp-json\/wp\/v2\/users\/1"}],"replies":[{"embeddable":true,"href":"https:\/\/test.audiocenter.net\/es\/wp-json\/wp\/v2\/comments?post=27210"}],"version-history":[{"count":6,"href":"https:\/\/test.audiocenter.net\/es\/wp-json\/wp\/v2\/pages\/27210\/revisions"}],"predecessor-version":[{"id":36152,"href":"https:\/\/test.audiocenter.net\/es\/wp-json\/wp\/v2\/pages\/27210\/revisions\/36152"}],"wp:attachment":[{"href":"https:\/\/test.audiocenter.net\/es\/wp-json\/wp\/v2\/media?parent=27210"}],"curies":[{"name":"wp","href":"https:\/\/api.w.org\/{rel}","templated":true}]}}