{"id":27136,"date":"2023-04-24T00:55:35","date_gmt":"2023-04-24T00:55:35","guid":{"rendered":"http:\/\/audiocenter.cc\/casos-practicos\/"},"modified":"2023-11-18T07:46:19","modified_gmt":"2023-11-18T07:46:19","slug":"casos-practicos","status":"publish","type":"page","link":"https:\/\/test.audiocenter.net\/es\/casos-practicos\/","title":{"rendered":"Casos pr\u00e1cticos"},"content":{"rendered":"\t\t<div data-elementor-type=\"wp-page\" data-elementor-id=\"27136\" class=\"elementor elementor-27136 elementor-11720\" data-elementor-post-type=\"page\">\n\t\t\t\t\t\t<section class=\"elementor-section elementor-top-section elementor-element elementor-element-71671fc elementor-section-height-min-height elementor-section-boxed elementor-section-height-default elementor-section-items-middle\" data-id=\"71671fc\" data-element_type=\"section\" data-settings=\"{&quot;background_background&quot;:&quot;classic&quot;}\">\n\t\t\t\t\t\t\t<div class=\"elementor-background-overlay\"><\/div>\n\t\t\t\t\t\t\t<div class=\"elementor-container elementor-column-gap-default\">\n\t\t\t\t\t<div class=\"elementor-column elementor-col-100 elementor-top-column elementor-element elementor-element-8c10b91\" data-id=\"8c10b91\" data-element_type=\"column\">\n\t\t\t<div class=\"elementor-widget-wrap elementor-element-populated\">\n\t\t\t\t\t\t<div class=\"elementor-element elementor-element-7193dd1 elementor-widget elementor-widget-heading\" data-id=\"7193dd1\" data-element_type=\"widget\" data-widget_type=\"heading.default\">\n\t\t\t\t<div class=\"elementor-widget-container\">\n\t\t\t<h1 class=\"elementor-heading-title elementor-size-default\">Sonido en directo<\/h1>\t\t<\/div>\n\t\t\t\t<\/div>\n\t\t\t\t<div class=\"elementor-element elementor-element-4d45bd6 elementor-widget elementor-widget-spacer\" data-id=\"4d45bd6\" data-element_type=\"widget\" data-widget_type=\"spacer.default\">\n\t\t\t\t<div class=\"elementor-widget-container\">\n\t\t\t\t\t<div class=\"elementor-spacer\">\n\t\t\t<div class=\"elementor-spacer-inner\"><\/div>\n\t\t<\/div>\n\t\t\t\t<\/div>\n\t\t\t\t<\/div>\n\t\t\t\t<div class=\"elementor-element elementor-element-9a8e6b4 elementor-widget elementor-widget-heading\" data-id=\"9a8e6b4\" data-element_type=\"widget\" data-widget_type=\"heading.default\">\n\t\t\t\t<div class=\"elementor-widget-container\">\n\t\t\t<h3 class=\"elementor-heading-title elementor-size-default\">Casos pr\u00e1cticos<\/h3>\t\t<\/div>\n\t\t\t\t<\/div>\n\t\t\t\t\t<\/div>\n\t\t<\/div>\n\t\t\t\t\t<\/div>\n\t\t<\/section>\n\t\t\t\t<section class=\"elementor-section elementor-top-section elementor-element elementor-element-d24f08a elementor-section-boxed elementor-section-height-default elementor-section-height-default\" data-id=\"d24f08a\" data-element_type=\"section\">\n\t\t\t\t\t\t<div class=\"elementor-container elementor-column-gap-default\">\n\t\t\t\t\t<div class=\"elementor-column elementor-col-100 elementor-top-column elementor-element elementor-element-ce4974a\" data-id=\"ce4974a\" data-element_type=\"column\">\n\t\t\t<div class=\"elementor-widget-wrap elementor-element-populated\">\n\t\t\t\t\t\t<div class=\"elementor-element elementor-element-7eca492 elementor-widget elementor-widget-text-editor\" data-id=\"7eca492\" data-element_type=\"widget\" data-widget_type=\"text-editor.default\">\n\t\t\t\t<div class=\"elementor-widget-container\">\n\t\t\t\t\t\t\t<p>Con m\u00e1s de 20 a\u00f1os de desarrollo, Audiocenter ofrece soluciones de audio completas que incluyen sistemas line array, altavoces de columna, amplificadores de potencia de clase D, procesadores, matrices de audio y mucho m\u00e1s, con una alta fiabilidad, un buen rendimiento de sonido y una excelente relaci\u00f3n calidad-precio. No importa si se trata de actuaciones profesionales en directo, integraci\u00f3n de sistemas audiovisuales o venta al por menor y al por mayor, tenemos las soluciones de productos adecuadas para usted.<\/p>\n\t\t\t\t\t\t<\/div>\n\t\t\t\t<\/div>\n\t\t\t\t\t<\/div>\n\t\t<\/div>\n\t\t\t\t\t<\/div>\n\t\t<\/section>\n\t\t\t\t<section class=\"elementor-section elementor-top-section elementor-element elementor-element-bd7b16b elementor-section-boxed elementor-section-height-default elementor-section-height-default\" data-id=\"bd7b16b\" data-element_type=\"section\">\n\t\t\t\t\t\t<div class=\"elementor-container elementor-column-gap-default\">\n\t\t\t\t\t<div class=\"elementor-column elementor-col-100 elementor-top-column elementor-element elementor-element-45400d4\" data-id=\"45400d4\" data-element_type=\"column\">\n\t\t\t<div class=\"elementor-widget-wrap elementor-element-populated\">\n\t\t\t\t\t\t<div class=\"elementor-element elementor-element-bf2d005 load-more-btn preserve-img-ratio-cover elementor-widget elementor-widget-the7_elements\" data-id=\"bf2d005\" data-element_type=\"widget\" data-widget_type=\"the7_elements.default\">\n\t\t\t\t<div class=\"elementor-widget-container\">\n\t\t\t<div class=\"portfolio-shortcode the7-elementor-widget the7_elements-bf2d005 mode-grid dt-css-grid-wrap classic-layout-list description-under-image meta-info-off content-bg-on resize-by-browser-width loading-effect-none jquery-filter\" data-padding=\"15px\" data-mobile-columns-num=\"1\" data-tablet-columns-num=\"2\" data-desktop-columns-num=\"4\" data-wide-desktop-columns-num=\"4\" data-post-limit=\"12\" data-pagination-mode=\"load-more\" data-scroll-offset=\"\"><div class=\"dt-css-grid custom-pagination-handler\"><div class=\"visible wf-cell\" data-post-id=\"32884\" data-date=\"2023-11-18T07:20:14+00:00\" data-name=\"Festival de Playa Larga de Rayong 2023\"><article class=\"post visible no-img post-32884 type-post status-publish format-standard hentry category-sonido-en-directo\" data-name=\"Festival de Playa Larga de Rayong 2023\" data-date=\"2023-11-18T07:20:14+00:00\">\n\n<div class=\"post-entry-content\">\n\n\t<h3 class=\"ele-entry-title\"><a href=\"https:\/\/test.audiocenter.net\/es\/festival-de-playa-larga-de-rayong-2023\/\" rel=\"bookmark\" title=\"Festival de Playa Larga de Rayong 2023\">Festival de Playa Larga de Rayong 2023<\/a><\/h3>\n<\/div><\/article><\/div><div class=\"visible wf-cell\" data-post-id=\"27089\" data-date=\"2023-08-11T08:38:00+00:00\" data-name=\"AUDIOCENTER al d\u00eda desde Indonesia\"><article class=\"post visible post-27089 type-post status-publish format-standard has-post-thumbnail hentry category-noticias-de-empresa category-sonido-en-directo\" data-name=\"AUDIOCENTER al d\u00eda desde Indonesia\" data-date=\"2023-08-11T08:38:00+00:00\">\n\n\t<div class=\"post-thumbnail-wrap\">\n\t\t<div class=\"post-thumbnail\">\n\n\t\t\t<a class=\"post-thumbnail-rollover layzr-bg img-css-resize-wrapper\" aria-label=\"Post image\" href=\"https:\/\/test.audiocenter.net\/es\/audiocenter-al-dia-desde-indonesia\/\"><img fetchpriority=\"high\" decoding=\"async\" width=\"1440\" height=\"1080\" src=\"data:image\/svg+xml,%3Csvg%20xmlns%3D&#039;http%3A%2F%2Fwww.w3.org%2F2000%2Fsvg&#039;%20viewBox%3D&#039;0%200%201440%201080&#039;%2F%3E\" class=\"attachment-full size-full preload-me aspect lazy lazy-load\" alt=\"\" sizes=\"(max-width: 1440px) 100vw, 1440px\" style=\"--ratio: 1440 \/ 1080;\" data-src=\"https:\/\/test.audiocenter.net\/wp-content\/uploads\/2023\/08\/358360533_852448123162022_6766375396113576720_n.jpg\" loading=\"eager\" data-srcset=\"https:\/\/test.audiocenter.net\/wp-content\/uploads\/2023\/08\/358360533_852448123162022_6766375396113576720_n.jpg 1440w, https:\/\/test.audiocenter.net\/wp-content\/uploads\/2023\/08\/358360533_852448123162022_6766375396113576720_n-1000x750.jpg 1000w, https:\/\/test.audiocenter.net\/wp-content\/uploads\/2023\/08\/358360533_852448123162022_6766375396113576720_n-300x225.jpg 300w, https:\/\/test.audiocenter.net\/wp-content\/uploads\/2023\/08\/358360533_852448123162022_6766375396113576720_n-1024x768.jpg 1024w, https:\/\/test.audiocenter.net\/wp-content\/uploads\/2023\/08\/358360533_852448123162022_6766375396113576720_n-768x576.jpg 768w\" \/><\/a>\n\t\t<\/div>\n\t<\/div>\n\n\n<div class=\"post-entry-content\">\n\n\t<h3 class=\"ele-entry-title\"><a href=\"https:\/\/test.audiocenter.net\/es\/audiocenter-al-dia-desde-indonesia\/\" rel=\"bookmark\" title=\"AUDIOCENTER al d\u00eda desde Indonesia\">AUDIOCENTER al d\u00eda desde Indonesia<\/a><\/h3>\n<\/div><\/article><\/div><div class=\"visible wf-cell\" data-post-id=\"32889\" data-date=\"2023-06-26T06:46:00+00:00\" data-name=\"Marcha del Orgullo y Festival del Orgullo en Metro Manila 2023\"><article class=\"post visible no-img post-32889 type-post status-publish format-standard hentry category-sonido-en-directo\" data-name=\"Marcha del Orgullo y Festival del Orgullo en Metro Manila 2023\" data-date=\"2023-06-26T06:46:00+00:00\">\n\n<div class=\"post-entry-content\">\n\n\t<h3 class=\"ele-entry-title\"><a href=\"https:\/\/test.audiocenter.net\/es\/marcha-del-orgullo-y-festival-del-orgullo-en-metro-manila-2023\/\" rel=\"bookmark\" title=\"Marcha del Orgullo y Festival del Orgullo en Metro Manila 2023\">Marcha del Orgullo y Festival del Orgullo en Metro Manila 2023<\/a><\/h3>\n<\/div><\/article><\/div><div class=\"visible wf-cell\" data-post-id=\"29155\" data-date=\"2019-08-10T12:08:00+00:00\" data-name=\"Ceremonia de inauguraci\u00f3n de la efigie de Udo Lindenberg en Gronau , Alemania\"><article class=\"post visible post-29155 type-post status-publish format-standard has-post-thumbnail hentry category-sonido-en-directo tag-k-la-dsp-es\" data-name=\"Ceremonia de inauguraci\u00f3n de la efigie de Udo Lindenberg en Gronau , Alemania\" data-date=\"2019-08-10T12:08:00+00:00\">\n\n\t<div class=\"post-thumbnail-wrap\">\n\t\t<div class=\"post-thumbnail\">\n\n\t\t\t<a class=\"post-thumbnail-rollover layzr-bg img-css-resize-wrapper\" aria-label=\"Post image\" href=\"https:\/\/test.audiocenter.net\/es\/ceremonia-de-inauguracion-de-la-efigie-de-udo-lindenberg-en-gronau-alemania\/\"><img decoding=\"async\" width=\"2560\" height=\"1440\" src=\"data:image\/svg+xml,%3Csvg%20xmlns%3D&#039;http%3A%2F%2Fwww.w3.org%2F2000%2Fsvg&#039;%20viewBox%3D&#039;0%200%202560%201440&#039;%2F%3E\" class=\"attachment-full size-full preload-me aspect lazy lazy-load\" alt=\"\" sizes=\"(max-width: 2560px) 100vw, 2560px\" style=\"--ratio: 2560 \/ 1440;\" data-src=\"https:\/\/test.audiocenter.net\/wp-content\/uploads\/2023\/08\/10-scaled.jpg\" loading=\"eager\" data-srcset=\"https:\/\/test.audiocenter.net\/wp-content\/uploads\/2023\/08\/10-scaled.jpg 2560w, https:\/\/test.audiocenter.net\/wp-content\/uploads\/2023\/08\/10-scaled-1000x563.jpg 1000w, https:\/\/test.audiocenter.net\/wp-content\/uploads\/2023\/08\/10-300x169.jpg 300w, https:\/\/test.audiocenter.net\/wp-content\/uploads\/2023\/08\/10-1024x576.jpg 1024w, https:\/\/test.audiocenter.net\/wp-content\/uploads\/2023\/08\/10-768x432.jpg 768w, https:\/\/test.audiocenter.net\/wp-content\/uploads\/2023\/08\/10-1536x864.jpg 1536w, https:\/\/test.audiocenter.net\/wp-content\/uploads\/2023\/08\/10-2048x1152.jpg 2048w\" \/><\/a>\n\t\t<\/div>\n\t<\/div>\n\n\n<div class=\"post-entry-content\">\n\n\t<h3 class=\"ele-entry-title\"><a href=\"https:\/\/test.audiocenter.net\/es\/ceremonia-de-inauguracion-de-la-efigie-de-udo-lindenberg-en-gronau-alemania\/\" rel=\"bookmark\" title=\"Ceremonia de inauguraci\u00f3n de la efigie de Udo Lindenberg en Gronau , Alemania\">Ceremonia de inauguraci\u00f3n de la efigie de Udo Lindenberg en Gronau , Alemania<\/a><\/h3>\n<\/div><\/article><\/div><div class=\"visible wf-cell\" data-post-id=\"29139\" data-date=\"2019-04-13T09:50:00+00:00\" data-name=\"Festividad de Kadalag-an 2018 en Filipinas\"><article class=\"post visible post-29139 type-post status-publish format-standard has-post-thumbnail hentry category-sonido-en-directo\" data-name=\"Festividad de Kadalag-an 2018 en Filipinas\" data-date=\"2019-04-13T09:50:00+00:00\">\n\n\t<div class=\"post-thumbnail-wrap\">\n\t\t<div class=\"post-thumbnail\">\n\n\t\t\t<a class=\"post-thumbnail-rollover layzr-bg img-css-resize-wrapper\" aria-label=\"Post image\" href=\"https:\/\/test.audiocenter.net\/es\/festividad-de-kadalag-an-2018-en-filipinas\/\"><img decoding=\"async\" width=\"1110\" height=\"540\" src=\"data:image\/svg+xml,%3Csvg%20xmlns%3D&#039;http%3A%2F%2Fwww.w3.org%2F2000%2Fsvg&#039;%20viewBox%3D&#039;0%200%201110%20540&#039;%2F%3E\" class=\"attachment-full size-full preload-me aspect lazy lazy-load\" alt=\"\" sizes=\"(max-width: 1110px) 100vw, 1110px\" style=\"--ratio: 1110 \/ 540;\" data-src=\"https:\/\/test.audiocenter.net\/wp-content\/uploads\/2023\/08\/\u5fae\u4fe1\u56fe\u7247_20190411103603.jpg\" loading=\"eager\" data-srcset=\"https:\/\/test.audiocenter.net\/wp-content\/uploads\/2023\/08\/\u5fae\u4fe1\u56fe\u7247_20190411103603.jpg 1110w, https:\/\/test.audiocenter.net\/wp-content\/uploads\/2023\/08\/\u5fae\u4fe1\u56fe\u7247_20190411103603-1000x486.jpg 1000w, https:\/\/test.audiocenter.net\/wp-content\/uploads\/2023\/08\/\u5fae\u4fe1\u56fe\u7247_20190411103603-300x146.jpg 300w, https:\/\/test.audiocenter.net\/wp-content\/uploads\/2023\/08\/\u5fae\u4fe1\u56fe\u7247_20190411103603-1024x498.jpg 1024w, https:\/\/test.audiocenter.net\/wp-content\/uploads\/2023\/08\/\u5fae\u4fe1\u56fe\u7247_20190411103603-768x374.jpg 768w\" \/><\/a>\n\t\t<\/div>\n\t<\/div>\n\n\n<div class=\"post-entry-content\">\n\n\t<h3 class=\"ele-entry-title\"><a href=\"https:\/\/test.audiocenter.net\/es\/festividad-de-kadalag-an-2018-en-filipinas\/\" rel=\"bookmark\" title=\"Festividad de Kadalag-an 2018 en Filipinas\">Festividad de Kadalag-an 2018 en Filipinas<\/a><\/h3>\n<\/div><\/article><\/div><div class=\"visible wf-cell\" data-post-id=\"29157\" data-date=\"2018-10-10T09:26:00+00:00\" data-name=\"Festival de m\u00fasica Viva Dinagyang 2018\"><article class=\"post visible post-29157 type-post status-publish format-standard has-post-thumbnail hentry category-sonido-en-directo\" data-name=\"Festival de m\u00fasica Viva Dinagyang 2018\" data-date=\"2018-10-10T09:26:00+00:00\">\n\n\t<div class=\"post-thumbnail-wrap\">\n\t\t<div class=\"post-thumbnail\">\n\n\t\t\t<a class=\"post-thumbnail-rollover layzr-bg img-css-resize-wrapper\" aria-label=\"Post image\" href=\"https:\/\/test.audiocenter.net\/es\/festival-de-musica-viva-dinagyang-2018\/\"><img decoding=\"async\" width=\"640\" height=\"517\" src=\"data:image\/svg+xml,%3Csvg%20xmlns%3D&#039;http%3A%2F%2Fwww.w3.org%2F2000%2Fsvg&#039;%20viewBox%3D&#039;0%200%20640%20517&#039;%2F%3E\" class=\"attachment-full size-full preload-me aspect lazy lazy-load\" alt=\"\" sizes=\"(max-width: 640px) 100vw, 640px\" style=\"--ratio: 640 \/ 517;\" data-src=\"https:\/\/test.audiocenter.net\/wp-content\/uploads\/2023\/08\/3.jpg\" loading=\"eager\" data-srcset=\"https:\/\/test.audiocenter.net\/wp-content\/uploads\/2023\/08\/3.jpg 640w, https:\/\/test.audiocenter.net\/wp-content\/uploads\/2023\/08\/3-300x242.jpg 300w\" \/><\/a>\n\t\t<\/div>\n\t<\/div>\n\n\n<div class=\"post-entry-content\">\n\n\t<h3 class=\"ele-entry-title\"><a href=\"https:\/\/test.audiocenter.net\/es\/festival-de-musica-viva-dinagyang-2018\/\" rel=\"bookmark\" title=\"Festival de m\u00fasica Viva Dinagyang 2018\">Festival de m\u00fasica Viva Dinagyang 2018<\/a><\/h3>\n<\/div><\/article><\/div><div class=\"visible wf-cell\" data-post-id=\"29159\" data-date=\"2018-08-10T11:37:00+00:00\" data-name=\"Festival de M\u00fasica Dream Sonic de Sanya\"><article class=\"post visible post-29159 type-post status-publish format-standard has-post-thumbnail hentry category-sonido-en-directo\" data-name=\"Festival de M\u00fasica Dream Sonic de Sanya\" data-date=\"2018-08-10T11:37:00+00:00\">\n\n\t<div class=\"post-thumbnail-wrap\">\n\t\t<div class=\"post-thumbnail\">\n\n\t\t\t<a class=\"post-thumbnail-rollover layzr-bg img-css-resize-wrapper\" aria-label=\"Post image\" href=\"https:\/\/test.audiocenter.net\/es\/festival-de-musica-dream-sonic-de-sanya\/\"><img decoding=\"async\" width=\"2560\" height=\"1707\" src=\"data:image\/svg+xml,%3Csvg%20xmlns%3D&#039;http%3A%2F%2Fwww.w3.org%2F2000%2Fsvg&#039;%20viewBox%3D&#039;0%200%202560%201707&#039;%2F%3E\" class=\"attachment-full size-full preload-me aspect lazy lazy-load\" alt=\"\" sizes=\"(max-width: 2560px) 100vw, 2560px\" style=\"--ratio: 2560 \/ 1707;\" data-src=\"https:\/\/test.audiocenter.net\/wp-content\/uploads\/2023\/08\/IMG_3752-scaled.jpg\" loading=\"eager\" data-srcset=\"https:\/\/test.audiocenter.net\/wp-content\/uploads\/2023\/08\/IMG_3752-scaled.jpg 2560w, https:\/\/test.audiocenter.net\/wp-content\/uploads\/2023\/08\/IMG_3752-scaled-1000x667.jpg 1000w, https:\/\/test.audiocenter.net\/wp-content\/uploads\/2023\/08\/IMG_3752-300x200.jpg 300w, https:\/\/test.audiocenter.net\/wp-content\/uploads\/2023\/08\/IMG_3752-1024x683.jpg 1024w, https:\/\/test.audiocenter.net\/wp-content\/uploads\/2023\/08\/IMG_3752-768x512.jpg 768w, https:\/\/test.audiocenter.net\/wp-content\/uploads\/2023\/08\/IMG_3752-1536x1024.jpg 1536w, https:\/\/test.audiocenter.net\/wp-content\/uploads\/2023\/08\/IMG_3752-2048x1365.jpg 2048w\" \/><\/a>\n\t\t<\/div>\n\t<\/div>\n\n\n<div class=\"post-entry-content\">\n\n\t<h3 class=\"ele-entry-title\"><a href=\"https:\/\/test.audiocenter.net\/es\/festival-de-musica-dream-sonic-de-sanya\/\" rel=\"bookmark\" title=\"Festival de M\u00fasica Dream Sonic de Sanya\">Festival de M\u00fasica Dream Sonic de Sanya<\/a><\/h3>\n<\/div><\/article><\/div><div class=\"visible wf-cell\" data-post-id=\"29142\" data-date=\"2017-09-10T11:00:00+00:00\" data-name=\"El drama de fantas\u00eda musical The Birds Nest-Attraction\"><article class=\"post visible post-29142 type-post status-publish format-standard has-post-thumbnail hentry category-sonido-en-directo\" data-name=\"El drama de fantas\u00eda musical The Birds Nest-Attraction\" data-date=\"2017-09-10T11:00:00+00:00\">\n\n\t<div class=\"post-thumbnail-wrap\">\n\t\t<div class=\"post-thumbnail\">\n\n\t\t\t<a class=\"post-thumbnail-rollover layzr-bg img-css-resize-wrapper\" aria-label=\"Post image\" href=\"https:\/\/test.audiocenter.net\/es\/el-drama-de-fantasia-musical-the-birds-nest-attraction\/\"><img decoding=\"async\" width=\"1280\" height=\"587\" src=\"data:image\/svg+xml,%3Csvg%20xmlns%3D&#039;http%3A%2F%2Fwww.w3.org%2F2000%2Fsvg&#039;%20viewBox%3D&#039;0%200%201280%20587&#039;%2F%3E\" class=\"attachment-full size-full preload-me aspect lazy lazy-load\" alt=\"\" sizes=\"(max-width: 1280px) 100vw, 1280px\" style=\"--ratio: 1280 \/ 587;\" data-src=\"https:\/\/test.audiocenter.net\/wp-content\/uploads\/2023\/08\/0-1.jpg\" loading=\"eager\" data-srcset=\"https:\/\/test.audiocenter.net\/wp-content\/uploads\/2023\/08\/0-1.jpg 1280w, https:\/\/test.audiocenter.net\/wp-content\/uploads\/2023\/08\/0-1-1000x459.jpg 1000w, https:\/\/test.audiocenter.net\/wp-content\/uploads\/2023\/08\/0-1-300x138.jpg 300w, https:\/\/test.audiocenter.net\/wp-content\/uploads\/2023\/08\/0-1-1024x470.jpg 1024w, https:\/\/test.audiocenter.net\/wp-content\/uploads\/2023\/08\/0-1-768x352.jpg 768w\" \/><\/a>\n\t\t<\/div>\n\t<\/div>\n\n\n<div class=\"post-entry-content\">\n\n\t<h3 class=\"ele-entry-title\"><a href=\"https:\/\/test.audiocenter.net\/es\/el-drama-de-fantasia-musical-the-birds-nest-attraction\/\" rel=\"bookmark\" title=\"El drama de fantas\u00eda musical The Birds Nest-Attraction\">El drama de fantas\u00eda musical The Birds Nest-Attraction<\/a><\/h3>\n<\/div><\/article><\/div><div class=\"visible wf-cell\" data-post-id=\"29161\" data-date=\"2017-07-16T11:31:00+00:00\" data-name=\"\u00a1Una locura durante 8 horas! \u00a1Audiocenter est\u00e1 siempre contigo!\"><article class=\"post visible post-29161 type-post status-publish format-standard has-post-thumbnail hentry category-estudio-de-caso category-sonido-en-directo tag-k-la-dsp-es\" data-name=\"\u00a1Una locura durante 8 horas! \u00a1Audiocenter est\u00e1 siempre contigo!\" data-date=\"2017-07-16T11:31:00+00:00\">\n\n\t<div class=\"post-thumbnail-wrap\">\n\t\t<div class=\"post-thumbnail\">\n\n\t\t\t<a class=\"post-thumbnail-rollover layzr-bg img-css-resize-wrapper\" aria-label=\"Post image\" href=\"https:\/\/test.audiocenter.net\/es\/una-locura-durante-8-horas-audiocenter-esta-siempre-contigo\/\"><img decoding=\"async\" width=\"2560\" height=\"1707\" src=\"data:image\/svg+xml,%3Csvg%20xmlns%3D&#039;http%3A%2F%2Fwww.w3.org%2F2000%2Fsvg&#039;%20viewBox%3D&#039;0%200%202560%201707&#039;%2F%3E\" class=\"attachment-full size-full preload-me aspect lazy lazy-load\" alt=\"\" sizes=\"(max-width: 2560px) 100vw, 2560px\" style=\"--ratio: 2560 \/ 1707;\" data-src=\"https:\/\/test.audiocenter.net\/wp-content\/uploads\/2023\/08\/IMG_5096-scaled.jpg\" loading=\"eager\" data-srcset=\"https:\/\/test.audiocenter.net\/wp-content\/uploads\/2023\/08\/IMG_5096-scaled.jpg 2560w, https:\/\/test.audiocenter.net\/wp-content\/uploads\/2023\/08\/IMG_5096-scaled-1000x667.jpg 1000w, https:\/\/test.audiocenter.net\/wp-content\/uploads\/2023\/08\/IMG_5096-300x200.jpg 300w, https:\/\/test.audiocenter.net\/wp-content\/uploads\/2023\/08\/IMG_5096-1024x683.jpg 1024w, https:\/\/test.audiocenter.net\/wp-content\/uploads\/2023\/08\/IMG_5096-768x512.jpg 768w, https:\/\/test.audiocenter.net\/wp-content\/uploads\/2023\/08\/IMG_5096-1536x1024.jpg 1536w, https:\/\/test.audiocenter.net\/wp-content\/uploads\/2023\/08\/IMG_5096-2048x1365.jpg 2048w\" \/><\/a>\n\t\t<\/div>\n\t<\/div>\n\n\n<div class=\"post-entry-content\">\n\n\t<h3 class=\"ele-entry-title\"><a href=\"https:\/\/test.audiocenter.net\/es\/una-locura-durante-8-horas-audiocenter-esta-siempre-contigo\/\" rel=\"bookmark\" title=\"\u00a1Una locura durante 8 horas! \u00a1Audiocenter est\u00e1 siempre contigo!\">\u00a1Una locura durante 8 horas! \u00a1Audiocenter est\u00e1 siempre contigo!<\/a><\/h3>\n<\/div><\/article><\/div><div class=\"visible wf-cell\" data-post-id=\"29166\" data-date=\"2016-10-10T10:03:00+00:00\" data-name=\"26\u00ba Festival de Cine del Gallo de Oro y las Cien Flores de China\"><article class=\"post visible post-29166 type-post status-publish format-standard has-post-thumbnail hentry category-sonido-en-directo\" data-name=\"26\u00ba Festival de Cine del Gallo de Oro y las Cien Flores de China\" data-date=\"2016-10-10T10:03:00+00:00\">\n\n\t<div class=\"post-thumbnail-wrap\">\n\t\t<div class=\"post-thumbnail\">\n\n\t\t\t<a class=\"post-thumbnail-rollover layzr-bg img-css-resize-wrapper\" aria-label=\"Post image\" href=\"https:\/\/test.audiocenter.net\/es\/26o-festival-de-cine-del-gallo-de-oro-y-las-cien-flores-de-china\/\"><img decoding=\"async\" width=\"1920\" height=\"1280\" src=\"data:image\/svg+xml,%3Csvg%20xmlns%3D&#039;http%3A%2F%2Fwww.w3.org%2F2000%2Fsvg&#039;%20viewBox%3D&#039;0%200%201920%201280&#039;%2F%3E\" class=\"attachment-full size-full preload-me aspect lazy lazy-load\" alt=\"\" sizes=\"(max-width: 1920px) 100vw, 1920px\" style=\"--ratio: 1920 \/ 1280;\" data-src=\"https:\/\/test.audiocenter.net\/wp-content\/uploads\/2023\/08\/IMG_4103_1.jpg\" loading=\"eager\" data-srcset=\"https:\/\/test.audiocenter.net\/wp-content\/uploads\/2023\/08\/IMG_4103_1.jpg 1920w, https:\/\/test.audiocenter.net\/wp-content\/uploads\/2023\/08\/IMG_4103_1-1000x667.jpg 1000w, https:\/\/test.audiocenter.net\/wp-content\/uploads\/2023\/08\/IMG_4103_1-300x200.jpg 300w, https:\/\/test.audiocenter.net\/wp-content\/uploads\/2023\/08\/IMG_4103_1-1024x683.jpg 1024w, https:\/\/test.audiocenter.net\/wp-content\/uploads\/2023\/08\/IMG_4103_1-768x512.jpg 768w, https:\/\/test.audiocenter.net\/wp-content\/uploads\/2023\/08\/IMG_4103_1-1536x1024.jpg 1536w\" \/><\/a>\n\t\t<\/div>\n\t<\/div>\n\n\n<div class=\"post-entry-content\">\n\n\t<h3 class=\"ele-entry-title\"><a href=\"https:\/\/test.audiocenter.net\/es\/26o-festival-de-cine-del-gallo-de-oro-y-las-cien-flores-de-china\/\" rel=\"bookmark\" title=\"26\u00ba Festival de Cine del Gallo de Oro y las Cien Flores de China\">26\u00ba Festival de Cine del Gallo de Oro y las Cien Flores de China<\/a><\/h3>\n<\/div><\/article><\/div><\/div><!-- iso-container|iso-grid --><div class=\"paginator filter-decorations paginator-more-button filter-pointer-underline\">\n\t\t\t\t<a class=\"button-load-more highlighted filter-item\" href=\"javascript:void(0);\" data-dt-page=\"1\" ><i aria-hidden=\"true\" class=\"fas fa-arrow-circle-down\"><\/i><span class=\"button-caption\">Cargar m\u00e1s<\/span><\/a>\n\t\t\t<\/div><\/div>\t\t<\/div>\n\t\t\t\t<\/div>\n\t\t\t\t\t<\/div>\n\t\t<\/div>\n\t\t\t\t\t<\/div>\n\t\t<\/section>\n\t\t\t\t<\/div>\n\t\t","protected":false},"excerpt":{"rendered":"<p>Sonido en directo Casos pr\u00e1cticos Con m\u00e1s de 20 a\u00f1os de desarrollo, Audiocenter ofrece soluciones de audio completas que incluyen sistemas line array, altavoces de columna, amplificadores de potencia de clase D, procesadores, matrices de audio y mucho m\u00e1s, con una alta fiabilidad, un buen rendimiento de sonido y una excelente relaci\u00f3n calidad-precio. No importa&hellip;<\/p>\n","protected":false},"author":1,"featured_media":0,"parent":0,"menu_order":0,"comment_status":"closed","ping_status":"closed","template":"elementor_header_footer","meta":{"footnotes":""},"class_list":["post-27136","page","type-page","status-publish","hentry"],"_links":{"self":[{"href":"https:\/\/test.audiocenter.net\/es\/wp-json\/wp\/v2\/pages\/27136","targetHints":{"allow":["GET"]}}],"collection":[{"href":"https:\/\/test.audiocenter.net\/es\/wp-json\/wp\/v2\/pages"}],"about":[{"href":"https:\/\/test.audiocenter.net\/es\/wp-json\/wp\/v2\/types\/page"}],"author":[{"embeddable":true,"href":"https:\/\/test.audiocenter.net\/es\/wp-json\/wp\/v2\/users\/1"}],"replies":[{"embeddable":true,"href":"https:\/\/test.audiocenter.net\/es\/wp-json\/wp\/v2\/comments?post=27136"}],"version-history":[{"count":4,"href":"https:\/\/test.audiocenter.net\/es\/wp-json\/wp\/v2\/pages\/27136\/revisions"}],"predecessor-version":[{"id":32917,"href":"https:\/\/test.audiocenter.net\/es\/wp-json\/wp\/v2\/pages\/27136\/revisions\/32917"}],"wp:attachment":[{"href":"https:\/\/test.audiocenter.net\/es\/wp-json\/wp\/v2\/media?parent=27136"}],"curies":[{"name":"wp","href":"https:\/\/api.w.org\/{rel}","templated":true}]}}