{"id":27133,"date":"2023-04-24T01:16:18","date_gmt":"2023-04-24T01:16:18","guid":{"rendered":"http:\/\/audiocenter.cc\/noticias-y-eventos\/"},"modified":"2023-11-18T07:46:20","modified_gmt":"2023-11-18T07:46:20","slug":"noticias-y-eventos","status":"publish","type":"page","link":"https:\/\/test.audiocenter.net\/es\/noticias-y-eventos\/","title":{"rendered":"Noticias y eventos"},"content":{"rendered":"\t\t<div data-elementor-type=\"wp-page\" data-elementor-id=\"27133\" class=\"elementor elementor-27133 elementor-11730\" data-elementor-post-type=\"page\">\n\t\t\t\t\t\t<section class=\"elementor-section elementor-top-section elementor-element elementor-element-7905712 elementor-section-height-min-height elementor-section-boxed elementor-section-height-default elementor-section-items-middle\" data-id=\"7905712\" data-element_type=\"section\" data-settings=\"{&quot;background_background&quot;:&quot;classic&quot;}\">\n\t\t\t\t\t\t\t<div class=\"elementor-background-overlay\"><\/div>\n\t\t\t\t\t\t\t<div class=\"elementor-container elementor-column-gap-default\">\n\t\t\t\t\t<div class=\"elementor-column elementor-col-100 elementor-top-column elementor-element elementor-element-36ffbfe\" data-id=\"36ffbfe\" data-element_type=\"column\">\n\t\t\t<div class=\"elementor-widget-wrap elementor-element-populated\">\n\t\t\t\t\t\t<div class=\"elementor-element elementor-element-21df1ed elementor-widget elementor-widget-heading\" data-id=\"21df1ed\" data-element_type=\"widget\" data-widget_type=\"heading.default\">\n\t\t\t\t<div class=\"elementor-widget-container\">\n\t\t\t<h1 class=\"elementor-heading-title elementor-size-default\">Noticias y eventos<\/h1>\t\t<\/div>\n\t\t\t\t<\/div>\n\t\t\t\t<div class=\"elementor-element elementor-element-d99f059 elementor-widget elementor-widget-spacer\" data-id=\"d99f059\" data-element_type=\"widget\" data-widget_type=\"spacer.default\">\n\t\t\t\t<div class=\"elementor-widget-container\">\n\t\t\t\t\t<div class=\"elementor-spacer\">\n\t\t\t<div class=\"elementor-spacer-inner\"><\/div>\n\t\t<\/div>\n\t\t\t\t<\/div>\n\t\t\t\t<\/div>\n\t\t\t\t<div class=\"elementor-element elementor-element-8f194ae elementor-widget elementor-widget-heading\" data-id=\"8f194ae\" data-element_type=\"widget\" data-widget_type=\"heading.default\">\n\t\t\t\t<div class=\"elementor-widget-container\">\n\t\t\t<h3 class=\"elementor-heading-title elementor-size-default\">Comunicados de prensa de audio<\/h3>\t\t<\/div>\n\t\t\t\t<\/div>\n\t\t\t\t\t<\/div>\n\t\t<\/div>\n\t\t\t\t\t<\/div>\n\t\t<\/section>\n\t\t\t\t<section class=\"elementor-section elementor-top-section elementor-element elementor-element-8c2d5b7 elementor-section-boxed elementor-section-height-default elementor-section-height-default\" data-id=\"8c2d5b7\" data-element_type=\"section\">\n\t\t\t\t\t\t<div class=\"elementor-container elementor-column-gap-default\">\n\t\t\t\t\t<div class=\"elementor-column elementor-col-100 elementor-top-column elementor-element elementor-element-4e333b3\" data-id=\"4e333b3\" data-element_type=\"column\">\n\t\t\t<div class=\"elementor-widget-wrap elementor-element-populated\">\n\t\t\t\t\t\t<div class=\"elementor-element elementor-element-ac28cd4 elementor-widget elementor-widget-text-editor\" data-id=\"ac28cd4\" data-element_type=\"widget\" data-widget_type=\"text-editor.default\">\n\t\t\t\t<div class=\"elementor-widget-container\">\n\t\t\t\t\t\t\t<p>Con m\u00e1s de 20 a\u00f1os de desarrollo, Audiocenter ofrece soluciones de audio completas que incluyen sistemas line array, altavoces de columna, amplificadores de potencia de clase D, procesadores, matrices de audio y mucho m\u00e1s, con una alta fiabilidad, un buen rendimiento de sonido y una excelente relaci\u00f3n calidad-precio. No importa si se trata de actuaciones profesionales en directo, integraci\u00f3n de sistemas audiovisuales o venta al por menor y al por mayor, tenemos las soluciones de productos adecuadas para usted.<\/p>\n\t\t\t\t\t\t<\/div>\n\t\t\t\t<\/div>\n\t\t\t\t\t<\/div>\n\t\t<\/div>\n\t\t\t\t\t<\/div>\n\t\t<\/section>\n\t\t\t\t<section class=\"elementor-section elementor-top-section elementor-element elementor-element-08c68b4 elementor-section-boxed elementor-section-height-default elementor-section-height-default\" data-id=\"08c68b4\" data-element_type=\"section\">\n\t\t\t\t\t\t<div class=\"elementor-container elementor-column-gap-default\">\n\t\t\t\t\t<div class=\"elementor-column elementor-col-100 elementor-top-column elementor-element elementor-element-a80967d\" data-id=\"a80967d\" data-element_type=\"column\">\n\t\t\t<div class=\"elementor-widget-wrap elementor-element-populated\">\n\t\t\t\t\t\t<div class=\"elementor-element elementor-element-ee7cc80 icon-box-vertical-align-center img-align-left image-vertical-align-start slide-h-position-left elementor-widget elementor-widget-the7-elements-simple-posts\" data-id=\"ee7cc80\" data-element_type=\"widget\" data-widget_type=\"the7-elements-simple-posts.default\">\n\t\t\t\t<div class=\"elementor-widget-container\">\n\t\t\t<div class=\"the7-simple-widget-posts the7-elementor-widget the7-elements-simple-posts-ee7cc80 title-to-line\" data-post-limit=\"-1\" data-pagination-mode=\"standard\" data-scroll-offset=\"\">\t\t\t<div class=\"dt-css-grid custom-pagination-handler\" data-columns=\"{&quot;d&quot;:1,&quot;t&quot;:1,&quot;p&quot;:1,&quot;wd&quot;:&quot;&quot;}\">\n\t\t\t\t\t\t\t\t\t<div class=\"wf-cell visible \">\n\t\t\t\t\t\t<article class=\"post visible wrapper post-32817 type-post status-publish format-standard has-post-thumbnail hentry category-noticias-de-empresa category-sonido-instalado category-357 category-445 description-off\">\n\n\t\t\t\t\t\t\t<div class=\"post-content-wrapper\">\n\t\t\t\t\t\t\t\t\t\t\t\t\t\t\t\t\t<div class=\"the7-simple-post-thumb\">\n\t\t\t\t\t\t\t\t\t\t<a class=\"post-thumbnail-rollover layzr-bg img-css-resize-wrapper\" aria-label=\"Post image\" href=\"https:\/\/test.audiocenter.net\/es\/la-atraccion-turistica-nacional-4a-opta-por-la-solucion-del-sistema-audiocenter-artist\/\"><img fetchpriority=\"high\" decoding=\"async\" width=\"1800\" height=\"968\" src=\"data:image\/svg+xml,%3Csvg%20xmlns%3D&#039;http%3A%2F%2Fwww.w3.org%2F2000%2Fsvg&#039;%20viewBox%3D&#039;0%200%201800%20968&#039;%2F%3E\" class=\"attachment-full size-full preload-me aspect lazy lazy-load\" alt=\"\" sizes=\"(max-width: 1800px) 100vw, 1800px\" style=\"--ratio: 1800 \/ 968;\" data-src=\"https:\/\/test.audiocenter.net\/wp-content\/uploads\/2023\/11\/yaxi.jpg\" loading=\"eager\" data-srcset=\"https:\/\/test.audiocenter.net\/wp-content\/uploads\/2023\/11\/yaxi.jpg 1800w, https:\/\/test.audiocenter.net\/wp-content\/uploads\/2023\/11\/yaxi-300x161.jpg 300w, https:\/\/test.audiocenter.net\/wp-content\/uploads\/2023\/11\/yaxi-1024x551.jpg 1024w, https:\/\/test.audiocenter.net\/wp-content\/uploads\/2023\/11\/yaxi-768x413.jpg 768w, https:\/\/test.audiocenter.net\/wp-content\/uploads\/2023\/11\/yaxi-1536x826.jpg 1536w, https:\/\/test.audiocenter.net\/wp-content\/uploads\/2023\/11\/yaxi-1000x538.jpg 1000w\" \/><span class=\"the7-hover-icon\"><\/span><\/a>\t\t\t\t\t\t\t\t\t<\/div>\n\t\t\t\t\t\t\t\t\t\t\t\t\t\t\t\t<div class=\"post-entry-content\">\n\t\t\t\t\t\t\t\t\t<h5 class=\"heading\"><a href=\"https:\/\/test.audiocenter.net\/es\/la-atraccion-turistica-nacional-4a-opta-por-la-solucion-del-sistema-audiocenter-artist\/\" rel=\"bookmark\" title=\"La atracci\u00f3n tur\u00edstica nacional 4A opta por la soluci\u00f3n del sistema Audiocenter Artist\" class=\"post-title\">La atracci\u00f3n tur\u00edstica nacional 4A opta por la soluci\u00f3n del sistema Audiocenter Artist<\/a><\/h5><div class=\"entry-meta\"><span class=\"meta-item category-link\"><a href=\"https:\/\/test.audiocenter.net\/es\/category\/noticias-de-empresa\/\" rel=\"tag\">Noticias de empresa<\/a>, <a href=\"https:\/\/test.audiocenter.net\/es\/category\/estudio-de-caso\/sonido-instalado\/\" rel=\"tag\">Sonido instalado<\/a><\/span><span class=\"meta-item data-link\"><time class=\"entry-date updated\" datetime=\"2023-11-18T06:46:10+00:00\">November 18, 2023<\/time><\/span><\/div><p class=\"short-description\">Referencias de proyectos de soluciones de sistemas de audio comercial de gama alta para artistas. Proyecto de la antigua aldea de Yaxi en el condado de Quannan,Jiangxi Aldea milenaria de Yaxi, atracci\u00f3n tur\u00edstica nacional 4A, 22 kil\u00f3metros en total.Todo el recinto utiliza soluciones de sistemas de audio comerciales Artist con&hellip;<\/p><a href=\"https:\/\/test.audiocenter.net\/es\/la-atraccion-turistica-nacional-4a-opta-por-la-solucion-del-sistema-audiocenter-artist\/\" target=\"\" aria-label=\"Read more about La atracci\u00f3n tur\u00edstica nacional 4A opta por la soluci\u00f3n del sistema Audiocenter Artist\" class=\"box-button elementor-button elementor-size-xs\">Art\u00edculo completo<i aria-hidden=\"true\" class=\"elementor-button-icon dt-icon-the7-arrow-552\"><\/i><\/a>\t\t\t\t\t\t\t\t<\/div>\n\t\t\t\t\t\t\t<\/div>\n\t\t\t\t\t\t<\/article>\n\t\t\t\t\t<\/div>\t\t\t\t\t\t\t\t\t\t<div class=\"wf-cell visible \">\n\t\t\t\t\t\t<article class=\"post visible wrapper post-31266 type-post status-publish format-standard has-post-thumbnail hentry category-noticias-de-empresa category-357 description-off\">\n\n\t\t\t\t\t\t\t<div class=\"post-content-wrapper\">\n\t\t\t\t\t\t\t\t\t\t\t\t\t\t\t\t\t<div class=\"the7-simple-post-thumb\">\n\t\t\t\t\t\t\t\t\t\t<a class=\"post-thumbnail-rollover layzr-bg img-css-resize-wrapper\" aria-label=\"Post image\" href=\"https:\/\/test.audiocenter.net\/es\/avanda-de-audiocenter-se-lanza-en-filipinas\/\"><img decoding=\"async\" width=\"1600\" height=\"1067\" src=\"data:image\/svg+xml,%3Csvg%20xmlns%3D&#039;http%3A%2F%2Fwww.w3.org%2F2000%2Fsvg&#039;%20viewBox%3D&#039;0%200%201600%201067&#039;%2F%3E\" class=\"attachment-full size-full preload-me aspect lazy lazy-load\" alt=\"\" sizes=\"(max-width: 1600px) 100vw, 1600px\" style=\"--ratio: 1600 \/ 1067;\" data-src=\"https:\/\/test.audiocenter.net\/wp-content\/uploads\/2023\/09\/DSC00795.webp\" loading=\"eager\" data-srcset=\"https:\/\/test.audiocenter.net\/wp-content\/uploads\/2023\/09\/DSC00795.webp 1600w, https:\/\/test.audiocenter.net\/wp-content\/uploads\/2023\/09\/DSC00795-300x200.webp 300w, https:\/\/test.audiocenter.net\/wp-content\/uploads\/2023\/09\/DSC00795-1024x683.webp 1024w, https:\/\/test.audiocenter.net\/wp-content\/uploads\/2023\/09\/DSC00795-768x512.webp 768w, https:\/\/test.audiocenter.net\/wp-content\/uploads\/2023\/09\/DSC00795-1536x1024.webp 1536w, https:\/\/test.audiocenter.net\/wp-content\/uploads\/2023\/09\/DSC00795-1000x667.webp 1000w\" \/><span class=\"the7-hover-icon\"><\/span><\/a>\t\t\t\t\t\t\t\t\t<\/div>\n\t\t\t\t\t\t\t\t\t\t\t\t\t\t\t\t<div class=\"post-entry-content\">\n\t\t\t\t\t\t\t\t\t<h5 class=\"heading\"><a href=\"https:\/\/test.audiocenter.net\/es\/avanda-de-audiocenter-se-lanza-en-filipinas\/\" rel=\"bookmark\" title=\"Avanda, de Audiocenter, se lanza en Filipinas\" class=\"post-title\">Avanda, de Audiocenter, se lanza en Filipinas<\/a><\/h5><div class=\"entry-meta\"><span class=\"meta-item category-link\"><a href=\"https:\/\/test.audiocenter.net\/es\/category\/noticias-de-empresa\/\" rel=\"tag\">Noticias de empresa<\/a><\/span><span class=\"meta-item data-link\"><time class=\"entry-date updated\" datetime=\"2023-09-22T09:50:13+00:00\">September 22, 2023<\/time><\/span><\/div><p class=\"short-description\">FILIPINAS: Entre el din\u00e1mico paisaje urbano de Metro Manila, se celebr\u00f3 recientemente un acto de presentaci\u00f3n de Avanda de Audiocenter en el Quirino Grandstand. La Tribuna cont\u00f3 con una oferta tecnol\u00f3gica y auditiva dirigida a un p\u00fablico diverso de entusiastas de la tecnolog\u00eda, l\u00edderes del sector y luminarias de los&hellip;<\/p><a href=\"https:\/\/test.audiocenter.net\/es\/avanda-de-audiocenter-se-lanza-en-filipinas\/\" target=\"\" aria-label=\"Read more about Avanda, de Audiocenter, se lanza en Filipinas\" class=\"box-button elementor-button elementor-size-xs\">Art\u00edculo completo<i aria-hidden=\"true\" class=\"elementor-button-icon dt-icon-the7-arrow-552\"><\/i><\/a>\t\t\t\t\t\t\t\t<\/div>\n\t\t\t\t\t\t\t<\/div>\n\t\t\t\t\t\t<\/article>\n\t\t\t\t\t<\/div>\t\t\t\t\t\t\t\t\t\t<div class=\"wf-cell visible \">\n\t\t\t\t\t\t<article class=\"post visible wrapper post-27089 type-post status-publish format-standard has-post-thumbnail hentry category-noticias-de-empresa category-sonido-en-directo category-357 category-358 description-off\">\n\n\t\t\t\t\t\t\t<div class=\"post-content-wrapper\">\n\t\t\t\t\t\t\t\t\t\t\t\t\t\t\t\t\t<div class=\"the7-simple-post-thumb\">\n\t\t\t\t\t\t\t\t\t\t<a class=\"post-thumbnail-rollover layzr-bg img-css-resize-wrapper\" aria-label=\"Post image\" href=\"https:\/\/test.audiocenter.net\/es\/audiocenter-al-dia-desde-indonesia\/\"><img decoding=\"async\" width=\"1440\" height=\"1080\" src=\"data:image\/svg+xml,%3Csvg%20xmlns%3D&#039;http%3A%2F%2Fwww.w3.org%2F2000%2Fsvg&#039;%20viewBox%3D&#039;0%200%201440%201080&#039;%2F%3E\" class=\"attachment-full size-full preload-me aspect lazy lazy-load\" alt=\"\" sizes=\"(max-width: 1440px) 100vw, 1440px\" style=\"--ratio: 1440 \/ 1080;\" data-src=\"https:\/\/test.audiocenter.net\/wp-content\/uploads\/2023\/08\/358360533_852448123162022_6766375396113576720_n.jpg\" loading=\"eager\" data-srcset=\"https:\/\/test.audiocenter.net\/wp-content\/uploads\/2023\/08\/358360533_852448123162022_6766375396113576720_n.jpg 1440w, https:\/\/test.audiocenter.net\/wp-content\/uploads\/2023\/08\/358360533_852448123162022_6766375396113576720_n-1000x750.jpg 1000w, https:\/\/test.audiocenter.net\/wp-content\/uploads\/2023\/08\/358360533_852448123162022_6766375396113576720_n-300x225.jpg 300w, https:\/\/test.audiocenter.net\/wp-content\/uploads\/2023\/08\/358360533_852448123162022_6766375396113576720_n-1024x768.jpg 1024w, https:\/\/test.audiocenter.net\/wp-content\/uploads\/2023\/08\/358360533_852448123162022_6766375396113576720_n-768x576.jpg 768w\" \/><span class=\"the7-hover-icon\"><\/span><\/a>\t\t\t\t\t\t\t\t\t<\/div>\n\t\t\t\t\t\t\t\t\t\t\t\t\t\t\t\t<div class=\"post-entry-content\">\n\t\t\t\t\t\t\t\t\t<h5 class=\"heading\"><a href=\"https:\/\/test.audiocenter.net\/es\/audiocenter-al-dia-desde-indonesia\/\" rel=\"bookmark\" title=\"AUDIOCENTER al d\u00eda desde Indonesia\" class=\"post-title\">AUDIOCENTER al d\u00eda desde Indonesia<\/a><\/h5><div class=\"entry-meta\"><span class=\"meta-item category-link\"><a href=\"https:\/\/test.audiocenter.net\/es\/category\/noticias-de-empresa\/\" rel=\"tag\">Noticias de empresa<\/a>, <a href=\"https:\/\/test.audiocenter.net\/es\/category\/estudio-de-caso\/sonido-en-directo\/\" rel=\"tag\">Sonido en directo<\/a><\/span><span class=\"meta-item data-link\"><time class=\"entry-date updated\" datetime=\"2023-08-11T08:38:00+00:00\">August 11, 2023<\/time><\/span><\/div><p class=\"short-description\">Nuestro KLA12A haciendo las funciones de FOH para el evento en IndonesiaUbicaci\u00f3n: Pontianak, Kalimantan OccidentalJuntos somos m\u00e1s fuertes<\/p><a href=\"https:\/\/test.audiocenter.net\/es\/audiocenter-al-dia-desde-indonesia\/\" target=\"\" aria-label=\"Read more about AUDIOCENTER al d\u00eda desde Indonesia\" class=\"box-button elementor-button elementor-size-xs\">Art\u00edculo completo<i aria-hidden=\"true\" class=\"elementor-button-icon dt-icon-the7-arrow-552\"><\/i><\/a>\t\t\t\t\t\t\t\t<\/div>\n\t\t\t\t\t\t\t<\/div>\n\t\t\t\t\t\t<\/article>\n\t\t\t\t\t<\/div>\t\t\t\t\t\t\t\t\t\t<div class=\"wf-cell visible \">\n\t\t\t\t\t\t<article class=\"post visible wrapper post-29122 type-post status-publish format-standard has-post-thumbnail hentry category-noticias-de-empresa category-357 description-off\">\n\n\t\t\t\t\t\t\t<div class=\"post-content-wrapper\">\n\t\t\t\t\t\t\t\t\t\t\t\t\t\t\t\t\t<div class=\"the7-simple-post-thumb\">\n\t\t\t\t\t\t\t\t\t\t<a class=\"post-thumbnail-rollover layzr-bg img-css-resize-wrapper\" aria-label=\"Post image\" href=\"https:\/\/test.audiocenter.net\/es\/que-comience-la-batalla-del-metal-de-wacken-con-audiocenter\/\"><img decoding=\"async\" width=\"1280\" height=\"960\" src=\"data:image\/svg+xml,%3Csvg%20xmlns%3D&#039;http%3A%2F%2Fwww.w3.org%2F2000%2Fsvg&#039;%20viewBox%3D&#039;0%200%201280%20960&#039;%2F%3E\" class=\"attachment-full size-full preload-me aspect lazy lazy-load\" alt=\"\" sizes=\"(max-width: 1280px) 100vw, 1280px\" style=\"--ratio: 1280 \/ 960;\" data-src=\"https:\/\/test.audiocenter.net\/wp-content\/uploads\/2023\/08\/Wacken-Metal-Battle-2.jpg\" loading=\"eager\" data-srcset=\"https:\/\/test.audiocenter.net\/wp-content\/uploads\/2023\/08\/Wacken-Metal-Battle-2.jpg 1280w, https:\/\/test.audiocenter.net\/wp-content\/uploads\/2023\/08\/Wacken-Metal-Battle-2-1000x750.jpg 1000w, https:\/\/test.audiocenter.net\/wp-content\/uploads\/2023\/08\/Wacken-Metal-Battle-2-300x225.jpg 300w, https:\/\/test.audiocenter.net\/wp-content\/uploads\/2023\/08\/Wacken-Metal-Battle-2-1024x768.jpg 1024w, https:\/\/test.audiocenter.net\/wp-content\/uploads\/2023\/08\/Wacken-Metal-Battle-2-768x576.jpg 768w\" \/><span class=\"the7-hover-icon\"><\/span><\/a>\t\t\t\t\t\t\t\t\t<\/div>\n\t\t\t\t\t\t\t\t\t\t\t\t\t\t\t\t<div class=\"post-entry-content\">\n\t\t\t\t\t\t\t\t\t<h5 class=\"heading\"><a href=\"https:\/\/test.audiocenter.net\/es\/que-comience-la-batalla-del-metal-de-wacken-con-audiocenter\/\" rel=\"bookmark\" title=\"Que comience la batalla del metal de Wacken con Audiocenter\" class=\"post-title\">Que comience la batalla del metal de Wacken con Audiocenter<\/a><\/h5><div class=\"entry-meta\"><span class=\"meta-item category-link\"><a href=\"https:\/\/test.audiocenter.net\/es\/category\/noticias-de-empresa\/\" rel=\"tag\">Noticias de empresa<\/a><\/span><span class=\"meta-item data-link\"><time class=\"entry-date updated\" datetime=\"2023-08-08T12:42:58+00:00\">August 8, 2023<\/time><\/span><\/div><p class=\"short-description\">El concierto Wacken Metal Battle, celebrado en el estadio Amoranto de Quezon City, en Manila (Filipinas), congreg\u00f3 a 15.000 espectadores, ya que los grupos de metal filipinos lucharon por participar en el concierto Wacken Open Air 2023, que se celebrar\u00e1 en Alemania en agosto. Actuaron un total de 18 bandas&hellip;<\/p><a href=\"https:\/\/test.audiocenter.net\/es\/que-comience-la-batalla-del-metal-de-wacken-con-audiocenter\/\" target=\"\" aria-label=\"Read more about Que comience la batalla del metal de Wacken con Audiocenter\" class=\"box-button elementor-button elementor-size-xs\">Art\u00edculo completo<i aria-hidden=\"true\" class=\"elementor-button-icon dt-icon-the7-arrow-552\"><\/i><\/a>\t\t\t\t\t\t\t\t<\/div>\n\t\t\t\t\t\t\t<\/div>\n\t\t\t\t\t\t<\/article>\n\t\t\t\t\t<\/div>\t\t\t\t\t\t\t\t\t\t<div class=\"wf-cell visible \">\n\t\t\t\t\t\t<article class=\"post visible wrapper no-img post-30247 type-post status-publish format-standard hentry category-noticias-de-empresa category-noticias-del-sector category-sonido-instalado category-357 category-800 category-445 description-off\">\n\n\t\t\t\t\t\t\t<div class=\"post-content-wrapper\">\n\t\t\t\t\t\t\t\t\t\t\t\t\t\t\t\t<div class=\"post-entry-content\">\n\t\t\t\t\t\t\t\t\t<h5 class=\"heading\"><a href=\"https:\/\/test.audiocenter.net\/es\/audiocenter-potencia-el-sonido-del-centro-de-convenciones-de-tacloban-city\/\" rel=\"bookmark\" title=\"Audiocenter potencia el sonido del Centro de Convenciones de Tacloban City\" class=\"post-title\">Audiocenter potencia el sonido del Centro de Convenciones de Tacloban City<\/a><\/h5><div class=\"entry-meta\"><span class=\"meta-item category-link\"><a href=\"https:\/\/test.audiocenter.net\/es\/category\/noticias-de-empresa\/\" rel=\"tag\">Noticias de empresa<\/a>, <a href=\"https:\/\/test.audiocenter.net\/es\/category\/noticias-del-sector\/\" rel=\"tag\">Noticias del sector<\/a>, <a href=\"https:\/\/test.audiocenter.net\/es\/category\/estudio-de-caso\/sonido-instalado\/\" rel=\"tag\">Sonido instalado<\/a><\/span><span class=\"meta-item data-link\"><time class=\"entry-date updated\" datetime=\"2023-04-11T02:47:00+00:00\">April 11, 2023<\/time><\/span><\/div><p class=\"short-description\">El Centro de Convenciones de Tacloban, tambi\u00e9n conocido como Tacloban Astrodome o Tacloban City Coliseum, es un recinto cubierto situado en Tacloban (Filipinas). La ciudad de Tacloban es el centro regional de la regi\u00f3n de Visayas Orientales en Filipinas, con un aforo de 4.500 plazas, tras la reciente aprobaci\u00f3n del&hellip;<\/p><a href=\"https:\/\/test.audiocenter.net\/es\/audiocenter-potencia-el-sonido-del-centro-de-convenciones-de-tacloban-city\/\" target=\"\" aria-label=\"Read more about Audiocenter potencia el sonido del Centro de Convenciones de Tacloban City\" class=\"box-button elementor-button elementor-size-xs\">Art\u00edculo completo<i aria-hidden=\"true\" class=\"elementor-button-icon dt-icon-the7-arrow-552\"><\/i><\/a>\t\t\t\t\t\t\t\t<\/div>\n\t\t\t\t\t\t\t<\/div>\n\t\t\t\t\t\t<\/article>\n\t\t\t\t\t<\/div>\t\t\t\t\t\t\t\t\t\t<div class=\"wf-cell visible \">\n\t\t\t\t\t\t<article class=\"post visible wrapper no-img post-30243 type-post status-publish format-standard hentry category-noticias-de-empresa category-357 description-off\">\n\n\t\t\t\t\t\t\t<div class=\"post-content-wrapper\">\n\t\t\t\t\t\t\t\t\t\t\t\t\t\t\t\t<div class=\"post-entry-content\">\n\t\t\t\t\t\t\t\t\t<h5 class=\"heading\"><a href=\"https:\/\/test.audiocenter.net\/es\/audiocenter-participo-en-la-feria-ise-2023-integrated-europe-systems\/\" rel=\"bookmark\" title=\"Audiocenter particip\u00f3 en la feria ISE 2023 (Integrated Europe Systems)\" class=\"post-title\">Audiocenter particip\u00f3 en la feria ISE 2023 (Integrated Europe Systems)<\/a><\/h5><div class=\"entry-meta\"><span class=\"meta-item category-link\"><a href=\"https:\/\/test.audiocenter.net\/es\/category\/noticias-de-empresa\/\" rel=\"tag\">Noticias de empresa<\/a><\/span><span class=\"meta-item data-link\"><time class=\"entry-date updated\" datetime=\"2023-03-03T02:17:00+00:00\">March 3, 2023<\/time><\/span><\/div><p class=\"short-description\">Audiocenter ha participado en la reciente feria ISE 2023 (Integrated Europe Systems) en Barcelona, Espa\u00f1a, y estamos encantados de haber formado parte de esta feria y de la fant\u00e1stica afluencia de p\u00fablico. Fue un honor conectar con tantos profesionales del sector de muchos pa\u00edses y tambi\u00e9n con nuestros estimados socios.&hellip;<\/p><a href=\"https:\/\/test.audiocenter.net\/es\/audiocenter-participo-en-la-feria-ise-2023-integrated-europe-systems\/\" target=\"\" aria-label=\"Read more about Audiocenter particip\u00f3 en la feria ISE 2023 (Integrated Europe Systems)\" class=\"box-button elementor-button elementor-size-xs\">Art\u00edculo completo<i aria-hidden=\"true\" class=\"elementor-button-icon dt-icon-the7-arrow-552\"><\/i><\/a>\t\t\t\t\t\t\t\t<\/div>\n\t\t\t\t\t\t\t<\/div>\n\t\t\t\t\t\t<\/article>\n\t\t\t\t\t<\/div>\t\t\t\t\t\t\t\t<\/div>\n\t\t<div class=\"paginator filter-decorations filter-pointer-underline filter-animation-fade\" role=\"navigation\"><a href=\"https:\/\/test.audiocenter.net\/es\/wp-json\/wp\/v2\/pages\/27133\/\" class=\"page-numbers filter-item act\" data-page-num=\"1\">1<\/a><a href=\"https:\/\/test.audiocenter.net\/es\/wp-json\/wp\/v2\/pages\/27133\/page\/2\/\" class=\"page-numbers filter-item \" data-page-num=\"2\">2<\/a><a href=\"https:\/\/test.audiocenter.net\/es\/wp-json\/wp\/v2\/pages\/27133\/page\/3\/\" class=\"page-numbers filter-item \" data-page-num=\"3\">3<\/a><a href=\"https:\/\/test.audiocenter.net\/es\/wp-json\/wp\/v2\/pages\/27133\/page\/4\/\" class=\"page-numbers filter-item \" data-page-num=\"4\">4<\/a><a href=\"https:\/\/test.audiocenter.net\/es\/wp-json\/wp\/v2\/pages\/27133\/page\/2\/\" class=\"page-numbers nav-next filter-item\" data-page-num=\"2\" >\u2192<\/a><\/div><\/div>\t\t<\/div>\n\t\t\t\t<\/div>\n\t\t\t\t\t<\/div>\n\t\t<\/div>\n\t\t\t\t\t<\/div>\n\t\t<\/section>\n\t\t\t\t<\/div>\n\t\t","protected":false},"excerpt":{"rendered":"<p>Noticias y eventos Comunicados de prensa de audio Con m\u00e1s de 20 a\u00f1os de desarrollo, Audiocenter ofrece soluciones de audio completas que incluyen sistemas line array, altavoces de columna, amplificadores de potencia de clase D, procesadores, matrices de audio y mucho m\u00e1s, con una alta fiabilidad, un buen rendimiento de sonido y una excelente relaci\u00f3n&hellip;<\/p>\n","protected":false},"author":1,"featured_media":0,"parent":0,"menu_order":0,"comment_status":"closed","ping_status":"closed","template":"elementor_header_footer","meta":{"footnotes":""},"class_list":["post-27133","page","type-page","status-publish","hentry","category-357","description-off"],"_links":{"self":[{"href":"https:\/\/test.audiocenter.net\/es\/wp-json\/wp\/v2\/pages\/27133","targetHints":{"allow":["GET"]}}],"collection":[{"href":"https:\/\/test.audiocenter.net\/es\/wp-json\/wp\/v2\/pages"}],"about":[{"href":"https:\/\/test.audiocenter.net\/es\/wp-json\/wp\/v2\/types\/page"}],"author":[{"embeddable":true,"href":"https:\/\/test.audiocenter.net\/es\/wp-json\/wp\/v2\/users\/1"}],"replies":[{"embeddable":true,"href":"https:\/\/test.audiocenter.net\/es\/wp-json\/wp\/v2\/comments?post=27133"}],"version-history":[{"count":4,"href":"https:\/\/test.audiocenter.net\/es\/wp-json\/wp\/v2\/pages\/27133\/revisions"}],"predecessor-version":[{"id":32918,"href":"https:\/\/test.audiocenter.net\/es\/wp-json\/wp\/v2\/pages\/27133\/revisions\/32918"}],"wp:attachment":[{"href":"https:\/\/test.audiocenter.net\/es\/wp-json\/wp\/v2\/media?parent=27133"}],"curies":[{"name":"wp","href":"https:\/\/api.w.org\/{rel}","templated":true}]}}