{"id":29832,"date":"2023-08-09T09:03:39","date_gmt":"2023-08-09T09:03:39","guid":{"rendered":"http:\/\/audiocenter.cc\/product\/kuenstler-tw8\/"},"modified":"2024-01-10T03:38:59","modified_gmt":"2024-01-10T03:38:59","slug":"kuenstler-tw8","status":"publish","type":"product","link":"https:\/\/test.audiocenter.net\/de\/produkt\/kuenstler-tw8\/","title":{"rendered":"K\u00fcnstler TW8"},"content":{"rendered":"\t\t<div data-elementor-type=\"product-post\" data-elementor-id=\"29832\" class=\"elementor elementor-29832 elementor-21644\" data-elementor-post-type=\"product\">\n\t\t\t\t\t\t<section class=\"elementor-section elementor-top-section elementor-element elementor-element-723f0f35 elementor-section-boxed elementor-section-height-default elementor-section-height-default\" data-id=\"723f0f35\" data-element_type=\"section\">\n\t\t\t\t\t\t\t<div class=\"elementor-background-overlay\"><\/div>\n\t\t\t\t\t\t\t<div class=\"elementor-container elementor-column-gap-default\">\n\t\t\t\t\t<div class=\"elementor-column elementor-col-100 elementor-top-column elementor-element elementor-element-1556ddbc\" data-id=\"1556ddbc\" data-element_type=\"column\">\n\t\t\t<div class=\"elementor-widget-wrap elementor-element-populated\">\n\t\t\t\t\t\t<div class=\"elementor-element elementor-element-40126a99 split-breadcrumbs-y elementor-widget elementor-widget-the7-breadcrumb\" data-id=\"40126a99\" data-element_type=\"widget\" data-widget_type=\"the7-breadcrumb.default\">\n\t\t\t\t<div class=\"elementor-widget-container\">\n\t\t\t<div class=\"assistive-text\">Sie befinden sich hier:<\/div><ol class=\"breadcrumbs text-small rcrumbs\" itemscope itemtype=\"https:\/\/schema.org\/BreadcrumbList\"><li itemprop=\"itemListElement\" itemscope itemtype=\"https:\/\/schema.org\/ListItem\"><a itemprop=\"item\" href=\"https:\/\/test.audiocenter.net\/de\/\" title=\"Start\"><span itemprop=\"name\">Start<\/span><\/a><meta itemprop=\"position\" content=\"1\" \/><\/li><li class=\"current\" itemprop=\"itemListElement\" itemscope itemtype=\"https:\/\/schema.org\/ListItem\"><span itemprop=\"name\">Produkt<\/span><meta itemprop=\"position\" content=\"2\" \/><\/li><\/ol>\t\t<\/div>\n\t\t\t\t<\/div>\n\t\t\t\t<section class=\"elementor-section elementor-inner-section elementor-element elementor-element-2016073 elementor-section-boxed elementor-section-height-default elementor-section-height-default\" data-id=\"2016073\" data-element_type=\"section\">\n\t\t\t\t\t\t<div class=\"elementor-container elementor-column-gap-default\">\n\t\t\t\t\t<div class=\"elementor-column elementor-col-50 elementor-inner-column elementor-element elementor-element-2dcf9b2e\" data-id=\"2dcf9b2e\" data-element_type=\"column\">\n\t\t\t<div class=\"elementor-widget-wrap elementor-element-populated\">\n\t\t\t\t\t\t<section class=\"elementor-section elementor-inner-section elementor-element elementor-element-df8bb53 elementor-section-boxed elementor-section-height-default elementor-section-height-default\" data-id=\"df8bb53\" data-element_type=\"section\" data-settings=\"{&quot;background_background&quot;:&quot;classic&quot;}\">\n\t\t\t\t\t\t<div class=\"elementor-container elementor-column-gap-wide\">\n\t\t\t\t\t<div class=\"elementor-column elementor-col-100 elementor-inner-column elementor-element elementor-element-465e1b8e\" data-id=\"465e1b8e\" data-element_type=\"column\" data-settings=\"{&quot;background_background&quot;:&quot;classic&quot;}\">\n\t\t\t<div class=\"elementor-widget-wrap elementor-element-populated\">\n\t\t\t\t\t\t<div class=\"elementor-element elementor-element-37059f2 lightbox-on-click-y thumbs-col-num-6 elementor-widget__width-initial preserve-gallery-ratio-y show-image-zoom-yes preserve-thumb-ratio-y gallery-nav-display-hover thumbs-nav-display-hover onsale-h-position-left onsale-v-position-top elementor-widget elementor-widget-the7-woocommerce-product-images\" data-id=\"37059f2\" data-element_type=\"widget\" data-widget_type=\"the7-woocommerce-product-images.default\">\n\t\t\t\t<div class=\"elementor-widget-container\">\n\t\t\t<div  class=\"dt-wc-product-gallery the7-elementor-widget the7-woocommerce-product-images-37059f2 thumb-position-bottom\"  data-animation=\"slide\" >        <div class=\"dt-product-gallery\">\n            <div class=\"dt-product-gallery-wrap\">\n\t\t\t\t                <div class=\"flexslider\">\n                    <ul class=\"slides\">\n\t\t\t\t\t\t<li class=\"woocommerce-product-gallery__image\"><a href=\"https:\/\/test.audiocenter.net\/wp-content\/uploads\/2023\/08\/TW8.webp\"><img fetchpriority=\"high\" decoding=\"async\" width=\"1000\" height=\"619\" src=\"https:\/\/test.audiocenter.net\/wp-content\/uploads\/2023\/08\/TW8-1000x619.webp\" class=\"wp-post-image\" alt=\"\" title=\"K\u00fcnstler TW8\" data-caption=\"\" data-src=\"https:\/\/test.audiocenter.net\/wp-content\/uploads\/2023\/08\/TW8.webp\" data-large_image=\"https:\/\/test.audiocenter.net\/wp-content\/uploads\/2023\/08\/TW8.webp\" data-large_image_width=\"2480\" data-large_image_height=\"1535\" srcset=\"https:\/\/test.audiocenter.net\/wp-content\/uploads\/2023\/08\/TW8-1000x619.webp 1000w, https:\/\/test.audiocenter.net\/wp-content\/uploads\/2023\/08\/TW8-300x186.webp 300w, https:\/\/test.audiocenter.net\/wp-content\/uploads\/2023\/08\/TW8-1024x634.webp 1024w, https:\/\/test.audiocenter.net\/wp-content\/uploads\/2023\/08\/TW8-768x475.webp 768w, https:\/\/test.audiocenter.net\/wp-content\/uploads\/2023\/08\/TW8-1536x951.webp 1536w, https:\/\/test.audiocenter.net\/wp-content\/uploads\/2023\/08\/TW8-2048x1268.webp 2048w\" sizes=\"(max-width: 1000px) 100vw, 1000px\" \/><\/a><\/li>                    <\/ul>\n\n\t\t\t\t\t        <ul class=\"flex-direction-nav\">\n            <li class=\"flex-nav-prev\"><a href=\"#\" class=\"flex-prev\" aria-hidden =\"true\">\n\t\t\t\t<i aria-hidden=\"true\" class=\"fas fa-chevron-left\"><\/i>            <\/a><\/li>\n            <li class=\"flex-nav-next\"><a href=\"#\" class=\"flex-next\" aria-hidden =\"true\">\n\t\t\t\t<i aria-hidden=\"true\" class=\"fas fa-chevron-right\"><\/i>            <\/a><\/li>\n        <\/ul>\n\t\t                <\/div>\n            <\/div>\n        <\/div>\n\t\t<\/div>\t\t<\/div>\n\t\t\t\t<\/div>\n\t\t\t\t\t<\/div>\n\t\t<\/div>\n\t\t\t\t\t<\/div>\n\t\t<\/section>\n\t\t\t\t<div class=\"elementor-element elementor-element-1bd9eb4f elementor-widget elementor-widget-menu-anchor\" data-id=\"1bd9eb4f\" data-element_type=\"widget\" data-widget_type=\"menu-anchor.default\">\n\t\t\t\t<div class=\"elementor-widget-container\">\n\t\t\t\t\t<div class=\"elementor-menu-anchor\" id=\"bersicht\"><\/div>\n\t\t\t\t<\/div>\n\t\t\t\t<\/div>\n\t\t\t\t<section class=\"elementor-section elementor-inner-section elementor-element elementor-element-7b0913b8 elementor-section-boxed elementor-section-height-default elementor-section-height-default\" data-id=\"7b0913b8\" data-element_type=\"section\" data-settings=\"{&quot;background_background&quot;:&quot;classic&quot;}\">\n\t\t\t\t\t\t<div class=\"elementor-container elementor-column-gap-default\">\n\t\t\t\t\t<div class=\"elementor-column elementor-col-100 elementor-inner-column elementor-element elementor-element-670fdba6\" data-id=\"670fdba6\" data-element_type=\"column\">\n\t\t\t<div class=\"elementor-widget-wrap elementor-element-populated\">\n\t\t\t\t\t\t<div class=\"elementor-element elementor-element-681e6993 elementor-widget elementor-widget-heading\" data-id=\"681e6993\" data-element_type=\"widget\" data-widget_type=\"heading.default\">\n\t\t\t\t<div class=\"elementor-widget-container\">\n\t\t\t<h4 class=\"elementor-heading-title elementor-size-default\">\u00dcbersicht<\/h4>\t\t<\/div>\n\t\t\t\t<\/div>\n\t\t\t\t<div class=\"elementor-element elementor-element-cc5a038 elementor-widget elementor-widget-spacer\" data-id=\"cc5a038\" data-element_type=\"widget\" data-widget_type=\"spacer.default\">\n\t\t\t\t<div class=\"elementor-widget-container\">\n\t\t\t\t\t<div class=\"elementor-spacer\">\n\t\t\t<div class=\"elementor-spacer-inner\"><\/div>\n\t\t<\/div>\n\t\t\t\t<\/div>\n\t\t\t\t<\/div>\n\t\t\t\t<div class=\"elementor-element elementor-element-28fe48e0 elementor-widget elementor-widget-text-editor\" data-id=\"28fe48e0\" data-element_type=\"widget\" data-widget_type=\"text-editor.default\">\n\t\t\t\t<div class=\"elementor-widget-container\">\n\t\t\t\t\t\t\t<p>Der Artist TW8 Subwoofer verf\u00fcgt \u00fcber eine kompakte und flache Geh\u00e4usestruktur und ein innovatives Industriedesign, wodurch er sich problemlos an verschiedene Veranstaltungsorte und Anwendungen anpassen l\u00e4sst.<br \/>\nDer Artist TW8 ist sehr kompakt und leicht.<br \/>\nEr kann sowohl an der Wand als auch an der Decke montiert werden.   Das Seitenteil des Schranks ist benutzerfreundlich und ergonomisch geformt und kann f\u00fcr den einfachen Transport als Griff verwendet werden.<\/p>\n<p>F\u00fcr Artist TW8 ist eine Wandhalterung im Lieferumfang enthalten, die sowohl f\u00fcr die Wand- als auch f\u00fcr die Deckenmontage geeignet ist.<\/p>\n\t\t\t\t\t\t<\/div>\n\t\t\t\t<\/div>\n\t\t\t\t\t<\/div>\n\t\t<\/div>\n\t\t\t\t\t<\/div>\n\t\t<\/section>\n\t\t\t\t<section class=\"elementor-section elementor-inner-section elementor-element elementor-element-1e13988 elementor-section-boxed elementor-section-height-default elementor-section-height-default\" data-id=\"1e13988\" data-element_type=\"section\" data-settings=\"{&quot;background_background&quot;:&quot;classic&quot;}\">\n\t\t\t\t\t\t<div class=\"elementor-container elementor-column-gap-default\">\n\t\t\t\t\t<div class=\"elementor-column elementor-col-100 elementor-inner-column elementor-element elementor-element-20eb73e9\" data-id=\"20eb73e9\" data-element_type=\"column\">\n\t\t\t<div class=\"elementor-widget-wrap elementor-element-populated\">\n\t\t\t\t\t\t<div class=\"elementor-element elementor-element-5f4b875a elementor-widget elementor-widget-menu-anchor\" data-id=\"5f4b875a\" data-element_type=\"widget\" data-widget_type=\"menu-anchor.default\">\n\t\t\t\t<div class=\"elementor-widget-container\">\n\t\t\t\t\t<div class=\"elementor-menu-anchor\" id=\"Spezifikationen\"><\/div>\n\t\t\t\t<\/div>\n\t\t\t\t<\/div>\n\t\t\t\t<div class=\"elementor-element elementor-element-16924c4 elementor-widget elementor-widget-heading\" data-id=\"16924c4\" data-element_type=\"widget\" data-widget_type=\"heading.default\">\n\t\t\t\t<div class=\"elementor-widget-container\">\n\t\t\t<h4 class=\"elementor-heading-title elementor-size-default\">Spezifikationen<\/h4>\t\t<\/div>\n\t\t\t\t<\/div>\n\t\t\t\t<div class=\"elementor-element elementor-element-589cf884 elementor-widget elementor-widget-spacer\" data-id=\"589cf884\" data-element_type=\"widget\" data-widget_type=\"spacer.default\">\n\t\t\t\t<div class=\"elementor-widget-container\">\n\t\t\t\t\t<div class=\"elementor-spacer\">\n\t\t\t<div class=\"elementor-spacer-inner\"><\/div>\n\t\t<\/div>\n\t\t\t\t<\/div>\n\t\t\t\t<\/div>\n\t\t\t\t<div class=\"elementor-element elementor-element-23d11295 elementor-widget elementor-widget-text-editor\" data-id=\"23d11295\" data-element_type=\"widget\" data-widget_type=\"text-editor.default\">\n\t\t\t\t<div class=\"elementor-widget-container\">\n\t\t\t\t\t\t\t<table width=\"975\">\n<tbody>\n<tr>\n<td width=\"435\">\n<p>Typ<\/p>\n<\/td>\n<td width=\"531\">\n<p>Subwoofer<\/p>\n<\/td>\n<\/tr>\n<tr>\n<td width=\"435\">\n<p>LF-Treiber<\/p>\n<\/td>\n<td width=\"531\">\n<p>Kundenspezifischer 8&#8243;-Treiber<\/p>\n<\/td>\n<\/tr>\n<tr>\n<td width=\"435\">\n<p>Frequenzgang (-10dB)<\/p>\n<\/td>\n<td width=\"531\">\n<p>48Hz-300Hz<\/p>\n<\/td>\n<\/tr>\n<tr>\n<td width=\"435\">\n<p>Impedanz Leistung<\/p>\n<\/td>\n<td width=\"531\">\n<p>200W<\/p>\n<\/td>\n<\/tr>\n<tr>\n<td width=\"435\">\n<p>Maximal berechneter SPL\/1M (Dauer\/Spitze)<\/p>\n<\/td>\n<td width=\"531\">\n<p>122dB\/128dB<\/p>\n<\/td>\n<\/tr>\n<tr>\n<td width=\"435\">\n<p>Nennimpedanz<\/p>\n<\/td>\n<td width=\"531\">\n<p>8\u03a9<\/p>\n<\/td>\n<\/tr>\n<tr>\n<td width=\"435\">\n<p>Crossover-Modus<\/p>\n<\/td>\n<td width=\"531\">\n<p>\/<\/p>\n<\/td>\n<\/tr>\n<tr>\n<td width=\"435\">\n<p>Eingangsanschl\u00fcsse<\/p>\n<\/td>\n<td width=\"531\">\n<p>Euroblock<\/p>\n<\/td>\n<\/tr>\n<tr>\n<td width=\"435\">\n<p>Material des Geh\u00e4uses<\/p>\n<\/td>\n<td width=\"531\">\n<p>Holz+Kunststoff<\/p>\n<\/td>\n<\/tr>\n<tr>\n<td width=\"435\">\n<p>Beschichtung<\/p>\n<\/td>\n<td width=\"531\">\n<p>Langlebige Polyharnstoff-Beschichtung<\/p>\n<\/td>\n<\/tr>\n<tr>\n<td width=\"435\">\n<p>Farbe des Geh\u00e4uses<\/p>\n<\/td>\n<td width=\"531\">\n<p>Schwarz ist die Standardfarbe. Kontaktieren Sie Audiocenter f\u00fcr Anpassungen<\/p>\n<\/td>\n<\/tr>\n<tr>\n<td width=\"435\">\n<p>K\u00fchlergrill<\/p>\n<\/td>\n<td width=\"531\">\n<p>Eisengitter<\/p>\n<\/td>\n<\/tr>\n<tr>\n<td width=\"435\">\n<p>Mitgeliefertes Zubeh\u00f6r<\/p>\n<\/td>\n<td width=\"531\">\n<p>Wandhalterung<\/p>\n<\/td>\n<\/tr>\n<tr>\n<td width=\"435\">\n<p>Optionales Zubeh\u00f6r<\/p>\n<\/td>\n<td width=\"531\">\n<p>\/<\/p>\n<\/td>\n<\/tr>\n<tr>\n<td width=\"435\">\n<p>Pfahlmontage<\/p>\n<\/td>\n<td width=\"531\">\n<p>\/<\/p>\n<\/td>\n<\/tr>\n<tr>\n<td width=\"435\">\n<p>Lautsprecher Abmessungen (B\u00d7H\u00d7T)<\/p>\n<\/td>\n<td width=\"531\">\n<p>610x300x255 mm<\/p>\n<\/td>\n<\/tr>\n<tr>\n<td width=\"435\">\n<p>Karton Abmessung (B\u00d7H\u00d7T)<\/p>\n<\/td>\n<td width=\"531\">\n<p>689x380x299 mm<\/p>\n<\/td>\n<\/tr>\n<tr>\n<td width=\"435\">\n<p>Nettogewicht<\/p>\n<\/td>\n<td width=\"531\">\n<p>8.0kg<\/p>\n<\/td>\n<\/tr>\n<tr>\n<td width=\"435\">\n<p>Versand Gewicht<\/p>\n<\/td>\n<td width=\"531\">\n<p>11.0kg<\/p>\n<\/td>\n<\/tr>\n<\/tbody>\n<\/table>\n\t\t\t\t\t\t<\/div>\n\t\t\t\t<\/div>\n\t\t\t\t\t<\/div>\n\t\t<\/div>\n\t\t\t\t\t<\/div>\n\t\t<\/section>\n\t\t\t\t<section class=\"elementor-section elementor-inner-section elementor-element elementor-element-23ede354 elementor-section-boxed elementor-section-height-default elementor-section-height-default\" data-id=\"23ede354\" data-element_type=\"section\" data-settings=\"{&quot;background_background&quot;:&quot;classic&quot;}\">\n\t\t\t\t\t\t<div class=\"elementor-container elementor-column-gap-default\">\n\t\t\t\t\t<div class=\"elementor-column elementor-col-100 elementor-inner-column elementor-element elementor-element-45f97c57\" data-id=\"45f97c57\" data-element_type=\"column\">\n\t\t\t<div class=\"elementor-widget-wrap elementor-element-populated\">\n\t\t\t\t\t\t<div class=\"elementor-element elementor-element-7381308 elementor-widget elementor-widget-menu-anchor\" data-id=\"7381308\" data-element_type=\"widget\" data-widget_type=\"menu-anchor.default\">\n\t\t\t\t<div class=\"elementor-widget-container\">\n\t\t\t\t\t<div class=\"elementor-menu-anchor\" id=\"fr\"><\/div>\n\t\t\t\t<\/div>\n\t\t\t\t<\/div>\n\t\t\t\t<div class=\"elementor-element elementor-element-1e48e667 elementor-widget elementor-widget-heading\" data-id=\"1e48e667\" data-element_type=\"widget\" data-widget_type=\"heading.default\">\n\t\t\t\t<div class=\"elementor-widget-container\">\n\t\t\t<h4 class=\"elementor-heading-title elementor-size-default\">Frequenzgang-Kurve<\/h4>\t\t<\/div>\n\t\t\t\t<\/div>\n\t\t\t\t<div class=\"elementor-element elementor-element-6df2195c elementor-widget elementor-widget-spacer\" data-id=\"6df2195c\" data-element_type=\"widget\" data-widget_type=\"spacer.default\">\n\t\t\t\t<div class=\"elementor-widget-container\">\n\t\t\t\t\t<div class=\"elementor-spacer\">\n\t\t\t<div class=\"elementor-spacer-inner\"><\/div>\n\t\t<\/div>\n\t\t\t\t<\/div>\n\t\t\t\t<\/div>\n\t\t\t\t<div class=\"elementor-element elementor-element-4782446e elementor-widget elementor-widget-image\" data-id=\"4782446e\" data-element_type=\"widget\" data-widget_type=\"image.default\">\n\t\t\t\t<div class=\"elementor-widget-container\">\n\t\t\t\t\t\t\t\t\t\t\t\t\t<img decoding=\"async\" width=\"1024\" height=\"767\" src=\"https:\/\/test.audiocenter.net\/wp-content\/uploads\/2023\/08\/Artist-TW8-FR.webp\" class=\"attachment-large size-large wp-image-21476\" alt=\"\" srcset=\"https:\/\/test.audiocenter.net\/wp-content\/uploads\/2023\/08\/Artist-TW8-FR.webp 1024w, https:\/\/test.audiocenter.net\/wp-content\/uploads\/2023\/08\/Artist-TW8-FR-1000x749.webp 1000w, https:\/\/test.audiocenter.net\/wp-content\/uploads\/2023\/08\/Artist-TW8-FR-300x225.webp 300w, https:\/\/test.audiocenter.net\/wp-content\/uploads\/2023\/08\/Artist-TW8-FR-768x575.webp 768w\" sizes=\"(max-width: 1024px) 100vw, 1024px\" \/>\t\t\t\t\t\t\t\t\t\t\t\t\t<\/div>\n\t\t\t\t<\/div>\n\t\t\t\t\t<\/div>\n\t\t<\/div>\n\t\t\t\t\t<\/div>\n\t\t<\/section>\n\t\t\t\t<section class=\"elementor-section elementor-inner-section elementor-element elementor-element-1a5734fb elementor-section-boxed elementor-section-height-default elementor-section-height-default\" data-id=\"1a5734fb\" data-element_type=\"section\" data-settings=\"{&quot;background_background&quot;:&quot;classic&quot;}\">\n\t\t\t\t\t\t<div class=\"elementor-container elementor-column-gap-default\">\n\t\t\t\t\t<div class=\"elementor-column elementor-col-100 elementor-inner-column elementor-element elementor-element-3da0f15\" data-id=\"3da0f15\" data-element_type=\"column\">\n\t\t\t<div class=\"elementor-widget-wrap elementor-element-populated\">\n\t\t\t\t\t\t<div class=\"elementor-element elementor-element-3f530b54 elementor-widget elementor-widget-menu-anchor\" data-id=\"3f530b54\" data-element_type=\"widget\" data-widget_type=\"menu-anchor.default\">\n\t\t\t\t<div class=\"elementor-widget-container\">\n\t\t\t\t\t<div class=\"elementor-menu-anchor\" id=\"Downloads\"><\/div>\n\t\t\t\t<\/div>\n\t\t\t\t<\/div>\n\t\t\t\t<div class=\"elementor-element elementor-element-5ce33f35 elementor-widget elementor-widget-heading\" data-id=\"5ce33f35\" data-element_type=\"widget\" data-widget_type=\"heading.default\">\n\t\t\t\t<div class=\"elementor-widget-container\">\n\t\t\t<h4 class=\"elementor-heading-title elementor-size-default\">Herunterladen<\/h4>\t\t<\/div>\n\t\t\t\t<\/div>\n\t\t\t\t<div class=\"elementor-element elementor-element-49793781 elementor-widget elementor-widget-spacer\" data-id=\"49793781\" data-element_type=\"widget\" data-widget_type=\"spacer.default\">\n\t\t\t\t<div class=\"elementor-widget-container\">\n\t\t\t\t\t<div class=\"elementor-spacer\">\n\t\t\t<div class=\"elementor-spacer-inner\"><\/div>\n\t\t<\/div>\n\t\t\t\t<\/div>\n\t\t\t\t<\/div>\n\t\t\t\t<div class=\"elementor-element elementor-element-53684d5 elementor-widget elementor-widget-text-editor\" data-id=\"53684d5\" data-element_type=\"widget\" data-widget_type=\"text-editor.default\">\n\t\t\t\t<div class=\"elementor-widget-container\">\n\t\t\t\t\t\t\t<p><a href=\"http:\/\/test.audiocenter.net\/wp-content\/uploads\/2024\/01\/Artist-TW15-TW8.pdf\"><span style=\"text-decoration: underline;\"><span style=\"color: #000000; text-decoration: underline;\">K\u00fcnstler TW8 Produktkatalog<\/span><\/span><\/a><\/p>\n<p><a href=\"\/wp-content\/uploads\/2023\/08\/TW8-V11.zip\"><span style=\"text-decoration: underline;\"><span style=\"color: #000000; text-decoration: underline;\">K\u00fcnstler TW8 EASE GLL<\/span><\/span><\/a><\/p>\n<p><a href=\"http:\/\/test.audiocenter.net\/wp-content\/uploads\/2024\/01\/Artist-Commercial-Audio-System-Solution.pdf\"><span style=\"text-decoration: underline;\"><span style=\"color: #000000; text-decoration: underline;\">Artist Commercial Audio System Solution Produktkatalog<\/span><\/span><\/a><\/p>\n\t\t\t\t\t\t<\/div>\n\t\t\t\t<\/div>\n\t\t\t\t<div class=\"elementor-element elementor-element-1cd658c0 elementor-widget elementor-widget-spacer\" data-id=\"1cd658c0\" data-element_type=\"widget\" data-widget_type=\"spacer.default\">\n\t\t\t\t<div class=\"elementor-widget-container\">\n\t\t\t\t\t<div class=\"elementor-spacer\">\n\t\t\t<div class=\"elementor-spacer-inner\"><\/div>\n\t\t<\/div>\n\t\t\t\t<\/div>\n\t\t\t\t<\/div>\n\t\t\t\t\t<\/div>\n\t\t<\/div>\n\t\t\t\t\t<\/div>\n\t\t<\/section>\n\t\t\t\t\t<\/div>\n\t\t<\/div>\n\t\t\t\t<div class=\"elementor-column elementor-col-50 elementor-inner-column elementor-element elementor-element-50d08236\" data-id=\"50d08236\" data-element_type=\"column\">\n\t\t\t<div class=\"elementor-widget-wrap elementor-element-populated\">\n\t\t\t\t\t\t<section class=\"elementor-section elementor-inner-section elementor-element elementor-element-7ba1a284 elementor-section-boxed elementor-section-height-default elementor-section-height-default\" data-id=\"7ba1a284\" data-element_type=\"section\" data-settings=\"{&quot;sticky&quot;:&quot;top&quot;,&quot;sticky_parent&quot;:&quot;yes&quot;,&quot;background_background&quot;:&quot;classic&quot;,&quot;sticky_offset&quot;:&quot;150&quot;,&quot;sticky_on&quot;:[&quot;desktop&quot;],&quot;sticky_effects_offset&quot;:0}\">\n\t\t\t\t\t\t<div class=\"elementor-container elementor-column-gap-default\">\n\t\t\t\t\t<div class=\"elementor-column elementor-col-100 elementor-inner-column elementor-element elementor-element-48915214\" data-id=\"48915214\" data-element_type=\"column\">\n\t\t\t<div class=\"elementor-widget-wrap elementor-element-populated\">\n\t\t\t\t\t\t<div class=\"elementor-element elementor-element-fcb0d5e elementor-widget elementor-widget-heading\" data-id=\"fcb0d5e\" data-element_type=\"widget\" data-widget_type=\"heading.default\">\n\t\t\t\t<div class=\"elementor-widget-container\">\n\t\t\t<h2 class=\"elementor-heading-title elementor-size-default\">K\u00fcnstler TW8<\/h2>\t\t<\/div>\n\t\t\t\t<\/div>\n\t\t\t\t<div class=\"elementor-element elementor-element-433c4bab elementor-widget elementor-widget-heading\" data-id=\"433c4bab\" data-element_type=\"widget\" data-widget_type=\"heading.default\">\n\t\t\t\t<div class=\"elementor-widget-container\">\n\t\t\t<h4 class=\"elementor-heading-title elementor-size-default\">Subwoofer<\/h4>\t\t<\/div>\n\t\t\t\t<\/div>\n\t\t\t\t<div class=\"elementor-element elementor-element-48990dd9 elementor-widget-divider--view-line elementor-widget elementor-widget-divider\" data-id=\"48990dd9\" data-element_type=\"widget\" data-widget_type=\"divider.default\">\n\t\t\t\t<div class=\"elementor-widget-container\">\n\t\t\t\t\t<div class=\"elementor-divider\">\n\t\t\t<span class=\"elementor-divider-separator\">\n\t\t\t\t\t\t<\/span>\n\t\t<\/div>\n\t\t\t\t<\/div>\n\t\t\t\t<\/div>\n\t\t\t\t<div class=\"elementor-element elementor-element-121d14df elementor-widget elementor-widget-text-editor\" data-id=\"121d14df\" data-element_type=\"widget\" data-widget_type=\"text-editor.default\">\n\t\t\t\t<div class=\"elementor-widget-container\">\n\t\t\t\t\t\t\t<p>Der Artist TW8 Subwoofer verf\u00fcgt \u00fcber eine kompakte und flache Geh\u00e4usestruktur und ein innovatives Industriedesign, wodurch er sich problemlos an verschiedene Veranstaltungsorte und Anwendungen anpassen l\u00e4sst.<\/p>\n<ul>\n<li><span style=\"color: #ffffff\"><a style=\"color: #ffffff\" href=\"#overview\">\u00dcbersicht<\/a><\/span><\/li>\n<li><span style=\"color: #ffffff\"><a style=\"color: #ffffff\" href=\"#specifications\">Spezifikationen<\/a><\/span><\/li>\n<li><span style=\"color: #ffffff\"><a style=\"color: #ffffff\" href=\"#fr\">Frequenzgang-Kurve<\/a><\/span><\/li>\n<li><span style=\"color: #ffffff\"><a style=\"color: #ffffff\" href=\"#downloads\">Herunterladen<\/a><\/span><\/li>\n<\/ul>\n\t\t\t\t\t\t<\/div>\n\t\t\t\t<\/div>\n\t\t\t\t\t<\/div>\n\t\t<\/div>\n\t\t\t\t\t<\/div>\n\t\t<\/section>\n\t\t\t\t\t<\/div>\n\t\t<\/div>\n\t\t\t\t\t<\/div>\n\t\t<\/section>\n\t\t\t\t<div class=\"elementor-element elementor-element-3a44bfc5 elementor-widget elementor-widget-spacer\" data-id=\"3a44bfc5\" data-element_type=\"widget\" data-widget_type=\"spacer.default\">\n\t\t\t\t<div class=\"elementor-widget-container\">\n\t\t\t\t\t<div class=\"elementor-spacer\">\n\t\t\t<div class=\"elementor-spacer-inner\"><\/div>\n\t\t<\/div>\n\t\t\t\t<\/div>\n\t\t\t\t<\/div>\n\t\t\t\t\t<\/div>\n\t\t<\/div>\n\t\t\t\t\t<\/div>\n\t\t<\/section>\n\t\t\t\t<\/div>\n\t\t","protected":false},"excerpt":{"rendered":"<p class=\"sub-title\">Subwoofer, 250 W<\/p>\n<div class=\"short-description-text\">\n<p><strong>Maximaler Schalldruckpegel: <\/strong> 128 dB<\/p>\n<p><strong>Abmessungen (BxHxT): <\/strong> 610x300x224mm<\/p>\n<\/div>\n","protected":false},"featured_media":21195,"comment_status":"open","ping_status":"closed","template":"elementor_header_footer","meta":[],"product_brand":[],"product_cat":[564,602,454],"product_tag":[],"class_list":{"0":"post-29832","1":"product","2":"type-product","3":"status-publish","4":"has-post-thumbnail","6":"product_cat-artist-commercial-audio-system-losung","7":"product_cat-kunstler-tw8","8":"product_cat-kunstler-sprecher","10":"first","11":"instock","12":"shipping-taxable","13":"product-type-simple"},"_links":{"self":[{"href":"https:\/\/test.audiocenter.net\/de\/wp-json\/wp\/v2\/product\/29832","targetHints":{"allow":["GET"]}}],"collection":[{"href":"https:\/\/test.audiocenter.net\/de\/wp-json\/wp\/v2\/product"}],"about":[{"href":"https:\/\/test.audiocenter.net\/de\/wp-json\/wp\/v2\/types\/product"}],"replies":[{"embeddable":true,"href":"https:\/\/test.audiocenter.net\/de\/wp-json\/wp\/v2\/comments?post=29832"}],"version-history":[{"count":2,"href":"https:\/\/test.audiocenter.net\/de\/wp-json\/wp\/v2\/product\/29832\/revisions"}],"predecessor-version":[{"id":34427,"href":"https:\/\/test.audiocenter.net\/de\/wp-json\/wp\/v2\/product\/29832\/revisions\/34427"}],"wp:featuredmedia":[{"embeddable":true,"href":"https:\/\/test.audiocenter.net\/de\/wp-json\/wp\/v2\/media\/21195"}],"wp:attachment":[{"href":"https:\/\/test.audiocenter.net\/de\/wp-json\/wp\/v2\/media?parent=29832"}],"wp:term":[{"taxonomy":"product_brand","embeddable":true,"href":"https:\/\/test.audiocenter.net\/de\/wp-json\/wp\/v2\/product_brand?post=29832"},{"taxonomy":"product_cat","embeddable":true,"href":"https:\/\/test.audiocenter.net\/de\/wp-json\/wp\/v2\/product_cat?post=29832"},{"taxonomy":"product_tag","embeddable":true,"href":"https:\/\/test.audiocenter.net\/de\/wp-json\/wp\/v2\/product_tag?post=29832"}],"curies":[{"name":"wp","href":"https:\/\/api.w.org\/{rel}","templated":true}]}}