{"id":36168,"date":"2024-04-03T03:50:48","date_gmt":"2024-04-03T03:50:48","guid":{"rendered":"http:\/\/test.audiocenter.net\/user\/"},"modified":"2024-04-03T03:50:48","modified_gmt":"2024-04-03T03:50:48","slug":"user","status":"publish","type":"page","link":"https:\/\/test.audiocenter.net\/de\/user\/","title":{"rendered":"\u7528\u6237"},"content":{"rendered":"\n<div class=\"um um-profile um-36166 um-role- \">\n\n\t<div class=\"um-form\" data-mode=\"profile\">\n\n\t\t\n\t\t<div class=\"um-cover \"\n\t\t\t data-user_id=\"0\" data-ratio=\"2.7:1\">\n\n\t\t\t\n\t\t\t<div class=\"um-dropdown\" data-element=\"div.um-cover\" data-position=\"bc\" data-trigger=\"click\">\n\t\t\t\t<div class=\"um-dropdown-b\">\n\t\t\t\t\t<div class=\"um-dropdown-arr\"><i class=\"\"><\/i><\/div>\n\t\t\t\t\t<ul>\n\t\t\t\t\t\t\t\t\t\t\t\t\t<li><a href=\"javascript:void(0);\" class=\"um-manual-trigger\" data-parent=\".um-cover\" data-child=\".um-btn-auto-width\">Lade ein Titelbild hoch<\/a><\/li>\n\t\t\t\t\t\t\t\t\t\t\t\t\t<li><a href=\"javascript:void(0);\" class=\"um-dropdown-hide\">Abbruch<\/a><\/li>\n\t\t\t\t\t\t\t\t\t\t\t<\/ul>\n\t\t\t\t<\/div>\n\t\t\t<\/div>\n\n\t\t\t<div style=\"display: none !important;\"><div  id=\"um_field_36166_cover_photo\" class=\"um-field um-field-image  um-field-cover_photo um-field-image um-field-type_image\" data-key=\"cover_photo\" data-mode=\"\" data-upload-label=\"Hochladen\"><input type=\"hidden\" name=\"cover_photo\" id=\"cover_photo\" value=\"\"  aria-invalid=\"false\" \/><div class=\"um-field-label\"><label for=\"cover_photo\">\u00c4ndere dein Titelbild<\/label><div class=\"um-clear\"><\/div><\/div><div class=\"um-field-area\" style=\"text-align: center;\"><div class=\"um-single-image-preview crop\" data-crop=\"cover\" data-key=\"cover_photo\"><a href=\"javascript:void(0);\" class=\"cancel\"><i class=\"um-icon-close\"><\/i><\/a><img decoding=\"async\" class=\"fusion-lazyload-ignore\" src=\"\" alt=\"\" \/><div class=\"um-clear\"><\/div><\/div><a href=\"javascript:void(0);\" data-modal=\"um_upload_single\" data-modal-size=\"large\" data-modal-copy=\"1\" class=\"um-button um-btn-auto-width\">Hochladen<\/a><\/div><div class=\"um-modal-hidden-content\"><div class=\"um-modal-header\"> \u00c4ndere dein Titelbild<\/div><div class=\"um-modal-body\"><div class=\"um-single-image-preview crop\"  data-crop=\"cover\" data-ratio=\"2.7\" data-min_width=\"500\" data-min_height=\"\" data-coord=\"\"><a href=\"javascript:void(0);\" class=\"cancel\"><i class=\"um-icon-close\"><\/i><\/a><img decoding=\"async\" class=\"fusion-lazyload-ignore\" src=\"\" alt=\"\" \/><div class=\"um-clear\"><\/div><\/div><div class=\"um-clear\"><\/div><div class=\"um-single-image-upload\" data-user_id=\"\" data-nonce=\"ca5123cb8f\" data-timestamp=\"1776025100\"  data-set_id=\"36166\" data-set_mode=\"\" data-type=\"image\" data-key=\"cover_photo\" data-max_size=\"100\" data-max_size_error=\"Dieses Bild ist zu gro\u00df!\" data-min_size_error=\"Dieses Bild ist zu klein!\" data-extension_error=\"Leider ist dies keine g\u00fcltige Bilddatei.\"  data-allowed_types=\"gif,jpg,jpeg,png\" data-upload_text=\"Titelbild hier hochladen&lt;small class=&quot;um-max-filesize&quot;&gt;( max: &lt;span&gt;100&lt;\/span&gt; )&lt;\/small&gt;\" data-max_files_error=\"Du kannst nur ein Bild hochladen\" data-upload_help_text=\"\">Hochladen<\/div><div class=\"um-modal-footer\">\n\t\t\t\t\t\t\t\t\t<div class=\"um-modal-right\">\n\t\t\t\t\t\t\t\t\t\t<a href=\"javascript:void(0);\" class=\"um-modal-btn um-finish-upload image disabled\" data-key=\"cover_photo\" data-change=\"Bild \u00e4ndern\" data-processing=\"Wird verarbeitet\u00a0\u2026\">Anwenden<\/a>\n\t\t\t\t\t\t\t\t\t\t<a href=\"javascript:void(0);\" class=\"um-modal-btn alt\" data-action=\"um_remove_modal\"> Abbruch<\/a>\n\t\t\t\t\t\t\t\t\t<\/div>\n\t\t\t\t\t\t\t\t\t<div class=\"um-clear\"><\/div>\n\t\t\t\t\t\t\t\t<\/div><\/div><\/div><\/div><\/div>\n\t\t\t<div class=\"um-cover-e\" data-ratio=\"2.7:1\">\n\n\t\t\t\t\n\t\t\t\t\t\t<a href=\"javascript:void(0);\" class=\"um-cover-add\"><span class=\"um-cover-add-i\"><i\n\t\t\t\t\t\t\t\t\tclass=\"um-icon-plus um-tip-n\"\n\t\t\t\t\t\t\t\t\ttitle=\"Lade ein Titelbild hoch\"><\/i><\/span><\/a>\n\n\t\t\t\t\t\n\t\t\t<\/div>\n\n\t\t\t<span class=\"um-cover-overlay\">\n\t\t\t\t<span class=\"um-cover-overlay-s\">\n\t\t\t\t\t<ins>\n\t\t\t\t\t\t<i class=\"um-faicon-picture-o\"><\/i>\n\t\t\t\t\t\t<span class=\"um-cover-overlay-t\">\u00c4ndere dein Titelbild<\/span>\n\t\t\t\t\t<\/ins>\n\t\t\t\t<\/span>\n\t\t\t<\/span>\n\t\t<\/div>\n\n\t\t\n\t<div class=\"um-header\">\n\n\t\t\n\t\t<div class=\"um-profile-photo\" data-user_id=\"0\"  aria-invalid=\"false\" >\n\n\t\t\t<a href=\"\" class=\"um-profile-photo-img\" title=\"\">\n\t\t\t\t<span class=\"um-profile-photo-overlay\">\n\t\t\t<span class=\"um-profile-photo-overlay-s\">\n\t\t\t\t<ins>\n\t\t\t\t\t<i class=\"um-faicon-camera\"><\/i>\n\t\t\t\t<\/ins>\n\t\t\t<\/span>\n\t\t<\/span><img alt='' src='https:\/\/secure.gravatar.com\/avatar\/?s=190&#038;d=mm&#038;r=g' srcset='https:\/\/secure.gravatar.com\/avatar\/?s=380&#038;d=mm&#038;r=g 2x' class='avatar avatar-190 photo avatar-default' height='190' width='190' \/>\t\t\t<\/a>\n\n\t\t\t<div style=\"display: none !important;\"><div  id=\"um_field_36166_profile_photo\" class=\"um-field um-field-image  um-field-profile_photo um-field-image um-field-type_image\" data-key=\"profile_photo\" data-mode=\"\" data-upload-label=\"Hochladen\"><input type=\"hidden\" name=\"profile_photo\" id=\"profile_photo\" value=\"\"  aria-invalid=\"false\" \/><div class=\"um-field-label\"><label for=\"profile_photo\">\u00c4ndere dein Profilbild<\/label><div class=\"um-clear\"><\/div><\/div><div class=\"um-field-area\" style=\"text-align: center;\"><div class=\"um-single-image-preview crop\" data-crop=\"square\" data-key=\"profile_photo\"><a href=\"javascript:void(0);\" class=\"cancel\"><i class=\"um-icon-close\"><\/i><\/a><img decoding=\"async\" class=\"fusion-lazyload-ignore\" src=\"\" alt=\"\" \/><div class=\"um-clear\"><\/div><\/div><a href=\"javascript:void(0);\" data-modal=\"um_upload_single\" data-modal-size=\"normal\" data-modal-copy=\"1\" class=\"um-button um-btn-auto-width\">Hochladen<\/a><\/div><div class=\"um-modal-hidden-content\"><div class=\"um-modal-header\"> \u00c4ndere dein Profilbild<\/div><div class=\"um-modal-body\"><div class=\"um-single-image-preview crop\"  data-crop=\"square\" data-ratio=\"1\" data-min_width=\"190\" data-min_height=\"190\" data-coord=\"\"><a href=\"javascript:void(0);\" class=\"cancel\"><i class=\"um-icon-close\"><\/i><\/a><img decoding=\"async\" class=\"fusion-lazyload-ignore\" src=\"\" alt=\"\" \/><div class=\"um-clear\"><\/div><\/div><div class=\"um-clear\"><\/div><div class=\"um-single-image-upload\" data-user_id=\"\" data-nonce=\"ca5123cb8f\" data-timestamp=\"1776025100\"  data-set_id=\"36166\" data-set_mode=\"\" data-type=\"image\" data-key=\"profile_photo\" data-max_size=\"100\" data-max_size_error=\"Dieses Bild ist zu gro\u00df!\" data-min_size_error=\"Dieses Bild ist zu klein!\" data-extension_error=\"Leider ist dies keine g\u00fcltige Bilddatei.\"  data-allowed_types=\"gif,jpg,jpeg,png\" data-upload_text=\"Bild hier hochladen&lt;small class=&quot;um-max-filesize&quot;&gt;( max: &lt;span&gt;100&lt;\/span&gt; )&lt;\/small&gt;\" data-max_files_error=\"Du kannst nur ein Bild hochladen\" data-upload_help_text=\"\">Hochladen<\/div><div class=\"um-modal-footer\">\n\t\t\t\t\t\t\t\t\t<div class=\"um-modal-right\">\n\t\t\t\t\t\t\t\t\t\t<a href=\"javascript:void(0);\" class=\"um-modal-btn um-finish-upload image disabled\" data-key=\"profile_photo\" data-change=\"Bild \u00e4ndern\" data-processing=\"Wird verarbeitet\u00a0\u2026\">Anwenden<\/a>\n\t\t\t\t\t\t\t\t\t\t<a href=\"javascript:void(0);\" class=\"um-modal-btn alt\" data-action=\"um_remove_modal\"> Abbruch<\/a>\n\t\t\t\t\t\t\t\t\t<\/div>\n\t\t\t\t\t\t\t\t\t<div class=\"um-clear\"><\/div>\n\t\t\t\t\t\t\t\t<\/div><\/div><\/div><\/div><\/div>\n\t\t\t<div class=\"um-dropdown\" data-element=\"div.um-profile-photo\" data-position=\"bc\" data-trigger=\"click\">\n\t\t\t\t<div class=\"um-dropdown-b\">\n\t\t\t\t\t<div class=\"um-dropdown-arr\"><i class=\"\"><\/i><\/div>\n\t\t\t\t\t<ul>\n\t\t\t\t\t\t\t\t\t\t\t\t\t<li><a href=\"javascript:void(0);\" class=\"um-manual-trigger\" data-parent=\".um-profile-photo\" data-child=\".um-btn-auto-width\">Bild hochladen<\/a><\/li>\n\t\t\t\t\t\t\t\t\t\t\t\t\t<li><a href=\"javascript:void(0);\" class=\"um-dropdown-hide\">Abbruch<\/a><\/li>\n\t\t\t\t\t\t\t\t\t\t\t<\/ul>\n\t\t\t\t<\/div>\n\t\t\t<\/div>\n\n\t\t\t\n\t\t<\/div>\n\n\t\t<div class=\"um-profile-meta\">\n\n\t\t\t\n\t\t\t<div class=\"um-main-meta\">\n\n\t\t\t\t\t\t\t\t\t<div class=\"um-name\">\n\n\t\t\t\t\t\t<a href=\"\"\n\t\t\t\t\t\t   title=\"\"><\/a>\n\n\t\t\t\t\t\t\n\t\t\t\t\t<\/div>\n\t\t\t\t\n\t\t\t\t<div class=\"um-clear\"><\/div>\n\n\t\t\t\t\n\t\t\t<\/div>\n\n\t\t\t\n\t\t\t<div class=\"um-profile-status \">\n\t\t\t\t<span>\n\t\t\t\t\tDieser Benutzerkonto Status ist \t\t\t\t<\/span>\n\t\t\t<\/div>\n\n\t\t\t\t\t<\/div>\n\t\t<div class=\"um-clear\"><\/div>\n\n\t\t\n\t<\/div>\n\n\t\n\t\t<div class=\"um-profile-navbar \">\n\t\t\t\t\t\t<div class=\"um-clear\"><\/div>\n\t\t<\/div>\n\n\t\t\n\t\t\t<div class=\"um-profile-nav\">\n\n\t\t\t\t\n\t\t\t\t\t<div class=\"um-profile-nav-item um-profile-nav-main  active\">\n\t\t\t\t\t\t\t\t\t\t\t\t\t<a href=\"https:\/\/test.audiocenter.net\/de\/wp-json\/wp\/v2\/pages\/36168?profiletab=main\" class=\"uimob800-show uimob500-show uimob340-show um-tip-n\"\n\t\t\t\t\t\t\t   title=\"\u00dcber\" original-title=\"\u00dcber\" >\n\n\t\t\t\t\t\t\t\t<i class=\"um-faicon-user\"><\/i>\n\n\t\t\t\t\t\t\t\t\n\t\t\t\t\t\t\t\t<span class=\"uimob800-hide uimob500-hide uimob340-hide title\">\u00dcber<\/span>\n\t\t\t\t\t\t\t<\/a>\n\t\t\t\t\t\t\t<a href=\"https:\/\/test.audiocenter.net\/de\/wp-json\/wp\/v2\/pages\/36168?profiletab=main\" class=\"uimob800-hide uimob500-hide uimob340-hide\"\n\t\t\t\t\t\t\t   title=\"\u00dcber\" >\n\n\t\t\t\t\t\t\t\t<i class=\"um-faicon-user\"><\/i>\n\n\t\t\t\t\t\t\t\t\n\t\t\t\t\t\t\t\t<span class=\"title\">\u00dcber<\/span>\n\t\t\t\t\t\t\t<\/a>\n\t\t\t\t\t\t\t\t\t\t\t<\/div>\n\n\t\t\t\t\n\t\t\t\t\t<div class=\"um-profile-nav-item um-profile-nav-posts \">\n\t\t\t\t\t\t\t\t\t\t\t\t\t<a href=\"https:\/\/test.audiocenter.net\/de\/wp-json\/wp\/v2\/pages\/36168?profiletab=posts\" class=\"uimob800-show uimob500-show uimob340-show um-tip-n\"\n\t\t\t\t\t\t\t   title=\"Beitr\u00e4ge\" original-title=\"Beitr\u00e4ge\" >\n\n\t\t\t\t\t\t\t\t<i class=\"um-faicon-pencil\"><\/i>\n\n\t\t\t\t\t\t\t\t\n\t\t\t\t\t\t\t\t<span class=\"uimob800-hide uimob500-hide uimob340-hide title\">Beitr\u00e4ge<\/span>\n\t\t\t\t\t\t\t<\/a>\n\t\t\t\t\t\t\t<a href=\"https:\/\/test.audiocenter.net\/de\/wp-json\/wp\/v2\/pages\/36168?profiletab=posts\" class=\"uimob800-hide uimob500-hide uimob340-hide\"\n\t\t\t\t\t\t\t   title=\"Beitr\u00e4ge\" >\n\n\t\t\t\t\t\t\t\t<i class=\"um-faicon-pencil\"><\/i>\n\n\t\t\t\t\t\t\t\t\n\t\t\t\t\t\t\t\t<span class=\"title\">Beitr\u00e4ge<\/span>\n\t\t\t\t\t\t\t<\/a>\n\t\t\t\t\t\t\t\t\t\t\t<\/div>\n\n\t\t\t\t\n\t\t\t\t\t<div class=\"um-profile-nav-item um-profile-nav-comments \">\n\t\t\t\t\t\t\t\t\t\t\t\t\t<a href=\"https:\/\/test.audiocenter.net\/de\/wp-json\/wp\/v2\/pages\/36168?profiletab=comments\" class=\"uimob800-show uimob500-show uimob340-show um-tip-n\"\n\t\t\t\t\t\t\t   title=\"Kommentare\" original-title=\"Kommentare\" >\n\n\t\t\t\t\t\t\t\t<i class=\"um-faicon-comment\"><\/i>\n\n\t\t\t\t\t\t\t\t\n\t\t\t\t\t\t\t\t<span class=\"uimob800-hide uimob500-hide uimob340-hide title\">Kommentare<\/span>\n\t\t\t\t\t\t\t<\/a>\n\t\t\t\t\t\t\t<a href=\"https:\/\/test.audiocenter.net\/de\/wp-json\/wp\/v2\/pages\/36168?profiletab=comments\" class=\"uimob800-hide uimob500-hide uimob340-hide\"\n\t\t\t\t\t\t\t   title=\"Kommentare\" >\n\n\t\t\t\t\t\t\t\t<i class=\"um-faicon-comment\"><\/i>\n\n\t\t\t\t\t\t\t\t\n\t\t\t\t\t\t\t\t<span class=\"title\">Kommentare<\/span>\n\t\t\t\t\t\t\t<\/a>\n\t\t\t\t\t\t\t\t\t\t\t<\/div>\n\n\t\t\t\t\n\t\t\t\t<div class=\"um-clear\"><\/div>\n\n\t\t\t<\/div>\n\n\t\t\n\t\t\t\t<div class=\"um-profile-body main main-default\">\n\n\t\t\t\t\t<p class=\"um-profile-note\"><i class=\"um-faicon-frown-o\"><\/i><span>Dieser Benutzer hat noch keine Informationen zu seinem Profil hinzugef\u00fcgt.<\/span><\/p>\t\t<input type=\"hidden\" name=\"form_id\" id=\"form_id_36166\" value=\"36166\" \/>\n\t\n\t<p class=\"um_request_name\">\n\t\t<label for=\"um_request_36166\">Only fill in if you are not human<\/label>\n\t\t<input type=\"hidden\" name=\"um_request\" id=\"um_request_36166\" class=\"input\" value=\"\" size=\"25\" autocomplete=\"off\" \/>\n\t<\/p>\n\n\t\n\t\t\t\t\t<div class=\"clear\"><\/div>\n\t\t\t\t<\/div>\n\n\t\t\t\t<\/div>\n<\/div>\n<style>\n\t\t\t.um-36166.um {\n\t\t\tmax-width: 1000px;\n\t\t}\n\t\t<\/style>\n<style>\n\t\t\t.um-36166.um .um-profile-body {\n\t\t\tmax-width: 600px;\n\t\t}\n\t\t.um-36166.um .um-profile-photo a.um-profile-photo-img {\n\t\twidth: 190px;\n\t\theight: 190px;\n\t}\n\t.um-36166.um .um-profile-photo a.um-profile-photo-img {\n\t\ttop: -105px;\n\t}\n\t\t\t.um-36166.um .um-profile-meta {\n\t\t\tpadding-left: 250px;\n\t\t}\n\t<\/style>\n\n","protected":false},"excerpt":{"rendered":"<p>Lade ein Titelbild hoch Abbruch \u00c4ndere dein TitelbildHochladen \u00c4ndere dein TitelbildHochladen Anwenden Abbruch \u00c4ndere dein Titelbild \u00c4ndere dein ProfilbildHochladen \u00c4ndere dein ProfilbildHochladen Anwenden Abbruch Bild hochladen Abbruch Dieser Benutzerkonto Status ist \u00dcber \u00dcber Beitr\u00e4ge Beitr\u00e4ge Kommentare Kommentare Dieser Benutzer hat noch keine Informationen zu seinem Profil hinzugef\u00fcgt. Only fill in if you are not human<\/p>\n","protected":false},"author":1,"featured_media":0,"parent":0,"menu_order":0,"comment_status":"closed","ping_status":"closed","template":"","meta":{"footnotes":""},"class_list":["post-36168","page","type-page","status-publish","hentry","description-off"],"_links":{"self":[{"href":"https:\/\/test.audiocenter.net\/de\/wp-json\/wp\/v2\/pages\/36168","targetHints":{"allow":["GET"]}}],"collection":[{"href":"https:\/\/test.audiocenter.net\/de\/wp-json\/wp\/v2\/pages"}],"about":[{"href":"https:\/\/test.audiocenter.net\/de\/wp-json\/wp\/v2\/types\/page"}],"author":[{"embeddable":true,"href":"https:\/\/test.audiocenter.net\/de\/wp-json\/wp\/v2\/users\/1"}],"replies":[{"embeddable":true,"href":"https:\/\/test.audiocenter.net\/de\/wp-json\/wp\/v2\/comments?post=36168"}],"version-history":[{"count":0,"href":"https:\/\/test.audiocenter.net\/de\/wp-json\/wp\/v2\/pages\/36168\/revisions"}],"wp:attachment":[{"href":"https:\/\/test.audiocenter.net\/de\/wp-json\/wp\/v2\/media?parent=36168"}],"curies":[{"name":"wp","href":"https:\/\/api.w.org\/{rel}","templated":true}]}}