{"id":27230,"date":"2023-06-26T02:43:25","date_gmt":"2023-06-26T02:43:25","guid":{"rendered":"http:\/\/audiocenter.cc\/benutzerhandbuecher\/"},"modified":"2023-09-01T02:35:19","modified_gmt":"2023-09-01T02:35:19","slug":"benutzerhandbuecher","status":"publish","type":"page","link":"https:\/\/test.audiocenter.net\/de\/benutzerhandbuecher\/","title":{"rendered":"Benutzerhandb\u00fccher"},"content":{"rendered":"\t\t<div data-elementor-type=\"wp-page\" data-elementor-id=\"27230\" class=\"elementor elementor-27230 elementor-13672\" data-elementor-post-type=\"page\">\n\t\t\t\t\t\t<section class=\"elementor-section elementor-top-section elementor-element elementor-element-476ff6a elementor-section-height-min-height elementor-section-boxed elementor-section-height-default elementor-section-items-middle\" data-id=\"476ff6a\" data-element_type=\"section\" data-settings=\"{&quot;background_background&quot;:&quot;classic&quot;}\">\n\t\t\t\t\t\t\t<div class=\"elementor-background-overlay\"><\/div>\n\t\t\t\t\t\t\t<div class=\"elementor-container elementor-column-gap-default\">\n\t\t\t\t\t<div class=\"elementor-column elementor-col-100 elementor-top-column elementor-element elementor-element-e576df6\" data-id=\"e576df6\" data-element_type=\"column\">\n\t\t\t<div class=\"elementor-widget-wrap elementor-element-populated\">\n\t\t\t\t\t\t<div class=\"elementor-element elementor-element-ea04a49 elementor-widget elementor-widget-heading\" data-id=\"ea04a49\" data-element_type=\"widget\" data-widget_type=\"heading.default\">\n\t\t\t\t<div class=\"elementor-widget-container\">\n\t\t\t<h1 class=\"elementor-heading-title elementor-size-default\">Benutzerhandbuch<\/h1>\t\t<\/div>\n\t\t\t\t<\/div>\n\t\t\t\t<div class=\"elementor-element elementor-element-bd8a196 elementor-widget elementor-widget-spacer\" data-id=\"bd8a196\" data-element_type=\"widget\" data-widget_type=\"spacer.default\">\n\t\t\t\t<div class=\"elementor-widget-container\">\n\t\t\t\t\t<div class=\"elementor-spacer\">\n\t\t\t<div class=\"elementor-spacer-inner\"><\/div>\n\t\t<\/div>\n\t\t\t\t<\/div>\n\t\t\t\t<\/div>\n\t\t\t\t<div class=\"elementor-element elementor-element-c902ab3 elementor-widget elementor-widget-heading\" data-id=\"c902ab3\" data-element_type=\"widget\" data-widget_type=\"heading.default\">\n\t\t\t\t<div class=\"elementor-widget-container\">\n\t\t\t<h3 class=\"elementor-heading-title elementor-size-default\">N\u00fctzliche Ressourcen<\/h3>\t\t<\/div>\n\t\t\t\t<\/div>\n\t\t\t\t\t<\/div>\n\t\t<\/div>\n\t\t\t\t\t<\/div>\n\t\t<\/section>\n\t\t\t\t<section class=\"elementor-section elementor-top-section elementor-element elementor-element-7a37014 elementor-section-boxed elementor-section-height-default elementor-section-height-default\" data-id=\"7a37014\" data-element_type=\"section\">\n\t\t\t\t\t\t<div class=\"elementor-container elementor-column-gap-default\">\n\t\t\t\t\t<div class=\"elementor-column elementor-col-100 elementor-top-column elementor-element elementor-element-225fa09\" data-id=\"225fa09\" data-element_type=\"column\">\n\t\t\t<div class=\"elementor-widget-wrap elementor-element-populated\">\n\t\t\t\t\t\t<div class=\"elementor-element elementor-element-391364c elementor-widget elementor-widget-text-editor\" data-id=\"391364c\" data-element_type=\"widget\" data-widget_type=\"text-editor.default\">\n\t\t\t\t<div class=\"elementor-widget-container\">\n\t\t\t\t\t\t\t<p>Bitte freuen Sie sich auf Aktualisierungen.<\/p>\n\t\t\t\t\t\t<\/div>\n\t\t\t\t<\/div>\n\t\t\t\t\t<\/div>\n\t\t<\/div>\n\t\t\t\t\t<\/div>\n\t\t<\/section>\n\t\t\t\t<section class=\"elementor-section elementor-top-section elementor-element elementor-element-3fbd7d2 elementor-section-boxed elementor-section-height-default elementor-section-height-default\" data-id=\"3fbd7d2\" data-element_type=\"section\">\n\t\t\t\t\t\t<div class=\"elementor-container elementor-column-gap-default\">\n\t\t\t\t\t<div class=\"elementor-column elementor-col-100 elementor-top-column elementor-element elementor-element-c719f35\" data-id=\"c719f35\" data-element_type=\"column\">\n\t\t\t<div class=\"elementor-widget-wrap elementor-element-populated\">\n\t\t\t\t\t\t<div class=\"elementor-element elementor-element-9ec88ac elementor-tabs-view-horizontal elementor-widget elementor-widget-tabs\" data-id=\"9ec88ac\" data-element_type=\"widget\" data-widget_type=\"tabs.default\">\n\t\t\t\t<div class=\"elementor-widget-container\">\n\t\t\t\t\t<div class=\"elementor-tabs\">\n\t\t\t<div class=\"elementor-tabs-wrapper\" role=\"tablist\" >\n\t\t\t\t\t\t\t\t\t<div id=\"elementor-tab-title-1661\" class=\"elementor-tab-title elementor-tab-desktop-title\" aria-selected=\"true\" data-tab=\"1\" role=\"tab\" tabindex=\"0\" aria-controls=\"elementor-tab-content-1661\" aria-expanded=\"false\">Aktiv-Lautsprecher<\/div>\n\t\t\t\t\t\t\t\t\t<div id=\"elementor-tab-title-1662\" class=\"elementor-tab-title elementor-tab-desktop-title\" aria-selected=\"false\" data-tab=\"2\" role=\"tab\" tabindex=\"-1\" aria-controls=\"elementor-tab-content-1662\" aria-expanded=\"false\">Passiv-Lautsprecher<\/div>\n\t\t\t\t\t\t\t\t\t<div id=\"elementor-tab-title-1663\" class=\"elementor-tab-title elementor-tab-desktop-title\" aria-selected=\"false\" data-tab=\"3\" role=\"tab\" tabindex=\"-1\" aria-controls=\"elementor-tab-content-1663\" aria-expanded=\"false\">Verst\u00e4rker<\/div>\n\t\t\t\t\t\t\t\t\t<div id=\"elementor-tab-title-1664\" class=\"elementor-tab-title elementor-tab-desktop-title\" aria-selected=\"false\" data-tab=\"4\" role=\"tab\" tabindex=\"-1\" aria-controls=\"elementor-tab-content-1664\" aria-expanded=\"false\">Audio matrix &amp; Processor<\/div>\n\t\t\t\t\t\t\t\t\t<div id=\"elementor-tab-title-1665\" class=\"elementor-tab-title elementor-tab-desktop-title\" aria-selected=\"false\" data-tab=\"5\" role=\"tab\" tabindex=\"-1\" aria-controls=\"elementor-tab-content-1665\" aria-expanded=\"false\">Kommerzielle Audio-Systeml\u00f6sung<\/div>\n\t\t\t\t\t\t\t<\/div>\n\t\t\t<div class=\"elementor-tabs-content-wrapper\" role=\"tablist\" aria-orientation=\"vertical\">\n\t\t\t\t\t\t\t\t\t<div class=\"elementor-tab-title elementor-tab-mobile-title\" aria-selected=\"true\" data-tab=\"1\" role=\"tab\" tabindex=\"0\" aria-controls=\"elementor-tab-content-1661\" aria-expanded=\"false\">Aktiv-Lautsprecher<\/div>\n\t\t\t\t\t<div id=\"elementor-tab-content-1661\" class=\"elementor-tab-content elementor-clearfix\" data-tab=\"1\" role=\"tabpanel\" aria-labelledby=\"elementor-tab-title-1661\" tabindex=\"0\" hidden=\"false\"><ul>\n<li>AVANDA-Serie<\/li>\n<li>Baureihe K-LA-DSP<\/li>\n<li>K-LA12A<\/li>\n<li>K\u00fcnstler T45-DSP<\/li>\n<li>L MK2 Series Active Column System<\/li>\n<li>GT Aktiv-Serie<\/li>\n<li>Baureihe EA5<\/li>\n<li>Baureihe SA3<\/li>\n<li>MA-Reihe<\/li>\n<li>WM210-DSP<\/li>\n<li>WM3210A<\/li>\n<li>S3118A<\/li>\n<\/ul>\n<\/div>\n\t\t\t\t\t\t\t\t\t<div class=\"elementor-tab-title elementor-tab-mobile-title\" aria-selected=\"false\" data-tab=\"2\" role=\"tab\" tabindex=\"-1\" aria-controls=\"elementor-tab-content-1662\" aria-expanded=\"false\">Passiv-Lautsprecher<\/div>\n\t\t\t\t\t<div id=\"elementor-tab-content-1662\" class=\"elementor-tab-content elementor-clearfix\" data-tab=\"2\" role=\"tabpanel\" aria-labelledby=\"elementor-tab-title-1662\" tabindex=\"0\" hidden=\"hidden\"><ul>\n<li>Baureihe K-LA<\/li>\n<li>GT Passiv-Serie<\/li>\n<li>PF+ MKII Series<\/li>\n<\/ul>\n<\/div>\n\t\t\t\t\t\t\t\t\t<div class=\"elementor-tab-title elementor-tab-mobile-title\" aria-selected=\"false\" data-tab=\"3\" role=\"tab\" tabindex=\"-1\" aria-controls=\"elementor-tab-content-1663\" aria-expanded=\"false\">Verst\u00e4rker<\/div>\n\t\t\t\t\t<div id=\"elementor-tab-content-1663\" class=\"elementor-tab-content elementor-clearfix\" data-tab=\"3\" role=\"tabpanel\" aria-labelledby=\"elementor-tab-title-1663\" tabindex=\"0\" hidden=\"hidden\"><ul>\n<li>PRO-Reihe<\/li>\n<\/ul>\n<\/div>\n\t\t\t\t\t\t\t\t\t<div class=\"elementor-tab-title elementor-tab-mobile-title\" aria-selected=\"false\" data-tab=\"4\" role=\"tab\" tabindex=\"-1\" aria-controls=\"elementor-tab-content-1664\" aria-expanded=\"false\">Audio matrix &amp; Processor<\/div>\n\t\t\t\t\t<div id=\"elementor-tab-content-1664\" class=\"elementor-tab-content elementor-clearfix\" data-tab=\"4\" role=\"tabpanel\" aria-labelledby=\"elementor-tab-title-1664\" tabindex=\"0\" hidden=\"hidden\"><ul>\n<li>Artist T88D\/T88 Product catalogue<\/li>\n<li>BrainCore CU Product catalogue<\/li>\n<\/ul>\n<\/div>\n\t\t\t\t\t\t\t\t\t<div class=\"elementor-tab-title elementor-tab-mobile-title\" aria-selected=\"false\" data-tab=\"5\" role=\"tab\" tabindex=\"-1\" aria-controls=\"elementor-tab-content-1665\" aria-expanded=\"false\">Kommerzielle Audio-Systeml\u00f6sung<\/div>\n\t\t\t\t\t<div id=\"elementor-tab-content-1665\" class=\"elementor-tab-content elementor-clearfix\" data-tab=\"5\" role=\"tabpanel\" aria-labelledby=\"elementor-tab-title-1665\" tabindex=\"0\" hidden=\"hidden\"><ul>\n<li>Artist Commercial Audio System L\u00f6sung<\/li>\n<\/ul>\n<\/div>\n\t\t\t\t\t\t\t<\/div>\n\t\t<\/div>\n\t\t\t\t<\/div>\n\t\t\t\t<\/div>\n\t\t\t\t\t<\/div>\n\t\t<\/div>\n\t\t\t\t\t<\/div>\n\t\t<\/section>\n\t\t\t\t<\/div>\n\t\t","protected":false},"excerpt":{"rendered":"<p>Benutzerhandbuch N\u00fctzliche Ressourcen Bitte freuen Sie sich auf Aktualisierungen. Aktiv-Lautsprecher Passiv-Lautsprecher Verst\u00e4rker Audio matrix &amp; Processor Kommerzielle Audio-Systeml\u00f6sung Aktiv-Lautsprecher AVANDA-Serie Baureihe K-LA-DSP K-LA12A K\u00fcnstler T45-DSP L MK2 Series Active Column System GT Aktiv-Serie Baureihe EA5 Baureihe SA3 MA-Reihe WM210-DSP WM3210A S3118A Passiv-Lautsprecher Baureihe K-LA GT Passiv-Serie PF+ MKII Series Verst\u00e4rker PRO-Reihe Audio matrix &amp; Processor&hellip;<\/p>\n","protected":false},"author":1,"featured_media":0,"parent":0,"menu_order":0,"comment_status":"closed","ping_status":"closed","template":"elementor_header_footer","meta":{"footnotes":""},"class_list":["post-27230","page","type-page","status-publish","hentry"],"_links":{"self":[{"href":"https:\/\/test.audiocenter.net\/de\/wp-json\/wp\/v2\/pages\/27230","targetHints":{"allow":["GET"]}}],"collection":[{"href":"https:\/\/test.audiocenter.net\/de\/wp-json\/wp\/v2\/pages"}],"about":[{"href":"https:\/\/test.audiocenter.net\/de\/wp-json\/wp\/v2\/types\/page"}],"author":[{"embeddable":true,"href":"https:\/\/test.audiocenter.net\/de\/wp-json\/wp\/v2\/users\/1"}],"replies":[{"embeddable":true,"href":"https:\/\/test.audiocenter.net\/de\/wp-json\/wp\/v2\/comments?post=27230"}],"version-history":[{"count":1,"href":"https:\/\/test.audiocenter.net\/de\/wp-json\/wp\/v2\/pages\/27230\/revisions"}],"predecessor-version":[{"id":27231,"href":"https:\/\/test.audiocenter.net\/de\/wp-json\/wp\/v2\/pages\/27230\/revisions\/27231"}],"wp:attachment":[{"href":"https:\/\/test.audiocenter.net\/de\/wp-json\/wp\/v2\/media?parent=27230"}],"curies":[{"name":"wp","href":"https:\/\/api.w.org\/{rel}","templated":true}]}}