{"id":26983,"date":"2023-06-21T01:50:03","date_gmt":"2023-06-21T01:50:03","guid":{"rendered":"http:\/\/audiocenter.cc\/foerderung-der-marke\/"},"modified":"2023-10-18T11:16:15","modified_gmt":"2023-10-18T11:16:15","slug":"foerderung-der-marke","status":"publish","type":"page","link":"https:\/\/test.audiocenter.net\/de\/foerderung-der-marke\/","title":{"rendered":"F\u00f6rderung der Marke"},"content":{"rendered":"\t\t<div data-elementor-type=\"wp-page\" data-elementor-id=\"26983\" class=\"elementor elementor-26983 elementor-13607\" data-elementor-post-type=\"page\">\n\t\t\t\t\t\t<section class=\"elementor-section elementor-top-section elementor-element elementor-element-c40733a elementor-section-boxed elementor-section-height-default elementor-section-height-default\" data-id=\"c40733a\" data-element_type=\"section\">\n\t\t\t\t\t\t<div class=\"elementor-container elementor-column-gap-default\">\n\t\t\t\t\t<div class=\"elementor-column elementor-col-100 elementor-top-column elementor-element elementor-element-3811dd4\" data-id=\"3811dd4\" data-element_type=\"column\">\n\t\t\t<div class=\"elementor-widget-wrap elementor-element-populated\">\n\t\t\t\t\t\t<div class=\"elementor-element elementor-element-487b6d6 elementor-widget elementor-widget-spacer\" data-id=\"487b6d6\" data-element_type=\"widget\" data-widget_type=\"spacer.default\">\n\t\t\t\t<div class=\"elementor-widget-container\">\n\t\t\t\t\t<div class=\"elementor-spacer\">\n\t\t\t<div class=\"elementor-spacer-inner\"><\/div>\n\t\t<\/div>\n\t\t\t\t<\/div>\n\t\t\t\t<\/div>\n\t\t\t\t<section class=\"elementor-section elementor-inner-section elementor-element elementor-element-94a4f7c elementor-section-boxed elementor-section-height-default elementor-section-height-default\" data-id=\"94a4f7c\" data-element_type=\"section\">\n\t\t\t\t\t\t<div class=\"elementor-container elementor-column-gap-default\">\n\t\t\t\t\t<div class=\"elementor-column elementor-col-50 elementor-inner-column elementor-element elementor-element-80a512b\" data-id=\"80a512b\" data-element_type=\"column\">\n\t\t\t<div class=\"elementor-widget-wrap elementor-element-populated\">\n\t\t\t\t\t\t<div class=\"elementor-element elementor-element-6ce740f elementor-widget elementor-widget-heading\" data-id=\"6ce740f\" data-element_type=\"widget\" data-widget_type=\"heading.default\">\n\t\t\t\t<div class=\"elementor-widget-container\">\n\t\t\t<h2 class=\"elementor-heading-title elementor-size-default\">Globale Markenf\u00f6rderung<\/h2>\t\t<\/div>\n\t\t\t\t<\/div>\n\t\t\t\t<div class=\"elementor-element elementor-element-4135995 elementor-widget elementor-widget-spacer\" data-id=\"4135995\" data-element_type=\"widget\" data-widget_type=\"spacer.default\">\n\t\t\t\t<div class=\"elementor-widget-container\">\n\t\t\t\t\t<div class=\"elementor-spacer\">\n\t\t\t<div class=\"elementor-spacer-inner\"><\/div>\n\t\t<\/div>\n\t\t\t\t<\/div>\n\t\t\t\t<\/div>\n\t\t\t\t<div class=\"elementor-element elementor-element-45bf516 elementor-widget elementor-widget-heading\" data-id=\"45bf516\" data-element_type=\"widget\" data-widget_type=\"heading.default\">\n\t\t\t\t<div class=\"elementor-widget-container\">\n\t\t\t<h2 class=\"elementor-heading-title elementor-size-medium\">AUDIOCENTER betrachtet die Produkte als Kernst\u00fcck, den technischen Support und Service als unterst\u00fctzende Punkte f\u00fcr die globale Markenf\u00f6rderung. \n <\/h2>\t\t<\/div>\n\t\t\t\t<\/div>\n\t\t\t\t<div class=\"elementor-element elementor-element-88faa49 elementor-widget elementor-widget-spacer\" data-id=\"88faa49\" data-element_type=\"widget\" data-widget_type=\"spacer.default\">\n\t\t\t\t<div class=\"elementor-widget-container\">\n\t\t\t\t\t<div class=\"elementor-spacer\">\n\t\t\t<div class=\"elementor-spacer-inner\"><\/div>\n\t\t<\/div>\n\t\t\t\t<\/div>\n\t\t\t\t<\/div>\n\t\t\t\t<div class=\"elementor-element elementor-element-9d39b79 elementor-widget elementor-widget-text-editor\" data-id=\"9d39b79\" data-element_type=\"widget\" data-widget_type=\"text-editor.default\">\n\t\t\t\t<div class=\"elementor-widget-container\">\n\t\t\t\t\t\t\t<ul>\n<li>AUDIOCENTER hat den Weltmarkt in 5 Regionen aufgeteilt, um die Marke weltweit zu f\u00f6rdern. In Europa hat AUDIOCENTER eine Zweigstelle mit TRIUS gegr\u00fcndet, die haupts\u00e4chlich f\u00fcr Forschung und Entwicklung sowie technischen Support zust\u00e4ndig ist. In Amerika, Indien und S\u00fcdafrika. In China hat AUDIOCENTER eine Produktionsbasis in Guangzhou eingerichtet. ein globales Designzentrum in Peking und ein internationales Erfahrungszentrum in Shanghai.    <\/li>\n<li>AUDIOCENTER hat ein internationales Vertriebs- und Marketingteam sowie ein technisches Supportteam eingerichtet und einige erfahrene Fachleute vor Ort ernannt, um die Kommunikation mit den Kunden zu erleichtern und bessere Dienstleistungen anzubieten.<\/li>\n<li>AUDIOCENTER hat auf der ganzen Welt Vertriebsstellen eingerichtet und viele verschiedene M\u00e4rkte bearbeitet.<\/li>\n<li>AUDIOCENTER nimmt an Ausstellungen, Seminaren und Roadshows in der ganzen Welt teil.<\/li>\n<\/ul>\n\t\t\t\t\t\t<\/div>\n\t\t\t\t<\/div>\n\t\t\t\t\t<\/div>\n\t\t<\/div>\n\t\t\t\t<div class=\"elementor-column elementor-col-50 elementor-inner-column elementor-element elementor-element-b941b66\" data-id=\"b941b66\" data-element_type=\"column\">\n\t\t\t<div class=\"elementor-widget-wrap elementor-element-populated\">\n\t\t\t\t\t\t<div class=\"elementor-element elementor-element-6a92dc9 elementor-widget elementor-widget-image\" data-id=\"6a92dc9\" data-element_type=\"widget\" data-widget_type=\"image.default\">\n\t\t\t\t<div class=\"elementor-widget-container\">\n\t\t\t\t\t\t\t\t\t\t\t\t\t<img fetchpriority=\"high\" decoding=\"async\" width=\"623\" height=\"400\" src=\"https:\/\/test.audiocenter.net\/wp-content\/uploads\/2023\/08\/R-C.png\" class=\"attachment-large size-large wp-image-20350\" alt=\"\" srcset=\"https:\/\/test.audiocenter.net\/wp-content\/uploads\/2023\/08\/R-C.png 623w, https:\/\/test.audiocenter.net\/wp-content\/uploads\/2023\/08\/R-C-300x193.png 300w\" sizes=\"(max-width: 623px) 100vw, 623px\" \/>\t\t\t\t\t\t\t\t\t\t\t\t\t<\/div>\n\t\t\t\t<\/div>\n\t\t\t\t\t<\/div>\n\t\t<\/div>\n\t\t\t\t\t<\/div>\n\t\t<\/section>\n\t\t\t\t<div class=\"elementor-element elementor-element-7ec5eb5 elementor-widget elementor-widget-spacer\" data-id=\"7ec5eb5\" data-element_type=\"widget\" data-widget_type=\"spacer.default\">\n\t\t\t\t<div class=\"elementor-widget-container\">\n\t\t\t\t\t<div class=\"elementor-spacer\">\n\t\t\t<div class=\"elementor-spacer-inner\"><\/div>\n\t\t<\/div>\n\t\t\t\t<\/div>\n\t\t\t\t<\/div>\n\t\t\t\t\t<\/div>\n\t\t<\/div>\n\t\t\t\t\t<\/div>\n\t\t<\/section>\n\t\t\t\t<section class=\"elementor-section elementor-top-section elementor-element elementor-element-b91b1cb elementor-section-boxed elementor-section-height-default elementor-section-height-default\" data-id=\"b91b1cb\" data-element_type=\"section\">\n\t\t\t\t\t\t<div class=\"elementor-container elementor-column-gap-default\">\n\t\t\t\t\t<div class=\"elementor-column elementor-col-100 elementor-top-column elementor-element elementor-element-86275cc\" data-id=\"86275cc\" data-element_type=\"column\">\n\t\t\t<div class=\"elementor-widget-wrap elementor-element-populated\">\n\t\t\t\t\t\t<section class=\"elementor-section elementor-inner-section elementor-element elementor-element-ddfc949 elementor-section-full_width elementor-section-height-default elementor-section-height-default elementor-invisible\" data-id=\"ddfc949\" data-element_type=\"section\" data-settings=\"{&quot;animation&quot;:&quot;fadeIn&quot;}\">\n\t\t\t\t\t\t<div class=\"elementor-container elementor-column-gap-wider\">\n\t\t\t\t\t<div class=\"elementor-column elementor-col-33 elementor-inner-column elementor-element elementor-element-d32eced\" data-id=\"d32eced\" data-element_type=\"column\">\n\t\t\t<div class=\"elementor-widget-wrap elementor-element-populated\">\n\t\t\t\t\t\t<div class=\"elementor-element elementor-element-d743d3b elementor-invisible elementor-widget elementor-widget-image\" data-id=\"d743d3b\" data-element_type=\"widget\" data-settings=\"{&quot;_animation&quot;:&quot;zoomIn&quot;}\" data-widget_type=\"image.default\">\n\t\t\t\t<div class=\"elementor-widget-container\">\n\t\t\t\t\t\t\t\t\t\t\t\t\t<img decoding=\"async\" width=\"680\" height=\"468\" src=\"https:\/\/test.audiocenter.net\/wp-content\/uploads\/2023\/06\/20180814162757_590.jpg\" class=\"attachment-medium_large size-medium_large wp-image-13782\" alt=\"\" srcset=\"https:\/\/test.audiocenter.net\/wp-content\/uploads\/2023\/06\/20180814162757_590.jpg 680w, https:\/\/test.audiocenter.net\/wp-content\/uploads\/2023\/06\/20180814162757_590-300x206.jpg 300w\" sizes=\"(max-width: 680px) 100vw, 680px\" \/>\t\t\t\t\t\t\t\t\t\t\t\t\t<\/div>\n\t\t\t\t<\/div>\n\t\t\t\t\t<\/div>\n\t\t<\/div>\n\t\t\t\t<div class=\"elementor-column elementor-col-33 elementor-inner-column elementor-element elementor-element-3335b86\" data-id=\"3335b86\" data-element_type=\"column\">\n\t\t\t<div class=\"elementor-widget-wrap elementor-element-populated\">\n\t\t\t\t\t\t<div class=\"elementor-element elementor-element-0b86fdd elementor-widget__width-initial elementor-invisible elementor-widget elementor-widget-image\" data-id=\"0b86fdd\" data-element_type=\"widget\" data-settings=\"{&quot;_animation&quot;:&quot;zoomIn&quot;}\" data-widget_type=\"image.default\">\n\t\t\t\t<div class=\"elementor-widget-container\">\n\t\t\t\t\t\t\t\t\t\t\t\t\t<img decoding=\"async\" width=\"2560\" height=\"1920\" src=\"https:\/\/test.audiocenter.net\/wp-content\/uploads\/2023\/08\/2023ise-4-scaled.jpg\" class=\"attachment-full size-full wp-image-25020\" alt=\"\" srcset=\"https:\/\/test.audiocenter.net\/wp-content\/uploads\/2023\/08\/2023ise-4-scaled.jpg 2560w, https:\/\/test.audiocenter.net\/wp-content\/uploads\/2023\/08\/2023ise-4-scaled-1000x750.jpg 1000w, https:\/\/test.audiocenter.net\/wp-content\/uploads\/2023\/08\/2023ise-4-300x225.jpg 300w, https:\/\/test.audiocenter.net\/wp-content\/uploads\/2023\/08\/2023ise-4-1024x768.jpg 1024w, https:\/\/test.audiocenter.net\/wp-content\/uploads\/2023\/08\/2023ise-4-768x576.jpg 768w, https:\/\/test.audiocenter.net\/wp-content\/uploads\/2023\/08\/2023ise-4-1536x1152.jpg 1536w, https:\/\/test.audiocenter.net\/wp-content\/uploads\/2023\/08\/2023ise-4-2048x1536.jpg 2048w\" sizes=\"(max-width: 2560px) 100vw, 2560px\" \/>\t\t\t\t\t\t\t\t\t\t\t\t\t<\/div>\n\t\t\t\t<\/div>\n\t\t\t\t\t<\/div>\n\t\t<\/div>\n\t\t\t\t<div class=\"elementor-column elementor-col-33 elementor-inner-column elementor-element elementor-element-cf603fe\" data-id=\"cf603fe\" data-element_type=\"column\">\n\t\t\t<div class=\"elementor-widget-wrap elementor-element-populated\">\n\t\t\t\t\t\t<div class=\"elementor-element elementor-element-0399b98 elementor-invisible elementor-widget elementor-widget-image\" data-id=\"0399b98\" data-element_type=\"widget\" data-settings=\"{&quot;_animation&quot;:&quot;zoomIn&quot;}\" data-widget_type=\"image.default\">\n\t\t\t\t<div class=\"elementor-widget-container\">\n\t\t\t\t\t\t\t\t\t\t\t\t\t<img loading=\"lazy\" decoding=\"async\" width=\"1080\" height=\"720\" src=\"https:\/\/test.audiocenter.net\/wp-content\/uploads\/2023\/08\/2023-guangzhou.webp\" class=\"attachment-full size-full wp-image-25452\" alt=\"\" srcset=\"https:\/\/test.audiocenter.net\/wp-content\/uploads\/2023\/08\/2023-guangzhou.webp 1080w, https:\/\/test.audiocenter.net\/wp-content\/uploads\/2023\/08\/2023-guangzhou-1000x667.webp 1000w, https:\/\/test.audiocenter.net\/wp-content\/uploads\/2023\/08\/2023-guangzhou-300x200.webp 300w, https:\/\/test.audiocenter.net\/wp-content\/uploads\/2023\/08\/2023-guangzhou-1024x683.webp 1024w, https:\/\/test.audiocenter.net\/wp-content\/uploads\/2023\/08\/2023-guangzhou-768x512.webp 768w\" sizes=\"(max-width: 1080px) 100vw, 1080px\" \/>\t\t\t\t\t\t\t\t\t\t\t\t\t<\/div>\n\t\t\t\t<\/div>\n\t\t\t\t\t<\/div>\n\t\t<\/div>\n\t\t\t\t\t<\/div>\n\t\t<\/section>\n\t\t\t\t\t<\/div>\n\t\t<\/div>\n\t\t\t\t\t<\/div>\n\t\t<\/section>\n\t\t\t\t<section class=\"elementor-section elementor-top-section elementor-element elementor-element-0ea7af8 elementor-section-boxed elementor-section-height-default elementor-section-height-default\" data-id=\"0ea7af8\" data-element_type=\"section\">\n\t\t\t\t\t\t<div class=\"elementor-container elementor-column-gap-default\">\n\t\t\t\t\t<div class=\"elementor-column elementor-col-100 elementor-top-column elementor-element elementor-element-518456b\" data-id=\"518456b\" data-element_type=\"column\">\n\t\t\t<div class=\"elementor-widget-wrap elementor-element-populated\">\n\t\t\t\t\t\t<section class=\"elementor-section elementor-inner-section elementor-element elementor-element-3c60e61 elementor-section-full_width elementor-section-height-default elementor-section-height-default elementor-invisible\" data-id=\"3c60e61\" data-element_type=\"section\" data-settings=\"{&quot;animation&quot;:&quot;fadeIn&quot;}\">\n\t\t\t\t\t\t<div class=\"elementor-container elementor-column-gap-wider\">\n\t\t\t\t\t<div class=\"elementor-column elementor-col-33 elementor-inner-column elementor-element elementor-element-74b7418\" data-id=\"74b7418\" data-element_type=\"column\">\n\t\t\t<div class=\"elementor-widget-wrap elementor-element-populated\">\n\t\t\t\t\t\t<div class=\"elementor-element elementor-element-794e686 elementor-invisible elementor-widget elementor-widget-image\" data-id=\"794e686\" data-element_type=\"widget\" data-settings=\"{&quot;_animation&quot;:&quot;zoomIn&quot;}\" data-widget_type=\"image.default\">\n\t\t\t\t<div class=\"elementor-widget-container\">\n\t\t\t\t\t\t\t\t\t\t\t\t\t<img decoding=\"async\" src=\"https:\/\/test.audiocenter.net\/wp-content\/uploads\/2023\/08\/-scaled-e1692407698646.jpg\" title=\"\u5357\u975e\" alt=\"\u5357\u975e\" loading=\"lazy\" \/>\t\t\t\t\t\t\t\t\t\t\t\t\t<\/div>\n\t\t\t\t<\/div>\n\t\t\t\t\t<\/div>\n\t\t<\/div>\n\t\t\t\t<div class=\"elementor-column elementor-col-33 elementor-inner-column elementor-element elementor-element-77c4daf\" data-id=\"77c4daf\" data-element_type=\"column\">\n\t\t\t<div class=\"elementor-widget-wrap elementor-element-populated\">\n\t\t\t\t\t\t<div class=\"elementor-element elementor-element-82b3031 elementor-invisible elementor-widget elementor-widget-image\" data-id=\"82b3031\" data-element_type=\"widget\" data-settings=\"{&quot;_animation&quot;:&quot;zoomIn&quot;}\" data-widget_type=\"image.default\">\n\t\t\t\t<div class=\"elementor-widget-container\">\n\t\t\t\t\t\t\t\t\t\t\t\t\t<img loading=\"lazy\" decoding=\"async\" width=\"1542\" height=\"1032\" src=\"https:\/\/test.audiocenter.net\/wp-content\/uploads\/2023\/04\/777.jpg\" class=\"attachment-full size-full wp-image-11574\" alt=\"\" srcset=\"https:\/\/test.audiocenter.net\/wp-content\/uploads\/2023\/04\/777.jpg 1542w, https:\/\/test.audiocenter.net\/wp-content\/uploads\/2023\/04\/777-1000x669.jpg 1000w, https:\/\/test.audiocenter.net\/wp-content\/uploads\/2023\/04\/777-300x201.jpg 300w, https:\/\/test.audiocenter.net\/wp-content\/uploads\/2023\/04\/777-1024x685.jpg 1024w, https:\/\/test.audiocenter.net\/wp-content\/uploads\/2023\/04\/777-768x514.jpg 768w, https:\/\/test.audiocenter.net\/wp-content\/uploads\/2023\/04\/777-1536x1028.jpg 1536w\" sizes=\"(max-width: 1542px) 100vw, 1542px\" \/>\t\t\t\t\t\t\t\t\t\t\t\t\t<\/div>\n\t\t\t\t<\/div>\n\t\t\t\t\t<\/div>\n\t\t<\/div>\n\t\t\t\t<div class=\"elementor-column elementor-col-33 elementor-inner-column elementor-element elementor-element-077b1de\" data-id=\"077b1de\" data-element_type=\"column\">\n\t\t\t<div class=\"elementor-widget-wrap elementor-element-populated\">\n\t\t\t\t\t\t<div class=\"elementor-element elementor-element-4661f18 elementor-invisible elementor-widget elementor-widget-image\" data-id=\"4661f18\" data-element_type=\"widget\" data-settings=\"{&quot;_animation&quot;:&quot;zoomIn&quot;}\" data-widget_type=\"image.default\">\n\t\t\t\t<div class=\"elementor-widget-container\">\n\t\t\t\t\t\t\t\t\t\t\t\t\t<img loading=\"lazy\" decoding=\"async\" width=\"768\" height=\"512\" src=\"https:\/\/test.audiocenter.net\/wp-content\/uploads\/2023\/08\/32-768x512.jpg\" class=\"attachment-medium_large size-medium_large wp-image-25008\" alt=\"\" srcset=\"https:\/\/test.audiocenter.net\/wp-content\/uploads\/2023\/08\/32-768x512.jpg 768w, https:\/\/test.audiocenter.net\/wp-content\/uploads\/2023\/08\/32-1000x667.jpg 1000w, https:\/\/test.audiocenter.net\/wp-content\/uploads\/2023\/08\/32-300x200.jpg 300w, https:\/\/test.audiocenter.net\/wp-content\/uploads\/2023\/08\/32-1024x683.jpg 1024w, https:\/\/test.audiocenter.net\/wp-content\/uploads\/2023\/08\/32.jpg 1080w\" sizes=\"(max-width: 768px) 100vw, 768px\" \/>\t\t\t\t\t\t\t\t\t\t\t\t\t<\/div>\n\t\t\t\t<\/div>\n\t\t\t\t\t<\/div>\n\t\t<\/div>\n\t\t\t\t\t<\/div>\n\t\t<\/section>\n\t\t\t\t<div class=\"elementor-element elementor-element-36a643b elementor-widget elementor-widget-spacer\" data-id=\"36a643b\" data-element_type=\"widget\" data-widget_type=\"spacer.default\">\n\t\t\t\t<div class=\"elementor-widget-container\">\n\t\t\t\t\t<div class=\"elementor-spacer\">\n\t\t\t<div class=\"elementor-spacer-inner\"><\/div>\n\t\t<\/div>\n\t\t\t\t<\/div>\n\t\t\t\t<\/div>\n\t\t\t\t\t<\/div>\n\t\t<\/div>\n\t\t\t\t\t<\/div>\n\t\t<\/section>\n\t\t\t\t<\/div>\n\t\t","protected":false},"excerpt":{"rendered":"<p>Globale Markenf\u00f6rderung AUDIOCENTER betrachtet die Produkte als Kernst\u00fcck, den technischen Support und Service als unterst\u00fctzende Punkte f\u00fcr die globale Markenf\u00f6rderung. AUDIOCENTER hat den Weltmarkt in 5 Regionen aufgeteilt, um die Marke weltweit zu f\u00f6rdern. In Europa hat AUDIOCENTER eine Zweigstelle mit TRIUS gegr\u00fcndet, die haupts\u00e4chlich f\u00fcr Forschung und Entwicklung sowie technischen Support zust\u00e4ndig ist. In&hellip;<\/p>\n","protected":false},"author":1,"featured_media":0,"parent":0,"menu_order":0,"comment_status":"closed","ping_status":"closed","template":"elementor_header_footer","meta":{"footnotes":""},"class_list":["post-26983","page","type-page","status-publish","hentry"],"_links":{"self":[{"href":"https:\/\/test.audiocenter.net\/de\/wp-json\/wp\/v2\/pages\/26983","targetHints":{"allow":["GET"]}}],"collection":[{"href":"https:\/\/test.audiocenter.net\/de\/wp-json\/wp\/v2\/pages"}],"about":[{"href":"https:\/\/test.audiocenter.net\/de\/wp-json\/wp\/v2\/types\/page"}],"author":[{"embeddable":true,"href":"https:\/\/test.audiocenter.net\/de\/wp-json\/wp\/v2\/users\/1"}],"replies":[{"embeddable":true,"href":"https:\/\/test.audiocenter.net\/de\/wp-json\/wp\/v2\/comments?post=26983"}],"version-history":[{"count":3,"href":"https:\/\/test.audiocenter.net\/de\/wp-json\/wp\/v2\/pages\/26983\/revisions"}],"predecessor-version":[{"id":31813,"href":"https:\/\/test.audiocenter.net\/de\/wp-json\/wp\/v2\/pages\/26983\/revisions\/31813"}],"wp:attachment":[{"href":"https:\/\/test.audiocenter.net\/de\/wp-json\/wp\/v2\/media?parent=26983"}],"curies":[{"name":"wp","href":"https:\/\/api.w.org\/{rel}","templated":true}]}}